{"id":5,"date":"2015-10-28T23:02:07","date_gmt":"2015-10-28T23:02:07","guid":{"rendered":"https:\/\/thecirkl.app\/?page_id=5"},"modified":"2025-02-17T09:08:12","modified_gmt":"2025-02-17T09:08:12","slug":"homepage","status":"publish","type":"page","link":"https:\/\/thecirkl.app\/sv\/","title":{"rendered":"Cirkl &#8211; Familjeappen"},"content":{"rendered":"<div class=\"fusion-fullwidth fullwidth-box fusion-builder-row-1 fusion-flex-container has-pattern-background has-mask-background hundred-percent-fullwidth non-hundred-percent-height-scrolling fusion-no-small-visibility\" style=\"--awb-border-radius-top-left:0px;--awb-border-radius-top-right:0px;--awb-border-radius-bottom-right:0px;--awb-border-radius-bottom-left:0px;--awb-padding-top:0px;--awb-padding-right:0px;--awb-padding-bottom:0px;--awb-padding-left:0px;--awb-margin-bottom:0px;--awb-flex-wrap:wrap;\" ><div class=\"fusion-builder-row fusion-row fusion-flex-align-items-flex-start fusion-flex-content-wrap\" style=\"width:104% !important;max-width:104% !important;margin-left: calc(-4% \/ 2 );margin-right: calc(-4% \/ 2 );\"><div class=\"fusion-layout-column fusion_builder_column fusion-builder-column-0 fusion_builder_column_1_1 1_1 fusion-flex-column\" style=\"--awb-bg-size:cover;--awb-width-large:100%;--awb-margin-top-large:0px;--awb-spacing-right-large:1.92%;--awb-margin-bottom-large:0px;--awb-spacing-left-large:1.92%;--awb-width-medium:100%;--awb-order-medium:0;--awb-spacing-right-medium:1.92%;--awb-spacing-left-medium:1.92%;--awb-width-small:100%;--awb-order-small:0;--awb-spacing-right-small:1.92%;--awb-spacing-left-small:1.92%;\"><div class=\"fusion-column-wrapper fusion-column-has-shadow fusion-flex-justify-content-flex-start fusion-content-layout-column\"><div class=\"fusion-text fusion-text-1\"><p style=\"text-align: center;\">The Cirkl.<\/p>\n<\/div><div class=\"fusion-text fusion-text-2\"><p style=\"text-align: center;\"><strong><span class=\"markfaoyh9la8\" data-markjs=\"true\" data-ogac=\"\" data-ogab=\"\" data-ogsc=\"\" data-ogsb=\"\">Cirkl l\u00e4ggs ned<\/span><\/strong><\/p>\n<p style=\"text-align: center;\"><span class=\"markwnqgv1qfd\" data-markjs=\"true\" data-ogac=\"\" data-ogab=\"\" data-ogsc=\"\" data-ogsb=\"\" data-olk-copy-source=\"MessageBody\">Cirkl<\/span>-appen kommer att vara tillg\u00e4nglig fram till\u00a0<strong>2025-03-31<\/strong>. Vi uppmanar er att s\u00e4kra eventuell information ni vill bevara fr\u00e5n appen innan detta datum.<\/p>\n<p style=\"text-align: center;\">All data kommer att\u00a0<strong>raderas\u00a0<\/strong>efter\u00a0<strong>2025-03-31<\/strong>.<\/p>\n<p style=\"text-align: center;\">Om ni har en \u00e5rsprenumeration som str\u00e4cker sig l\u00e4ngre \u00e4n s\u00e5 kan ni kontakta oss f\u00f6r att f\u00e5 instruktioner kring hur ni kan beg\u00e4ra \u00e5terbetalning fr\u00e5n Apple eller Google.<\/p>\n<div style=\"text-align: center;\"><\/div>\n<div style=\"text-align: center;\"><span data-olk-copy-source=\"MessageBody\">Vi \u00e4r djupt tacksamma f\u00f6r ert st\u00f6d och f\u00f6rtroende under dessa \u00e5r. Att se hur ni anv\u00e4nt\u00a0<span class=\"markwnqgv1qfd\" data-markjs=\"true\" data-ogac=\"\" data-ogab=\"\" data-ogsc=\"\" data-ogsb=\"\">Cirkl<\/span>\u00a0har varit en inspiration och motivation f\u00f6r oss att forts\u00e4tta fram till idag.<\/span><\/div>\n<div><\/div>\n<div style=\"text-align: center;\">Fr\u00e5n hela v\u00e5rt team och familj: Tack f\u00f6r att ni har varit en del av\u00a0<span class=\"markwnqgv1qfd\" data-markjs=\"true\" data-ogac=\"\" data-ogab=\"\" data-ogsc=\"\" data-ogsb=\"\">Cirkl<\/span>!<\/div>\n<div><\/div>\n<div style=\"text-align: center;\">Team\u00a0<span class=\"markwnqgv1qfd\" data-markjs=\"true\" data-ogac=\"\" data-ogab=\"\" data-ogsc=\"\" data-ogsb=\"\">Cirkl<\/span><\/div>\n<\/div><\/div><\/div><\/div><\/div>\n","protected":false},"excerpt":{"rendered":"","protected":false},"author":1,"featured_media":0,"parent":0,"menu_order":0,"comment_status":"closed","ping_status":"closed","template":"100-width.php","meta":{"footnotes":""},"class_list":["post-5","page","type-page","status-publish","hentry"],"aioseo_notices":[],"_links":{"self":[{"href":"https:\/\/thecirkl.app\/sv\/wp-json\/wp\/v2\/pages\/5","targetHints":{"allow":["GET"]}}],"collection":[{"href":"https:\/\/thecirkl.app\/sv\/wp-json\/wp\/v2\/pages"}],"about":[{"href":"https:\/\/thecirkl.app\/sv\/wp-json\/wp\/v2\/types\/page"}],"author":[{"embeddable":true,"href":"https:\/\/thecirkl.app\/sv\/wp-json\/wp\/v2\/users\/1"}],"replies":[{"embeddable":true,"href":"https:\/\/thecirkl.app\/sv\/wp-json\/wp\/v2\/comments?post=5"}],"version-history":[{"count":491,"href":"https:\/\/thecirkl.app\/sv\/wp-json\/wp\/v2\/pages\/5\/revisions"}],"predecessor-version":[{"id":5477,"href":"https:\/\/thecirkl.app\/sv\/wp-json\/wp\/v2\/pages\/5\/revisions\/5477"}],"wp:attachment":[{"href":"https:\/\/thecirkl.app\/sv\/wp-json\/wp\/v2\/media?parent=5"}],"curies":[{"name":"wp","href":"https:\/\/api.w.org\/{rel}","templated":true}]}}