{"id":4881,"date":"2023-11-02T13:08:21","date_gmt":"2023-11-02T13:08:21","guid":{"rendered":"https:\/\/thecirkl.app\/?page_id=4881"},"modified":"2023-11-02T13:12:56","modified_gmt":"2023-11-02T13:12:56","slug":"maltidsplanering","status":"publish","type":"page","link":"https:\/\/thecirkl.app\/sv\/get-started\/maltidsplanering\/","title":{"rendered":"M\u00e5ltidsplanering"},"content":{"rendered":"<div class=\"fusion-fullwidth fullwidth-box fusion-builder-row-1 fusion-flex-container nonhundred-percent-fullwidth non-hundred-percent-height-scrolling\" style=\"--awb-border-radius-top-left:0px;--awb-border-radius-top-right:0px;--awb-border-radius-bottom-right:0px;--awb-border-radius-bottom-left:0px;--awb-flex-wrap:wrap;\" ><div class=\"fusion-builder-row fusion-row fusion-flex-align-items-flex-start fusion-flex-content-wrap\" style=\"max-width:1216.8px;margin-left: calc(-4% \/ 2 );margin-right: calc(-4% \/ 2 );\"><div class=\"fusion-layout-column fusion_builder_column fusion-builder-column-0 fusion_builder_column_1_1 1_1 fusion-flex-column\" style=\"--awb-bg-size:cover;--awb-width-large:100%;--awb-margin-top-large:0px;--awb-spacing-right-large:1.92%;--awb-margin-bottom-large:0px;--awb-spacing-left-large:1.92%;--awb-width-medium:100%;--awb-order-medium:0;--awb-spacing-right-medium:1.92%;--awb-spacing-left-medium:1.92%;--awb-width-small:100%;--awb-order-small:0;--awb-spacing-right-small:1.92%;--awb-spacing-left-small:1.92%;\"><div class=\"fusion-column-wrapper fusion-column-has-shadow fusion-flex-justify-content-flex-start fusion-content-layout-column\"><div class=\"fusion-title title fusion-title-1 fusion-sep-none fusion-title-text fusion-title-size-two\" style=\"--awb-margin-top:20px;--awb-margin-bottom:10px;\"><h2 class=\"fusion-title-heading title-heading-left fusion-responsive-typography-calculated\" style=\"font-family:&quot;Nunito&quot;;font-style:normal;font-weight:400;margin:0;--fontSize:36;line-height:1.2;\">M\u00e5ltidsplanering<\/h2><\/div><div class=\"fusion-text fusion-text-1 fusion-text-no-margin\" style=\"--awb-margin-bottom:10px;--awb-text-font-family:&quot;Nunito&quot;;--awb-text-font-style:normal;--awb-text-font-weight:400;\"><p>Vad blir det f\u00f6r mat?\u00a0T\u00e4nk vad sk\u00f6nt att inte beh\u00f6va fundera ut vad ni ska \u00e4ta till middag varje dag. Cirkl hj\u00e4lper er p\u00e5 olika s\u00e4tt f\u00f6r att planera, spara tid, minska stress samt minimera risken f\u00f6r tr\u00f6tta &amp; hungriga barn.<\/p>\n<p>Cirkls m\u00e5ltidsplanering hj\u00e4lper dig och din familj att planera era m\u00e5ltider med tid, deltagare och recept.<\/p>\n<\/div><div class=\"fusion-image-element \" style=\"--awb-margin-bottom:10px;--awb-caption-title-font-family:var(--h2_typography-font-family);--awb-caption-title-font-weight:var(--h2_typography-font-weight);--awb-caption-title-font-style:var(--h2_typography-font-style);--awb-caption-title-size:var(--h2_typography-font-size);--awb-caption-title-transform:var(--h2_typography-text-transform);--awb-caption-title-line-height:var(--h2_typography-line-height);--awb-caption-title-letter-spacing:var(--h2_typography-letter-spacing);\"><span class=\" fusion-imageframe imageframe-none imageframe-1 hover-type-none\"><img decoding=\"async\" width=\"331\" height=\"500\" title=\"cirkl-meal-planning\" src=\"https:\/\/thecirkl.app\/wp-content\/uploads\/2023\/02\/cirkl-meal-planning.png\" data-orig-src=\"https:\/\/thecirkl.app\/wp-content\/uploads\/2023\/02\/cirkl-meal-planning-331x500.png\" alt class=\"lazyload img-responsive wp-image-4012\" srcset=\"data:image\/svg+xml,%3Csvg%20xmlns%3D%27http%3A%2F%2Fwww.w3.org%2F2000%2Fsvg%27%20width%3D%271905%27%20height%3D%272880%27%20viewBox%3D%270%200%201905%202880%27%3E%3Crect%20width%3D%271905%27%20height%3D%272880%27%20fill-opacity%3D%220%22%2F%3E%3C%2Fsvg%3E\" data-srcset=\"https:\/\/thecirkl.app\/wp-content\/uploads\/2023\/02\/cirkl-meal-planning-200x302.png 200w, https:\/\/thecirkl.app\/wp-content\/uploads\/2023\/02\/cirkl-meal-planning-400x605.png 400w, https:\/\/thecirkl.app\/wp-content\/uploads\/2023\/02\/cirkl-meal-planning-600x907.png 600w, https:\/\/thecirkl.app\/wp-content\/uploads\/2023\/02\/cirkl-meal-planning-800x1209.png 800w, https:\/\/thecirkl.app\/wp-content\/uploads\/2023\/02\/cirkl-meal-planning-1200x1814.png 1200w, https:\/\/thecirkl.app\/wp-content\/uploads\/2023\/02\/cirkl-meal-planning.png 1905w\" data-sizes=\"auto\" data-orig-sizes=\"(max-width: 1024px) 100vw, (max-width: 640px) 100vw, 1200px\" \/><\/span><\/div><div class=\"fusion-text fusion-text-2 fusion-text-no-margin\" style=\"--awb-margin-bottom:10px;--awb-text-font-family:&quot;Nunito&quot;;--awb-text-font-style:normal;--awb-text-font-weight:400;\"><p>Planera veckans m\u00e5ltider och l\u00e4gg in i Cirkls funktion \u201cm\u00e5ltidsplanering\u201d.<\/p>\n<p>I m\u00e5ltidsplaneringen kan du \u00e4ven l\u00e4gga till ex luncher, jobb-matl\u00e5dor samt mellanm\u00e5l till barnen.<\/p>\n<p>Addera vem\/vilka som ska \u00e4ta vid vilken m\u00e5ltid, dag &amp; tid.<\/p>\n<p>Du kan \u00e4ven addera ett recept in i m\u00e5ltidsplaneringen. Du kan ocks\u00e5 skriva instruktioner till barnet i m\u00e5ltidsplaneringen, som exempelvis \u201cv\u00e4rm resterna fr\u00e5n i g\u00e5r i micron\u201d.<\/p>\n<\/div><div class=\"fusion-text fusion-text-3 fusion-text-no-margin\" style=\"--awb-margin-bottom:10px;--awb-text-font-family:&quot;Nunito&quot;;--awb-text-font-style:normal;--awb-text-font-weight:400;\"><p>&lt;&lt; <a href=\"https:\/\/thecirkl.app\/get-started\/\">Tillbaka till &#8220;S\u00e5 funkar Cirkl&#8221;<\/a><\/p>\n<\/div><\/div><\/div><\/div><\/div>\n","protected":false},"excerpt":{"rendered":"","protected":false},"author":1,"featured_media":0,"parent":1601,"menu_order":0,"comment_status":"closed","ping_status":"closed","template":"blank.php","meta":{"footnotes":""},"class_list":["post-4881","page","type-page","status-publish","hentry"],"aioseo_notices":[],"_links":{"self":[{"href":"https:\/\/thecirkl.app\/sv\/wp-json\/wp\/v2\/pages\/4881","targetHints":{"allow":["GET"]}}],"collection":[{"href":"https:\/\/thecirkl.app\/sv\/wp-json\/wp\/v2\/pages"}],"about":[{"href":"https:\/\/thecirkl.app\/sv\/wp-json\/wp\/v2\/types\/page"}],"author":[{"embeddable":true,"href":"https:\/\/thecirkl.app\/sv\/wp-json\/wp\/v2\/users\/1"}],"replies":[{"embeddable":true,"href":"https:\/\/thecirkl.app\/sv\/wp-json\/wp\/v2\/comments?post=4881"}],"version-history":[{"count":4,"href":"https:\/\/thecirkl.app\/sv\/wp-json\/wp\/v2\/pages\/4881\/revisions"}],"predecessor-version":[{"id":4886,"href":"https:\/\/thecirkl.app\/sv\/wp-json\/wp\/v2\/pages\/4881\/revisions\/4886"}],"up":[{"embeddable":true,"href":"https:\/\/thecirkl.app\/sv\/wp-json\/wp\/v2\/pages\/1601"}],"wp:attachment":[{"href":"https:\/\/thecirkl.app\/sv\/wp-json\/wp\/v2\/media?parent=4881"}],"curies":[{"name":"wp","href":"https:\/\/api.w.org\/{rel}","templated":true}]}}