{"id":3,"date":"2021-09-09T12:24:10","date_gmt":"2021-09-09T12:24:10","guid":{"rendered":"https:\/\/thecirkl.app\/?page_id=3"},"modified":"2023-01-23T08:27:44","modified_gmt":"2023-01-23T08:27:44","slug":"privacy","status":"publish","type":"page","link":"https:\/\/thecirkl.app\/sv\/privacy\/","title":{"rendered":"Integritetspolicy"},"content":{"rendered":"<div class=\"fusion-fullwidth fullwidth-box fusion-builder-row-1 fusion-flex-container nonhundred-percent-fullwidth non-hundred-percent-height-scrolling\" style=\"--awb-border-radius-top-left:0px;--awb-border-radius-top-right:0px;--awb-border-radius-bottom-right:0px;--awb-border-radius-bottom-left:0px;--awb-flex-wrap:wrap;\" ><div class=\"fusion-builder-row fusion-row fusion-flex-align-items-flex-start fusion-flex-content-wrap\" style=\"max-width:1216.8px;margin-left: calc(-4% \/ 2 );margin-right: calc(-4% \/ 2 );\"><div class=\"fusion-layout-column fusion_builder_column fusion-builder-column-0 fusion_builder_column_1_1 1_1 fusion-flex-column\" style=\"--awb-bg-size:cover;--awb-width-large:100%;--awb-margin-top-large:0px;--awb-spacing-right-large:1.92%;--awb-margin-bottom-large:0px;--awb-spacing-left-large:1.92%;--awb-width-medium:100%;--awb-order-medium:0;--awb-spacing-right-medium:1.92%;--awb-spacing-left-medium:1.92%;--awb-width-small:100%;--awb-order-small:0;--awb-spacing-right-small:1.92%;--awb-spacing-left-small:1.92%;\"><div class=\"fusion-column-wrapper fusion-column-has-shadow fusion-flex-justify-content-flex-start fusion-content-layout-column\"><div class=\"fusion-text fusion-text-1\" style=\"--awb-text-font-family:&quot;Nunito&quot;;--awb-text-font-style:normal;--awb-text-font-weight:400;\"><h2>INTEGRITETSPOLICY<\/h2>\n<p>Den h\u00e4r policyn g\u00e4ller all information som samlas in eller skickas in p\u00e5 Cirkls webbplats och v\u00e5ra appar f\u00f6r iOS, Android och andra enheter och plattformar.<\/p>\n<h4><strong>Vi samlar in f\u00f6ljande information<\/strong><\/h4>\n<p>N\u00e4r du skapar ett konto kan du avg\u00f6ra om du vill dela med dig av din e-postadress. E-postadresser anv\u00e4nds bara f\u00f6r att logga in och svara p\u00e5 e-postmeddelanden som du skickar till oss. Om du v\u00e4ljer det, kan vi komma att anv\u00e4nda din e-postadress f\u00f6r erbjudanden fr\u00e5n tredje part.<\/p>\n<p>F\u00f6r att du ska kunna anv\u00e4nda Cirkl lagras information som du skapar i appen eller p\u00e5 webben. Denna information anv\u00e4nds enbart f\u00f6r funktionalitet och f\u00f6r att vidareutveckla Cirkl.<\/p>\n<p>Du kan ocks\u00e5 v\u00e4lja att ge Cirkl till\u00e5telse att l\u00e4gga till information till andra kalendrar, kontakter samt funktioner som exempelvis p\u00e5minnelser i din enhet.<br \/>\nOm du laddar upp filer, som exempelvis bilder, textdokument, videor till Cirkl, lagras dem p\u00e5 Cirkls servrar.<\/p>\n<h4><strong>Tredje part<\/strong><\/h4>\n<p>N\u00e4r vi anv\u00e4nder tj\u00e4nster fr\u00e5n andra f\u00f6retag ser vi till att st\u00e4lla h\u00f6ga s\u00e4kerhetskrav p\u00e5 dem.<\/p>\n<p>Vi kan komma att ge ut din information till myndigheter som polis eller r\u00e4ttsv\u00e4sendet om lagen kr\u00e4ver det.<\/p>\n<h4><strong>Informationsanv\u00e4ndning<\/strong><\/h4>\n<p>Vi anv\u00e4nder informationen vi samlar in f\u00f6r att driva och f\u00f6rb\u00e4ttra v\u00e5r webbplats, appen och v\u00e5r kundsupport.<\/p>\n<p>Vi delar inte personuppgifter med externa parter. Vi kan komma att dela anonym, aggregerad statistik med tredje part.<\/p>\n<p>Om Cirkl anv\u00e4nds f\u00f6r olaglig verksamhet, misst\u00e4nkt bedr\u00e4geri eller aktiviteter som strider mot v\u00e5ra anv\u00e4ndarvillkor kan vi anv\u00e4nda information f\u00f6r att skydda Cirkls r\u00e4ttigheter, egendom och v\u00e5ra anv\u00e4ndare.<\/p>\n<p>I det fall vi i framtiden v\u00e4ljer att samarbeta med, fusionera Cirkl med annat bolag, f\u00f6rv\u00e4rva andra bolag eller \u00f6verf\u00f6ra \u00e4gandet av Cirkl, kan anv\u00e4ndarinformation vara bland de \u00f6verf\u00f6rda tillg\u00e5ngarna. Om n\u00e5got av detta skulle \u00e4ga rum, kommer dina uppgifter givetvis att hanteras med yttersta respekt och sekretess.<\/p>\n<h4><strong>S\u00e4kerhet<\/strong><\/h4>\n<p>Vi genomf\u00f6r kontinuerligt en rad s\u00e4kerhets\u00e5tg\u00e4rder f\u00f6r att h\u00e5lla din information s\u00e4ker och all kommunikation mellan Cirkl, webbplatser och servrar \u00e4r krypterad.<\/p>\n<h4><strong>\u00c4ndring eller radering av information<\/strong><\/h4>\n<p>Du kan \u00e4ndra din information eller ta bort ditt konto fr\u00e5n Cirkl. Raderad information kan sparas i s\u00e4kerhetskopior i upp till 60 dagar.<\/p>\n<h4><strong>Information f\u00f6r EU-kunder<\/strong><\/h4>\n<p>Genom att anv\u00e4nda Cirkl och ge oss din information, till\u00e5ter du oss att samla in och lagra din information utanf\u00f6r Europeiska unionen.<\/p>\n<h4><strong>Internationella \u00f6verf\u00f6ringar av information<\/strong><\/h4>\n<p>Information kan komma att behandlas, lagras och anv\u00e4ndas utanf\u00f6r det land d\u00e4r du befinner dig. Datas\u00e4kerhetslagar varierar mellan jurisdiktioner och olika lagar kan g\u00e4lla f\u00f6r dina uppgifter beroende p\u00e5 var den behandlas, lagras eller anv\u00e4nds.<\/p>\n<h4><strong>Ditt samtycke<\/strong><\/h4>\n<p>Genom att anv\u00e4nda Cirkl eller v\u00e5r webbplats godk\u00e4nner du v\u00e5r integritetspolicy.<\/p>\n<h4><strong>Kontakta oss<\/strong><\/h4>\n<p>Om du har fr\u00e5gor ang\u00e5ende denna integritetspolicy kan du skicka e-post till info@thecirkl.app.<\/p>\n<h4><strong>\u00c4ndringar av denna policy<\/strong><\/h4>\n<p>Om vi best\u00e4mmer oss f\u00f6r att \u00e4ndra v\u00e5r integritetspolicy l\u00e4gger vi in \u00e4ndringarna p\u00e5 den h\u00e4r sidan. Bes\u00f6k den med j\u00e4mna mellanrum f\u00f6r att h\u00e5lla dig uppdaterad.<\/p>\n<p><i>Denna policy uppdaterades den 9 september 2022<\/i>.<\/p>\n<\/div>[matomo_opt_out]<\/div><\/div><\/div><\/div>\n","protected":false},"excerpt":{"rendered":"","protected":false},"author":1,"featured_media":0,"parent":0,"menu_order":0,"comment_status":"closed","ping_status":"open","template":"","meta":{"footnotes":""},"class_list":["post-3","page","type-page","status-publish","hentry"],"aioseo_notices":[],"_links":{"self":[{"href":"https:\/\/thecirkl.app\/sv\/wp-json\/wp\/v2\/pages\/3","targetHints":{"allow":["GET"]}}],"collection":[{"href":"https:\/\/thecirkl.app\/sv\/wp-json\/wp\/v2\/pages"}],"about":[{"href":"https:\/\/thecirkl.app\/sv\/wp-json\/wp\/v2\/types\/page"}],"author":[{"embeddable":true,"href":"https:\/\/thecirkl.app\/sv\/wp-json\/wp\/v2\/users\/1"}],"replies":[{"embeddable":true,"href":"https:\/\/thecirkl.app\/sv\/wp-json\/wp\/v2\/comments?post=3"}],"version-history":[{"count":13,"href":"https:\/\/thecirkl.app\/sv\/wp-json\/wp\/v2\/pages\/3\/revisions"}],"predecessor-version":[{"id":3368,"href":"https:\/\/thecirkl.app\/sv\/wp-json\/wp\/v2\/pages\/3\/revisions\/3368"}],"wp:attachment":[{"href":"https:\/\/thecirkl.app\/sv\/wp-json\/wp\/v2\/media?parent=3"}],"curies":[{"name":"wp","href":"https:\/\/api.w.org\/{rel}","templated":true}]}}