{"id":2363,"date":"2022-11-02T19:34:41","date_gmt":"2022-11-02T19:34:41","guid":{"rendered":"https:\/\/thecirkl.app\/?page_id=2363"},"modified":"2022-11-05T11:19:45","modified_gmt":"2022-11-05T11:19:45","slug":"support-feedback","status":"publish","type":"page","link":"https:\/\/thecirkl.app\/sv\/get-started\/support-feedback\/","title":{"rendered":"Support &#038; feedback"},"content":{"rendered":"<div class=\"fusion-fullwidth fullwidth-box fusion-builder-row-1 fusion-flex-container nonhundred-percent-fullwidth non-hundred-percent-height-scrolling\" style=\"--awb-border-radius-top-left:0px;--awb-border-radius-top-right:0px;--awb-border-radius-bottom-right:0px;--awb-border-radius-bottom-left:0px;--awb-flex-wrap:wrap;\" ><div class=\"fusion-builder-row fusion-row fusion-flex-align-items-flex-start fusion-flex-content-wrap\" style=\"max-width:1216.8px;margin-left: calc(-4% \/ 2 );margin-right: calc(-4% \/ 2 );\"><div class=\"fusion-layout-column fusion_builder_column fusion-builder-column-0 fusion_builder_column_1_1 1_1 fusion-flex-column\" style=\"--awb-bg-size:cover;--awb-width-large:100%;--awb-margin-top-large:0px;--awb-spacing-right-large:1.92%;--awb-margin-bottom-large:0px;--awb-spacing-left-large:1.92%;--awb-width-medium:100%;--awb-order-medium:0;--awb-spacing-right-medium:1.92%;--awb-spacing-left-medium:1.92%;--awb-width-small:100%;--awb-order-small:0;--awb-spacing-right-small:1.92%;--awb-spacing-left-small:1.92%;\"><div class=\"fusion-column-wrapper fusion-column-has-shadow fusion-flex-justify-content-flex-start fusion-content-layout-column\"><div class=\"fusion-title title fusion-title-1 fusion-sep-none fusion-title-text fusion-title-size-two\" style=\"--awb-margin-bottom:10px;\"><h2 class=\"fusion-title-heading title-heading-left fusion-responsive-typography-calculated\" style=\"font-family:&quot;Nunito&quot;;font-style:normal;font-weight:400;margin:0;--fontSize:36;line-height:1.2;\">Support &amp; feedback<\/h2><\/div><div class=\"fusion-image-element \" style=\"--awb-margin-bottom:10px;--awb-caption-title-font-family:var(--h2_typography-font-family);--awb-caption-title-font-weight:var(--h2_typography-font-weight);--awb-caption-title-font-style:var(--h2_typography-font-style);--awb-caption-title-size:var(--h2_typography-font-size);--awb-caption-title-transform:var(--h2_typography-text-transform);--awb-caption-title-line-height:var(--h2_typography-line-height);--awb-caption-title-letter-spacing:var(--h2_typography-letter-spacing);\"><span class=\" fusion-imageframe imageframe-none imageframe-1 hover-type-none\"><img decoding=\"async\" width=\"500\" height=\"189\" src=\"https:\/\/thecirkl.app\/wp-content\/uploads\/2022\/11\/man-feedback.jpg\" data-orig-src=\"https:\/\/thecirkl.app\/wp-content\/uploads\/2022\/11\/man-feedback-500x189.jpg\" alt class=\"lazyload img-responsive wp-image-2365\" srcset=\"data:image\/svg+xml,%3Csvg%20xmlns%3D%27http%3A%2F%2Fwww.w3.org%2F2000%2Fsvg%27%20width%3D%27832%27%20height%3D%27314%27%20viewBox%3D%270%200%20832%20314%27%3E%3Crect%20width%3D%27832%27%20height%3D%27314%27%20fill-opacity%3D%220%22%2F%3E%3C%2Fsvg%3E\" data-srcset=\"https:\/\/thecirkl.app\/wp-content\/uploads\/2022\/11\/man-feedback-200x75.jpg 200w, https:\/\/thecirkl.app\/wp-content\/uploads\/2022\/11\/man-feedback-400x151.jpg 400w, https:\/\/thecirkl.app\/wp-content\/uploads\/2022\/11\/man-feedback-600x226.jpg 600w, https:\/\/thecirkl.app\/wp-content\/uploads\/2022\/11\/man-feedback-800x302.jpg 800w, https:\/\/thecirkl.app\/wp-content\/uploads\/2022\/11\/man-feedback.jpg 832w\" data-sizes=\"auto\" data-orig-sizes=\"(max-width: 1024px) 100vw, (max-width: 640px) 100vw, 500px\" \/><\/span><\/div><div class=\"fusion-text fusion-text-1 fusion-text-no-margin\" style=\"--awb-margin-bottom:10px;--awb-text-font-family:&quot;Nunito&quot;;--awb-text-font-style:normal;--awb-text-font-weight:400;\"><p>Med hj\u00e4lp av brickan\u201dSupport &amp; feedback\u201d p\u00e5 startsidan kan du f\u00e5 hj\u00e4lp genom att st\u00e4lla fr\u00e5gor eller rapportera in eventuella problem du st\u00f6tt p\u00e5. Vi jobbar h\u00e5rt f\u00f6r att besvara dina fr\u00e5gor s\u00e5 snart vi har m\u00f6jlighet.<\/p>\n<p>Dessutom \u00e4r du mer \u00e4n v\u00e4lkommen att komma med f\u00f6rslag eller id\u00e9er p\u00e5 hur vi skulle kunna g\u00f6ra Cirkl b\u00e4ttre fram\u00f6ver.<\/p>\n<p>Tack!<\/p>\n<\/div><div class=\"fusion-text fusion-text-2 fusion-text-no-margin\" style=\"--awb-margin-bottom:10px;--awb-text-font-family:&quot;Nunito&quot;;--awb-text-font-style:normal;--awb-text-font-weight:400;\"><p>&lt;&lt; <a href=\"https:\/\/thecirkl.app\/get-started\/\">Tillbaka till &#8220;S\u00e5 funkar Cirkl&#8221;<\/a><\/p>\n<\/div><\/div><\/div><\/div><\/div>\n","protected":false},"excerpt":{"rendered":"","protected":false},"author":1,"featured_media":0,"parent":1601,"menu_order":0,"comment_status":"closed","ping_status":"closed","template":"blank.php","meta":{"footnotes":""},"class_list":["post-2363","page","type-page","status-publish","hentry"],"aioseo_notices":[],"_links":{"self":[{"href":"https:\/\/thecirkl.app\/sv\/wp-json\/wp\/v2\/pages\/2363","targetHints":{"allow":["GET"]}}],"collection":[{"href":"https:\/\/thecirkl.app\/sv\/wp-json\/wp\/v2\/pages"}],"about":[{"href":"https:\/\/thecirkl.app\/sv\/wp-json\/wp\/v2\/types\/page"}],"author":[{"embeddable":true,"href":"https:\/\/thecirkl.app\/sv\/wp-json\/wp\/v2\/users\/1"}],"replies":[{"embeddable":true,"href":"https:\/\/thecirkl.app\/sv\/wp-json\/wp\/v2\/comments?post=2363"}],"version-history":[{"count":4,"href":"https:\/\/thecirkl.app\/sv\/wp-json\/wp\/v2\/pages\/2363\/revisions"}],"predecessor-version":[{"id":2457,"href":"https:\/\/thecirkl.app\/sv\/wp-json\/wp\/v2\/pages\/2363\/revisions\/2457"}],"up":[{"embeddable":true,"href":"https:\/\/thecirkl.app\/sv\/wp-json\/wp\/v2\/pages\/1601"}],"wp:attachment":[{"href":"https:\/\/thecirkl.app\/sv\/wp-json\/wp\/v2\/media?parent=2363"}],"curies":[{"name":"wp","href":"https:\/\/api.w.org\/{rel}","templated":true}]}}