{"id":2337,"date":"2022-11-02T19:20:03","date_gmt":"2022-11-02T19:20:03","guid":{"rendered":"https:\/\/thecirkl.app\/?page_id=2337"},"modified":"2022-11-28T06:53:15","modified_gmt":"2022-11-28T06:53:15","slug":"installningar","status":"publish","type":"page","link":"https:\/\/thecirkl.app\/sv\/get-started\/installningar\/","title":{"rendered":"Inst\u00e4llningar"},"content":{"rendered":"<div class=\"fusion-fullwidth fullwidth-box fusion-builder-row-1 fusion-flex-container nonhundred-percent-fullwidth non-hundred-percent-height-scrolling\" style=\"--awb-border-radius-top-left:0px;--awb-border-radius-top-right:0px;--awb-border-radius-bottom-right:0px;--awb-border-radius-bottom-left:0px;--awb-flex-wrap:wrap;\" ><div class=\"fusion-builder-row fusion-row fusion-flex-align-items-flex-start fusion-flex-content-wrap\" style=\"max-width:1216.8px;margin-left: calc(-4% \/ 2 );margin-right: calc(-4% \/ 2 );\"><div class=\"fusion-layout-column fusion_builder_column fusion-builder-column-0 fusion_builder_column_1_1 1_1 fusion-flex-column\" style=\"--awb-bg-size:cover;--awb-width-large:100%;--awb-margin-top-large:0px;--awb-spacing-right-large:1.92%;--awb-margin-bottom-large:0px;--awb-spacing-left-large:1.92%;--awb-width-medium:100%;--awb-order-medium:0;--awb-spacing-right-medium:1.92%;--awb-spacing-left-medium:1.92%;--awb-width-small:100%;--awb-order-small:0;--awb-spacing-right-small:1.92%;--awb-spacing-left-small:1.92%;\"><div class=\"fusion-column-wrapper fusion-column-has-shadow fusion-flex-justify-content-flex-start fusion-content-layout-column\"><div class=\"fusion-title title fusion-title-1 fusion-sep-none fusion-title-text fusion-title-size-two\" style=\"--awb-margin-bottom:10px;\"><h2 class=\"fusion-title-heading title-heading-left fusion-responsive-typography-calculated\" style=\"font-family:&quot;Nunito&quot;;font-style:normal;font-weight:400;margin:0;--fontSize:36;line-height:1.2;\">Inst\u00e4llningar<\/h2><\/div><div class=\"fusion-text fusion-text-1 fusion-text-no-margin\" style=\"--awb-margin-bottom:10px;--awb-text-font-family:&quot;Nunito&quot;;--awb-text-font-style:normal;--awb-text-font-weight:400;\"><p>L\u00e4ngst upp till h\u00f6ger hittar du ett kugghjul som ger dig tillg\u00e5ng till Cirkls inst\u00e4llningar:<\/p>\n<ul>\n<li>Mina anv\u00e4ndarinst\u00e4llningar<\/li>\n<li>Din cirkel (eller dina cirklar)<\/li>\n<li>Skapa en ny Cirkl<\/li>\n<li>Om Cirkl<\/li>\n<\/ul>\n<\/div><div class=\"fusion-image-element \" style=\"--awb-margin-bottom:10px;--awb-caption-title-font-family:var(--h2_typography-font-family);--awb-caption-title-font-weight:var(--h2_typography-font-weight);--awb-caption-title-font-style:var(--h2_typography-font-style);--awb-caption-title-size:var(--h2_typography-font-size);--awb-caption-title-transform:var(--h2_typography-text-transform);--awb-caption-title-line-height:var(--h2_typography-line-height);--awb-caption-title-letter-spacing:var(--h2_typography-letter-spacing);\"><span class=\" fusion-imageframe imageframe-none imageframe-1 hover-type-none\"><img decoding=\"async\" width=\"500\" height=\"371\" src=\"https:\/\/thecirkl.app\/wp-content\/uploads\/2022\/11\/man-install1.png\" data-orig-src=\"https:\/\/thecirkl.app\/wp-content\/uploads\/2022\/11\/man-install1-500x371.png\" alt class=\"lazyload img-responsive wp-image-2342\" srcset=\"data:image\/svg+xml,%3Csvg%20xmlns%3D%27http%3A%2F%2Fwww.w3.org%2F2000%2Fsvg%27%20width%3D%271284%27%20height%3D%27954%27%20viewBox%3D%270%200%201284%20954%27%3E%3Crect%20width%3D%271284%27%20height%3D%27954%27%20fill-opacity%3D%220%22%2F%3E%3C%2Fsvg%3E\" data-srcset=\"https:\/\/thecirkl.app\/wp-content\/uploads\/2022\/11\/man-install1-200x149.png 200w, https:\/\/thecirkl.app\/wp-content\/uploads\/2022\/11\/man-install1-400x297.png 400w, https:\/\/thecirkl.app\/wp-content\/uploads\/2022\/11\/man-install1-600x446.png 600w, https:\/\/thecirkl.app\/wp-content\/uploads\/2022\/11\/man-install1-800x594.png 800w, https:\/\/thecirkl.app\/wp-content\/uploads\/2022\/11\/man-install1-1200x892.png 1200w, https:\/\/thecirkl.app\/wp-content\/uploads\/2022\/11\/man-install1.png 1284w\" data-sizes=\"auto\" data-orig-sizes=\"(max-width: 1024px) 100vw, (max-width: 640px) 100vw, 1200px\" \/><\/span><\/div><div class=\"fusion-text fusion-text-2 fusion-text-no-margin\" style=\"--awb-margin-bottom:10px;--awb-text-font-family:&quot;Nunito&quot;;--awb-text-font-style:normal;--awb-text-font-weight:400;\"><p><strong>Mina anv\u00e4ndarinst\u00e4llningar<\/strong><\/p>\n<p>Under mina anv\u00e4ndarinst\u00e4llningar kommer du \u00e5t betalning, notiser, kalenderl\u00e4nk samt utloggning.<\/p>\n<p><em><strong>Betalning<\/strong><\/em><\/p>\n<p>L\u00e4ngst upp under rubriken Mina anv\u00e4ndarinst\u00e4llningar \u00e5terfinns menyvalet \u201dBetalning\u201d som \u00e4ven visar statusen p\u00e5 din prenumeration p\u00e5 Cirkl:<\/p>\n<ul>\n<li>F\u00f6rs\u00f6ksperiod<\/li>\n<li>Aktiv prenumeration<\/li>\n<li>Utg\u00e5ngen<\/li>\n<\/ul>\n<p>N\u00e4r du vill starta en prenumeration p\u00e5 Cirkl trycker du p\u00e5 \u201dBetalning\u201d och f\u00f6ljer de vidare instruktionerna. Betalningarna hanteras av betaltj\u00e4nsterna i Apples App Store eller Google Play.<\/p>\n<p><strong><em>Notiser<\/em><\/strong><\/p>\n<p>Ett bra s\u00e4tt att h\u00e5lla koll p\u00e5 aktiviteter, uppgifter, chattmeddelanden, \u00e4r att aktivera notiser i din enhet. Notiser aktiveras genom menyvalet \u201dNotiser\u201d. Om notiser \u00e4nd\u00e5 inte aktiveras kontrollera att Cirkls notiser \u00e4r aktiverade i telefonens inst\u00e4llningar.<\/p>\n<p><em><strong>Kalenderl\u00e4nk<\/strong><\/em><\/p>\n<p>Genom att skapa en kalenderl\u00e4nk kan du se Cirkls kalendrar i andra kalendrar, som exempelvis Outlook, Google Calendar och Apples iCloud-kalender.<\/p>\n<p>Du skapar en kalenderl\u00e4nk genom att f\u00f6rst trycka p\u00e5 menyvalet \u201dKalenderl\u00e4nk\u201d under inst\u00e4llningar och sedan det bl\u00e5a plus-tecknet l\u00e4ngst ned till h\u00f6ger p\u00e5 sk\u00e4rmen \u201dKalenderl\u00e4nkar\u201d. H\u00e4rn\u00e4st trycker du p\u00e5 f\u00f6rst p\u00e5 \u201dKalenderl\u00e4nk\u201d i det f\u00f6nster som dyker upp och sedan \u201dSpara\u201d. Nu har du skapat en l\u00e4nk som du kan kopiera och sedan kan dela till exempelvis din mejl eller meddelandefunktion.<\/p>\n<p>Efter att ha skapat din kalenderl\u00e4nk \u00e4r det dags att l\u00e4gga in den i den eposttj\u00e4nst som du vill se Cirkls kalender i. Olika eposttj\u00e4nstter fungerar p\u00e5 olika s\u00e4tt men det finns bra beskrivningar hos respektive tj\u00e4nst:<\/p>\n<p><em>Outlook<\/em><\/p>\n<p><a href=\"https:\/\/support.microsoft.com\/sv-se\/office\/importera-och-prenumerera-p%C3%A5-en-kalender-i-outlook-com-cff1429c-5af6-41ec-a5b4-74f2c278e98c\">Importera och prenumerera p\u00e5 en kalender i Outlook.com<\/a><\/p>\n<p><a href=\"https:\/\/support.microsoft.com\/sv-se\/office\/importera-eller-prenumerera-p%C3%A5-en-kalender-i-outlook-p%C3%A5-webben-503ffaf6-7b86-44fe-8dd6-8099d95f38df\">Importera eller prenumerera p\u00e5 en kalender i Outlook p\u00e5 webben<\/a><\/p>\n<p><a href=\"https:\/\/support.microsoft.com\/sv-se\/office\/importera-kalendrar-till-outlook-8e8364e1-400e-4c0f-a573-fe76b5a2d379\">L\u00e4gga till och importera kalendrar i Outlook f\u00f6r Windows<\/a><\/p>\n<p><a href=\"https:\/\/support.microsoft.com\/sv-se\/office\/importera-ical-objekt-till-outlook-f%C3%B6r-mac-0450a248-6a40-4f84-ba9c-6c545bc11639\">Importera iCal-objekt till Outlook f\u00f6r Mac<\/a><\/p>\n<p><em>Google Calendar<\/em><\/p>\n<p><a href=\"https:\/\/support.google.com\/calendar\/answer\/37100?hl=en&amp;co=GENIE.Platform%3DDesktop\">Import events to Google Calendar<\/a> (Obs! Scrolla ned till rubriken \u201c<em>Use a link to add a public calendar<\/em>\u201d och f\u00f6lj instruktionerna nedanf\u00f6r.)<\/p>\n<p><em>Apple<\/em><\/p>\n<p><a href=\"https:\/\/support.apple.com\/sv-se\/guide\/iphone\/iph3d1110d4\/ios\">St\u00e4lla in flera kalendrar p\u00e5 iPhone<\/a><\/p>\n<p><a href=\"https:\/\/support.apple.com\/sv-se\/guide\/calendar\/icl1022\/mac\">Prenumerera p\u00e5 kalendrar p\u00e5 Mac<\/a><\/p>\n<p><strong>Notera<\/strong><\/p>\n<p>N\u00e4r du l\u00e4ser in en kalenderl\u00e4nk fr\u00e5n Cirkl i en annan kalender, kommer du enbart att kunna *se* Cirkls aktiviteter. \u00c4ndringar m\u00e5ste g\u00f6ras i Cirkl-appen. Alla Cirkl-aktiviteter inneh\u00e5ller en l\u00e4nk som \u00f6ppnar upp Cirkl-appen i mobil eller surfplatta f\u00f6r enkel redigering.<\/p>\n<p>\u00c4ven om Cirkls kalenderl\u00e4nkar uppdateras var 5:e minut, kan uppdateringen av \u00e4ndringar i Cirkls kalender ta flera timmar innan de sl\u00e5r igenom. Detta \u00e4r n\u00e5got som ligger utom Cirkls kontroll.<\/p>\n<p><strong>Logga ut<\/strong><\/p>\n<p>Om du \u00f6nskar logga ut fr\u00e5n Cirkl v\u00e4ljer du menyvalet \u201dLogga ut\u201d och bekr\u00e4ftar din utloggning p\u00e5 det f\u00f6nster som dyuker upp.<\/p>\n<\/div><div class=\"fusion-image-element \" style=\"--awb-margin-bottom:10px;--awb-caption-title-font-family:var(--h2_typography-font-family);--awb-caption-title-font-weight:var(--h2_typography-font-weight);--awb-caption-title-font-style:var(--h2_typography-font-style);--awb-caption-title-size:var(--h2_typography-font-size);--awb-caption-title-transform:var(--h2_typography-text-transform);--awb-caption-title-line-height:var(--h2_typography-line-height);--awb-caption-title-letter-spacing:var(--h2_typography-letter-spacing);\"><span class=\" fusion-imageframe imageframe-none imageframe-2 hover-type-none\"><img decoding=\"async\" width=\"500\" height=\"377\" src=\"https:\/\/thecirkl.app\/wp-content\/uploads\/2022\/11\/man-install2.png\" data-orig-src=\"https:\/\/thecirkl.app\/wp-content\/uploads\/2022\/11\/man-install2-500x377.png\" alt class=\"lazyload img-responsive wp-image-2344\" srcset=\"data:image\/svg+xml,%3Csvg%20xmlns%3D%27http%3A%2F%2Fwww.w3.org%2F2000%2Fsvg%27%20width%3D%271284%27%20height%3D%27968%27%20viewBox%3D%270%200%201284%20968%27%3E%3Crect%20width%3D%271284%27%20height%3D%27968%27%20fill-opacity%3D%220%22%2F%3E%3C%2Fsvg%3E\" data-srcset=\"https:\/\/thecirkl.app\/wp-content\/uploads\/2022\/11\/man-install2-200x151.png 200w, https:\/\/thecirkl.app\/wp-content\/uploads\/2022\/11\/man-install2-400x302.png 400w, https:\/\/thecirkl.app\/wp-content\/uploads\/2022\/11\/man-install2-600x452.png 600w, https:\/\/thecirkl.app\/wp-content\/uploads\/2022\/11\/man-install2-800x603.png 800w, https:\/\/thecirkl.app\/wp-content\/uploads\/2022\/11\/man-install2-1200x905.png 1200w, https:\/\/thecirkl.app\/wp-content\/uploads\/2022\/11\/man-install2.png 1284w\" data-sizes=\"auto\" data-orig-sizes=\"(max-width: 1024px) 100vw, (max-width: 640px) 100vw, 1200px\" \/><\/span><\/div><div class=\"fusion-text fusion-text-3 fusion-text-no-margin\" style=\"--awb-margin-bottom:10px;--awb-text-font-family:&quot;Nunito&quot;;--awb-text-font-style:normal;--awb-text-font-weight:400;\"><p><strong>Din cirkel (eller dina cirklar)<\/strong><\/p>\n<p>Under rubriken \u201dDin cirkel\u201d kommer du \u00e5t inst\u00e4llningarna f\u00f6r medlemmar och beh\u00f6righeter, importerade kalendrar, prenumerationsstatus, rapportera inneh\u00e5ll samt radering av din Cirkl.<\/p>\n<p><em><strong>Medlemmar och beh\u00f6righeter<\/strong><\/em><\/p>\n<p>Under \u201dMedlemmar och beh\u00f6righeter\u201d ser du medlemmarna i din Cirkl och vilka beh\u00f6righeter de har. Du kan \u00e4ven \u00e4ndra dina egna uppgifter och l\u00e4gga till en bild p\u00e5 dig sj\u00e4lv.<\/p>\n<p>Det finns tre typer av medlemmar som har olika beh\u00f6righeter:<\/p>\n<ol>\n<li>Administrat\u00f6rer (exempelvis f\u00f6r\u00e4ldrarna) som har fullst\u00e4ndig beh\u00f6righet att l\u00e4gga till och \u00e4ndra information i din Cirkl.<\/li>\n<li>Andra familjemedlemmar (exempelvis barn) som har begr\u00e4nsad m\u00f6jlighet att l\u00e4gga till information. En administrat\u00f6r kan dock ge en annan familjemedlem \u00e4ndringsbeh\u00f6righet p\u00e5 aktiviteter, uppgifter, mm.<\/li>\n<li>G\u00e4ster (exempelvis andra viktiga vuxna eller barnvakter) som enbart har tittbeh\u00f6righet p\u00e5 de aktiviteter, uppgifter, mm som en administrat\u00f6r givit dem.<\/li>\n<\/ol>\n<p>N\u00e4r du skapar en en aktivitet, uppgift mm, f\u00e5r administrat\u00f6rer och andra familjemedlemmar tittbeh\u00f6righet, vilket dock l\u00e4tt kan \u00e4ndras f\u00f6r varje h\u00e4ndelse i Cirkl. Du kan ange olika beh\u00f6righeter f\u00f6r varje specifik uppgift, anteckning, mm:<\/p>\n<ul>\n<li>Deltagare: Har r\u00e4tt att se och \u00e4ndra<\/li>\n<li>Kan se: Har r\u00e4tt att se men inte \u00e4ndra<\/li>\n<li>Ingen beh\u00f6righet: Kan vare sig se eller \u00e4ndra<\/li>\n<\/ul>\n<p><em><strong>Importerade kalendrar<\/strong><\/em><\/p>\n<p>I menyvalet \u201dImporterade kalendrar\u201d kan du importera andra kalendrar som exempelvis Outlook, Google Calendar och Apples iCloud-kalender s\u00e5 att du ser dessa i din Cirkls kalender.<\/p>\n<p>Till att b\u00f6rja med beh\u00f6ver du kopiera kalenderl\u00e4nken fr\u00e5n din andra kalender. Olika eposttj\u00e4nstter fungerar p\u00e5 olika s\u00e4tt men det finns bra beskrivningar hos respektive tj\u00e4nst:<\/p>\n<p><em>Outlook<\/em><\/p>\n<p><a href=\"https:\/\/support.microsoft.com\/sv-se\/office\/dela-en-outlook-kalender-med-andra-353ed2c1-3ec5-449d-8c73-6931a0adab88\">Dela en Outlook-kalender med andra<\/a><\/p>\n<p><a href=\"https:\/\/support.microsoft.com\/sv-se\/office\/dela-din-kalender-i-outlook-p%C3%A5-webben-7ecef8ae-139c-40d9-bae2-a23977ee58d5\">Dela din kalender i Outlook p\u00e5 webben<\/a><\/p>\n<p><em>Google<\/em><\/p>\n<p><a href=\"https:\/\/support.google.com\/calendar\/answer\/37648?hl=en#zippy=%2Cget-your-calendar-view-only\">Sync your calendar with computer programs<\/a> (Obs! Relevant information finns under rubriken \u201cGet your calendar (view only)\u201d.)<\/p>\n<p><em>Apple<\/em><\/p>\n<p><a href=\"https:\/\/support.apple.com\/sv-se\/guide\/iphone\/iph7613c4fb\/ios\">Dela iCloud-kalendrar p\u00e5 iPhone<\/a><\/p>\n<p><strong>Import av kalender<\/strong><\/p>\n<p>Efter att ha kopierat l\u00e4nken till den kalender du vill importera i Cirkl, tryck p\u00e5 \u201dImporterade kalendrar\u201d under inst\u00e4llningar och sedan p\u00e5 den bl\u00e5 plus-symbolen i nere till h\u00f6ger. Tryck sedan p\u00e5 \u201dImporterad kalender\u201d i det f\u00f6nster som dyker upp. N\u00e4sta steg \u00e4r att ange ett antal uppgifter:<\/p>\n<ul>\n<li>Namn p\u00e5 kalender<\/li>\n<li>Klistra in webbl\u00e4nk (kalenderl\u00e4nken fr\u00e5n den kalender du vill importera till Cirkl)<\/li>\n<li>Deltagare: H\u00e4r v\u00e4ljer du vilka av medlemmarna i din Cirkl som ska f\u00e5 se den importerade kalendern.<\/li>\n<li>P\u00e5minnelse: H\u00e4r anger du eventuella standardp\u00e5minnelser f\u00f6r h\u00e4ndelser i den importerade kalendern.<\/li>\n<\/ul>\n<p>Tryck p\u00e5 \u201dSpara\u201d n\u00e4r du \u00e4r klar.<\/p>\n<p><em><strong>Prenumeration<\/strong><\/em><\/p>\n<p>Menyvalet \u201dPrenumeration\u201d visar statusen p\u00e5 din prenumeration p\u00e5 Cirkl:<\/p>\n<ul>\n<li>F\u00f6rs\u00f6ksperiod<\/li>\n<li>Aktiv prenumeration<\/li>\n<li>Utg\u00e5ngen<\/li>\n<\/ul>\n<p>Cirkl kostar endast 59 kronor per m\u00e5nad. D\u00e5 ing\u00e5r samtliga funktioner i appen och du kan l\u00e4gga till s\u00e5 m\u00e5nga anv\u00e4ndare du vill i er Cirkl. Du kan \u00e4ven skapa flera Cirklar f\u00f6r exempelvis ditt kompisg\u00e4ng. F\u00f6rutom Cirkls funktioner garanterar vi att vi inte s\u00e4ljer dina uppgifter vidare p\u00e5 n\u00e5got s\u00e4tt. Notera att f\u00f6rsta m\u00e5naden \u00e4r gratis.<\/p>\n<p>N\u00e4r du vill starta en prenumeration p\u00e5 Cirkl trycker du p\u00e5 \u201dBetalning\u201d och f\u00f6ljer de vidare instruktionerna. Betalningarna hanteras av betaltj\u00e4nsterna i Apples App Store eller Google Play.<\/p>\n<p><em><strong>Rapportera inneh\u00e5ll<\/strong><\/em><\/p>\n<p>Under menyvalet \u201dRapportera inneh\u00e5ll\u201d har du m\u00f6jligheten att rapportera inneh\u00e5ll (text, bilder, mm) som du uppfattar vara brottsligt, st\u00f6tande eller som p\u00e5 andra s\u00e4tt bryter mot Cirkls anv\u00e4ndarvillkor. Tryck p\u00e5 \u201dRapportera inneh\u00e5ll\u201d under inst\u00e4llningar, fyll i det du vill rapportera i f\u00e4ltet \u201dBeskriv det du vill rapportera\u201d och tryck p\u00e5 \u201dSkicka\u201d.<\/p>\n<p><em><strong>Radera denna Cirkl<\/strong><\/em><\/p>\n<p>Under menyvalet \u201dRadera denna Cirkl\u201d har du m\u00f6jighet att radera din Cirkl.<\/p>\n<p>Obs! Notera att det inte g\u00e5r att \u00e5ngra en radering och att all information f\u00f6ra alla medlemmar i Cirkln raderas permanent.<\/p>\n<p><strong>Skapa en ny Cirkl<\/strong><\/p>\n<p>Vill du skapa ytterligare en Cirkl g\u00f6r du detta under menyvalet \u201dSkapa en ny Cirkl\u201d.<\/p>\n<p>F\u00f6lj d\u00e4refter instruktionerna och b\u00f6rja med att ge din nya Cirkl ett namn och ditt eget anv\u00e4ndarnamn. Tryck sedan p\u00e5 \u201dForts\u00e4tt\u201d. Du har nu skapat din nya Cirkl och kan b\u00f6rja anv\u00e4nda den genom att l\u00e4gga till medlemmar, bjuda in dessa och sedan fylla den med inneh\u00e5ll.<\/p>\n<p>Notera att din nya Cirkl kommer att dyka upp under inst\u00e4llningar med samma inst\u00e4llningsm\u00f6jligheter som din f\u00f6rsta Cirkl (\u201dMedlemmar och beh\u00f6righeter\u201d, \u201dImporterade kalendrar\u201d, \u201dPrenumeration\u201d, \u201dRapportera inneh\u00e5ll\u201d och \u201dRadera denna Cirkl\u201d).<\/p>\n<p>Du byter Cirkl genom att klicka p\u00e5 Cirklns namn l\u00e4ngst upp p\u00e5 Startsidan, Kalender, Att g\u00f6ra, Hitta samt Chat.<\/p>\n<\/div><div class=\"fusion-image-element \" style=\"--awb-margin-bottom:10px;--awb-caption-title-font-family:var(--h2_typography-font-family);--awb-caption-title-font-weight:var(--h2_typography-font-weight);--awb-caption-title-font-style:var(--h2_typography-font-style);--awb-caption-title-size:var(--h2_typography-font-size);--awb-caption-title-transform:var(--h2_typography-text-transform);--awb-caption-title-line-height:var(--h2_typography-line-height);--awb-caption-title-letter-spacing:var(--h2_typography-letter-spacing);\"><span class=\" fusion-imageframe imageframe-none imageframe-3 hover-type-none\"><img decoding=\"async\" width=\"500\" height=\"308\" title=\"man-install3\" src=\"https:\/\/thecirkl.app\/wp-content\/uploads\/2022\/11\/man-install3.png\" data-orig-src=\"https:\/\/thecirkl.app\/wp-content\/uploads\/2022\/11\/man-install3-500x308.png\" alt class=\"lazyload img-responsive wp-image-2346\" srcset=\"data:image\/svg+xml,%3Csvg%20xmlns%3D%27http%3A%2F%2Fwww.w3.org%2F2000%2Fsvg%27%20width%3D%271284%27%20height%3D%27792%27%20viewBox%3D%270%200%201284%20792%27%3E%3Crect%20width%3D%271284%27%20height%3D%27792%27%20fill-opacity%3D%220%22%2F%3E%3C%2Fsvg%3E\" data-srcset=\"https:\/\/thecirkl.app\/wp-content\/uploads\/2022\/11\/man-install3-200x123.png 200w, https:\/\/thecirkl.app\/wp-content\/uploads\/2022\/11\/man-install3-400x247.png 400w, https:\/\/thecirkl.app\/wp-content\/uploads\/2022\/11\/man-install3-600x370.png 600w, https:\/\/thecirkl.app\/wp-content\/uploads\/2022\/11\/man-install3-800x493.png 800w, https:\/\/thecirkl.app\/wp-content\/uploads\/2022\/11\/man-install3-1200x740.png 1200w, https:\/\/thecirkl.app\/wp-content\/uploads\/2022\/11\/man-install3.png 1284w\" data-sizes=\"auto\" data-orig-sizes=\"(max-width: 1024px) 100vw, (max-width: 640px) 100vw, 1200px\" \/><\/span><\/div><div class=\"fusion-text fusion-text-4 fusion-text-no-margin\" style=\"--awb-margin-bottom:10px;--awb-text-font-family:&quot;Nunito&quot;;--awb-text-font-style:normal;--awb-text-font-weight:400;\"><p><strong>Om Cirkl<\/strong><\/p>\n<p>Under rubriken Cirkl n\u00e5r du information om:<\/p>\n<ul>\n<li>Om Cirkl<\/li>\n<li><a href=\"https:\/\/thecirkl.app\/terms\/\">Allm\u00e4nna villkor<\/a><\/li>\n<li><a href=\"https:\/\/thecirkl.app\/privacy\/\">Integritetspolicy<\/a><\/li>\n<li>Version<\/li>\n<\/ul>\n<\/div><div class=\"fusion-text fusion-text-5 fusion-text-no-margin\" style=\"--awb-margin-bottom:10px;--awb-text-font-family:&quot;Nunito&quot;;--awb-text-font-style:normal;--awb-text-font-weight:400;\"><p>&lt;&lt; <a href=\"https:\/\/thecirkl.app\/get-started\/\">Tillbaka till &#8220;S\u00e5 funkar Cirkl&#8221;<\/a><\/p>\n<\/div><\/div><\/div><\/div><\/div>\n","protected":false},"excerpt":{"rendered":"","protected":false},"author":1,"featured_media":0,"parent":1601,"menu_order":0,"comment_status":"closed","ping_status":"closed","template":"blank.php","meta":{"footnotes":""},"class_list":["post-2337","page","type-page","status-publish","hentry"],"aioseo_notices":[],"_links":{"self":[{"href":"https:\/\/thecirkl.app\/sv\/wp-json\/wp\/v2\/pages\/2337","targetHints":{"allow":["GET"]}}],"collection":[{"href":"https:\/\/thecirkl.app\/sv\/wp-json\/wp\/v2\/pages"}],"about":[{"href":"https:\/\/thecirkl.app\/sv\/wp-json\/wp\/v2\/types\/page"}],"author":[{"embeddable":true,"href":"https:\/\/thecirkl.app\/sv\/wp-json\/wp\/v2\/users\/1"}],"replies":[{"embeddable":true,"href":"https:\/\/thecirkl.app\/sv\/wp-json\/wp\/v2\/comments?post=2337"}],"version-history":[{"count":7,"href":"https:\/\/thecirkl.app\/sv\/wp-json\/wp\/v2\/pages\/2337\/revisions"}],"predecessor-version":[{"id":3029,"href":"https:\/\/thecirkl.app\/sv\/wp-json\/wp\/v2\/pages\/2337\/revisions\/3029"}],"up":[{"embeddable":true,"href":"https:\/\/thecirkl.app\/sv\/wp-json\/wp\/v2\/pages\/1601"}],"wp:attachment":[{"href":"https:\/\/thecirkl.app\/sv\/wp-json\/wp\/v2\/media?parent=2337"}],"curies":[{"name":"wp","href":"https:\/\/api.w.org\/{rel}","templated":true}]}}