{"id":2331,"date":"2022-11-02T18:58:13","date_gmt":"2022-11-02T18:58:13","guid":{"rendered":"https:\/\/thecirkl.app\/?page_id=2331"},"modified":"2022-11-05T11:13:42","modified_gmt":"2022-11-05T11:13:42","slug":"chat","status":"publish","type":"page","link":"https:\/\/thecirkl.app\/sv\/get-started\/chat\/","title":{"rendered":"Chat"},"content":{"rendered":"<div class=\"fusion-fullwidth fullwidth-box fusion-builder-row-1 fusion-flex-container nonhundred-percent-fullwidth non-hundred-percent-height-scrolling\" style=\"--awb-border-radius-top-left:0px;--awb-border-radius-top-right:0px;--awb-border-radius-bottom-right:0px;--awb-border-radius-bottom-left:0px;--awb-flex-wrap:wrap;\" ><div class=\"fusion-builder-row fusion-row fusion-flex-align-items-flex-start fusion-flex-content-wrap\" style=\"max-width:1216.8px;margin-left: calc(-4% \/ 2 );margin-right: calc(-4% \/ 2 );\"><div class=\"fusion-layout-column fusion_builder_column fusion-builder-column-0 fusion_builder_column_1_1 1_1 fusion-flex-column\" style=\"--awb-bg-size:cover;--awb-width-large:100%;--awb-margin-top-large:0px;--awb-spacing-right-large:1.92%;--awb-margin-bottom-large:0px;--awb-spacing-left-large:1.92%;--awb-width-medium:100%;--awb-order-medium:0;--awb-spacing-right-medium:1.92%;--awb-spacing-left-medium:1.92%;--awb-width-small:100%;--awb-order-small:0;--awb-spacing-right-small:1.92%;--awb-spacing-left-small:1.92%;\"><div class=\"fusion-column-wrapper fusion-column-has-shadow fusion-flex-justify-content-flex-start fusion-content-layout-column\"><div class=\"fusion-title title fusion-title-1 fusion-sep-none fusion-title-text fusion-title-size-two\" style=\"--awb-margin-bottom:10px;\"><h2 class=\"fusion-title-heading title-heading-left fusion-responsive-typography-calculated\" style=\"font-family:&quot;Nunito&quot;;font-style:normal;font-weight:400;margin:0;--fontSize:36;line-height:1.2;\">Chat<\/h2><\/div><div class=\"fusion-image-element \" style=\"--awb-margin-bottom:10px;--awb-caption-title-font-family:var(--h2_typography-font-family);--awb-caption-title-font-weight:var(--h2_typography-font-weight);--awb-caption-title-font-style:var(--h2_typography-font-style);--awb-caption-title-size:var(--h2_typography-font-size);--awb-caption-title-transform:var(--h2_typography-text-transform);--awb-caption-title-line-height:var(--h2_typography-line-height);--awb-caption-title-letter-spacing:var(--h2_typography-letter-spacing);\"><span class=\" fusion-imageframe imageframe-none imageframe-1 hover-type-none\"><img decoding=\"async\" width=\"355\" height=\"500\" title=\"man-chat\" src=\"https:\/\/thecirkl.app\/wp-content\/uploads\/2022\/11\/man-chat-1.png\" data-orig-src=\"https:\/\/thecirkl.app\/wp-content\/uploads\/2022\/11\/man-chat-1-355x500.png\" alt class=\"lazyload img-responsive wp-image-2339\" srcset=\"data:image\/svg+xml,%3Csvg%20xmlns%3D%27http%3A%2F%2Fwww.w3.org%2F2000%2Fsvg%27%20width%3D%271284%27%20height%3D%271810%27%20viewBox%3D%270%200%201284%201810%27%3E%3Crect%20width%3D%271284%27%20height%3D%271810%27%20fill-opacity%3D%220%22%2F%3E%3C%2Fsvg%3E\" data-srcset=\"https:\/\/thecirkl.app\/wp-content\/uploads\/2022\/11\/man-chat-1-200x282.png 200w, https:\/\/thecirkl.app\/wp-content\/uploads\/2022\/11\/man-chat-1-400x564.png 400w, https:\/\/thecirkl.app\/wp-content\/uploads\/2022\/11\/man-chat-1-600x846.png 600w, https:\/\/thecirkl.app\/wp-content\/uploads\/2022\/11\/man-chat-1-800x1128.png 800w, https:\/\/thecirkl.app\/wp-content\/uploads\/2022\/11\/man-chat-1-1200x1692.png 1200w, https:\/\/thecirkl.app\/wp-content\/uploads\/2022\/11\/man-chat-1.png 1284w\" data-sizes=\"auto\" data-orig-sizes=\"(max-width: 1024px) 100vw, (max-width: 640px) 100vw, 1200px\" \/><\/span><\/div><div class=\"fusion-text fusion-text-1 fusion-text-no-margin\" style=\"--awb-margin-bottom:10px;--awb-text-font-family:&quot;Nunito&quot;;--awb-text-font-style:normal;--awb-text-font-weight:400;\"><p>Prata med och uppdatera varandra: Chatta s\u00e4kert inom familjen oberoende vilka telefoner ni har. F\u00f6rutom ett levande samtal med text och foton s\u00e5 uppdateras hela familjen om aktiviteter, uppgifter och listor i chatten.<\/p>\n<p>Du n\u00e5r chattfunktionen l\u00e4ngst ned till v\u00e4nster p\u00e5 Cirklmenyn p\u00e5 Cirkls startsida. P\u00e5 chattsidan kan du v\u00e4lja mellan att chatta med hela familjen eller med enstaka familjemedlemmar.<\/p>\n<p>Du skriver in ditt meddelande i chattens nederkant. H\u00e4r kan du \u00e4ven bifoga bilder genom att trycka p\u00e5 bilder-ikonen till h\u00f6ger om inmatningsf\u00e4ltet. I det f\u00f6nster som dyker upp kan du v\u00e4lja mellan att:<\/p>\n<ul>\n<li>L\u00e4gg till bild fr\u00e5n biblioteket<\/li>\n<li>Anv\u00e4nd kameran<\/li>\n<li>L\u00e4gg till GIF eller sticker fr\u00e5n Giphy<\/li>\n<\/ul>\n<p>Ol\u00e4sta meddelanden markeras p\u00e5 flera st\u00e4llen:<\/p>\n<ul>\n<li>Cirkls ikon p\u00e5 telefonens hemsk\u00e4rm<\/li>\n<li>Chattikonen p\u00e5 Cirklmenyn p\u00e5 startsidan<\/li>\n<li>P\u00e5 aktuell chatt p\u00e5 chattsidan<\/li>\n<\/ul>\n<p>Du f\u00e5r notis om ett nytt chattmeddelanden antingen via din telefons notisfunktion eller notiser inne i Cirkl.<\/p>\n<\/div><div class=\"fusion-text fusion-text-2 fusion-text-no-margin\" style=\"--awb-margin-bottom:10px;--awb-text-font-family:&quot;Nunito&quot;;--awb-text-font-style:normal;--awb-text-font-weight:400;\"><p>&lt;&lt; <a href=\"https:\/\/thecirkl.app\/get-started\/\">Tillbaka till &#8220;S\u00e5 funkar Cirkl&#8221;<\/a><\/p>\n<\/div><\/div><\/div><\/div><\/div>\n","protected":false},"excerpt":{"rendered":"","protected":false},"author":1,"featured_media":0,"parent":1601,"menu_order":0,"comment_status":"closed","ping_status":"closed","template":"blank.php","meta":{"footnotes":""},"class_list":["post-2331","page","type-page","status-publish","hentry"],"aioseo_notices":[],"_links":{"self":[{"href":"https:\/\/thecirkl.app\/sv\/wp-json\/wp\/v2\/pages\/2331","targetHints":{"allow":["GET"]}}],"collection":[{"href":"https:\/\/thecirkl.app\/sv\/wp-json\/wp\/v2\/pages"}],"about":[{"href":"https:\/\/thecirkl.app\/sv\/wp-json\/wp\/v2\/types\/page"}],"author":[{"embeddable":true,"href":"https:\/\/thecirkl.app\/sv\/wp-json\/wp\/v2\/users\/1"}],"replies":[{"embeddable":true,"href":"https:\/\/thecirkl.app\/sv\/wp-json\/wp\/v2\/comments?post=2331"}],"version-history":[{"count":5,"href":"https:\/\/thecirkl.app\/sv\/wp-json\/wp\/v2\/pages\/2331\/revisions"}],"predecessor-version":[{"id":2443,"href":"https:\/\/thecirkl.app\/sv\/wp-json\/wp\/v2\/pages\/2331\/revisions\/2443"}],"up":[{"embeddable":true,"href":"https:\/\/thecirkl.app\/sv\/wp-json\/wp\/v2\/pages\/1601"}],"wp:attachment":[{"href":"https:\/\/thecirkl.app\/sv\/wp-json\/wp\/v2\/media?parent=2331"}],"curies":[{"name":"wp","href":"https:\/\/api.w.org\/{rel}","templated":true}]}}