{"id":2325,"date":"2022-11-02T18:51:34","date_gmt":"2022-11-02T18:51:34","guid":{"rendered":"https:\/\/thecirkl.app\/?page_id=2325"},"modified":"2022-11-05T11:14:51","modified_gmt":"2022-11-05T11:14:51","slug":"hitta","status":"publish","type":"page","link":"https:\/\/thecirkl.app\/sv\/get-started\/hitta\/","title":{"rendered":"Hitta"},"content":{"rendered":"<div class=\"fusion-fullwidth fullwidth-box fusion-builder-row-1 fusion-flex-container nonhundred-percent-fullwidth non-hundred-percent-height-scrolling\" style=\"--awb-border-radius-top-left:0px;--awb-border-radius-top-right:0px;--awb-border-radius-bottom-right:0px;--awb-border-radius-bottom-left:0px;--awb-flex-wrap:wrap;\" ><div class=\"fusion-builder-row fusion-row fusion-flex-align-items-flex-start fusion-flex-content-wrap\" style=\"max-width:1216.8px;margin-left: calc(-4% \/ 2 );margin-right: calc(-4% \/ 2 );\"><div class=\"fusion-layout-column fusion_builder_column fusion-builder-column-0 fusion_builder_column_1_1 1_1 fusion-flex-column\" style=\"--awb-bg-size:cover;--awb-width-large:100%;--awb-margin-top-large:0px;--awb-spacing-right-large:1.92%;--awb-margin-bottom-large:0px;--awb-spacing-left-large:1.92%;--awb-width-medium:100%;--awb-order-medium:0;--awb-spacing-right-medium:1.92%;--awb-spacing-left-medium:1.92%;--awb-width-small:100%;--awb-order-small:0;--awb-spacing-right-small:1.92%;--awb-spacing-left-small:1.92%;\"><div class=\"fusion-column-wrapper fusion-column-has-shadow fusion-flex-justify-content-flex-start fusion-content-layout-column\"><div class=\"fusion-title title fusion-title-1 fusion-sep-none fusion-title-text fusion-title-size-two\" style=\"--awb-margin-bottom:10px;\"><h2 class=\"fusion-title-heading title-heading-left fusion-responsive-typography-calculated\" style=\"font-family:&quot;Nunito&quot;;font-style:normal;font-weight:400;margin:0;--fontSize:36;line-height:1.2;\">Hitta<\/h2><\/div><div class=\"fusion-image-element \" style=\"--awb-margin-bottom:10px;--awb-caption-title-font-family:var(--h2_typography-font-family);--awb-caption-title-font-weight:var(--h2_typography-font-weight);--awb-caption-title-font-style:var(--h2_typography-font-style);--awb-caption-title-size:var(--h2_typography-font-size);--awb-caption-title-transform:var(--h2_typography-text-transform);--awb-caption-title-line-height:var(--h2_typography-line-height);--awb-caption-title-letter-spacing:var(--h2_typography-letter-spacing);\"><span class=\" fusion-imageframe imageframe-none imageframe-1 hover-type-none\"><img decoding=\"async\" width=\"332\" height=\"500\" src=\"https:\/\/thecirkl.app\/wp-content\/uploads\/2022\/11\/man-hitta.png\" data-orig-src=\"https:\/\/thecirkl.app\/wp-content\/uploads\/2022\/11\/man-hitta-332x500.png\" alt class=\"lazyload img-responsive wp-image-2327\" srcset=\"data:image\/svg+xml,%3Csvg%20xmlns%3D%27http%3A%2F%2Fwww.w3.org%2F2000%2Fsvg%27%20width%3D%271284%27%20height%3D%271934%27%20viewBox%3D%270%200%201284%201934%27%3E%3Crect%20width%3D%271284%27%20height%3D%271934%27%20fill-opacity%3D%220%22%2F%3E%3C%2Fsvg%3E\" data-srcset=\"https:\/\/thecirkl.app\/wp-content\/uploads\/2022\/11\/man-hitta-200x301.png 200w, https:\/\/thecirkl.app\/wp-content\/uploads\/2022\/11\/man-hitta-400x602.png 400w, https:\/\/thecirkl.app\/wp-content\/uploads\/2022\/11\/man-hitta-600x904.png 600w, https:\/\/thecirkl.app\/wp-content\/uploads\/2022\/11\/man-hitta-800x1205.png 800w, https:\/\/thecirkl.app\/wp-content\/uploads\/2022\/11\/man-hitta-1200x1807.png 1200w, https:\/\/thecirkl.app\/wp-content\/uploads\/2022\/11\/man-hitta.png 1284w\" data-sizes=\"auto\" data-orig-sizes=\"(max-width: 1024px) 100vw, (max-width: 640px) 100vw, 1200px\" \/><\/span><\/div><div class=\"fusion-text fusion-text-1 fusion-text-no-margin\" style=\"--awb-margin-bottom:10px;--awb-text-font-family:&quot;Nunito&quot;;--awb-text-font-style:normal;--awb-text-font-weight:400;\"><p>Cirkl erbjuder en kraftfull hitta-funktion d\u00e4r du p\u00e5 ett enkelt s\u00e4tt kan n\u00e5 all information om din familj, oavsett funktion.<\/p>\n<p>S\u00f6ker du exempelvis p\u00e5 fotboll s\u00e5 dyker de aktiviteter, listor, uppgifter och anteckningar upp som handlar om just fotboll och du kan g\u00e5 direkt till det du s\u00f6kte efter.<\/p>\n<p>Hitta-funktionen \u00e5terfinns p\u00e5 Cirklmenyn l\u00e4ngst ned p\u00e5 startsidan.<\/p>\n<p>N\u00e4r du b\u00f6rjar skriva in det du s\u00f6ker efter dyker direkt upp det inneh\u00e5ll som inneh\u00e5ller det du s\u00f6ker efter och markeras i gult.<\/p>\n<\/div><div class=\"fusion-text fusion-text-2 fusion-text-no-margin\" style=\"--awb-margin-bottom:10px;--awb-text-font-family:&quot;Nunito&quot;;--awb-text-font-style:normal;--awb-text-font-weight:400;\"><p>&lt;&lt; <a href=\"https:\/\/thecirkl.app\/get-started\/\">Tillbaka till &#8220;S\u00e5 funkar Cirkl&#8221;<\/a><\/p>\n<\/div><\/div><\/div><\/div><\/div>\n","protected":false},"excerpt":{"rendered":"","protected":false},"author":1,"featured_media":0,"parent":1601,"menu_order":0,"comment_status":"closed","ping_status":"closed","template":"blank.php","meta":{"footnotes":""},"class_list":["post-2325","page","type-page","status-publish","hentry"],"aioseo_notices":[],"_links":{"self":[{"href":"https:\/\/thecirkl.app\/sv\/wp-json\/wp\/v2\/pages\/2325","targetHints":{"allow":["GET"]}}],"collection":[{"href":"https:\/\/thecirkl.app\/sv\/wp-json\/wp\/v2\/pages"}],"about":[{"href":"https:\/\/thecirkl.app\/sv\/wp-json\/wp\/v2\/types\/page"}],"author":[{"embeddable":true,"href":"https:\/\/thecirkl.app\/sv\/wp-json\/wp\/v2\/users\/1"}],"replies":[{"embeddable":true,"href":"https:\/\/thecirkl.app\/sv\/wp-json\/wp\/v2\/comments?post=2325"}],"version-history":[{"count":4,"href":"https:\/\/thecirkl.app\/sv\/wp-json\/wp\/v2\/pages\/2325\/revisions"}],"predecessor-version":[{"id":2446,"href":"https:\/\/thecirkl.app\/sv\/wp-json\/wp\/v2\/pages\/2325\/revisions\/2446"}],"up":[{"embeddable":true,"href":"https:\/\/thecirkl.app\/sv\/wp-json\/wp\/v2\/pages\/1601"}],"wp:attachment":[{"href":"https:\/\/thecirkl.app\/sv\/wp-json\/wp\/v2\/media?parent=2325"}],"curies":[{"name":"wp","href":"https:\/\/api.w.org\/{rel}","templated":true}]}}