{"id":2319,"date":"2022-11-02T18:40:04","date_gmt":"2022-11-02T18:40:04","guid":{"rendered":"https:\/\/thecirkl.app\/?page_id=2319"},"modified":"2022-11-05T11:18:30","modified_gmt":"2022-11-05T11:18:30","slug":"recept","status":"publish","type":"page","link":"https:\/\/thecirkl.app\/sv\/get-started\/recept\/","title":{"rendered":"Recept"},"content":{"rendered":"<div class=\"fusion-fullwidth fullwidth-box fusion-builder-row-1 fusion-flex-container nonhundred-percent-fullwidth non-hundred-percent-height-scrolling\" style=\"--awb-border-radius-top-left:0px;--awb-border-radius-top-right:0px;--awb-border-radius-bottom-right:0px;--awb-border-radius-bottom-left:0px;--awb-flex-wrap:wrap;\" ><div class=\"fusion-builder-row fusion-row fusion-flex-align-items-flex-start fusion-flex-content-wrap\" style=\"max-width:1216.8px;margin-left: calc(-4% \/ 2 );margin-right: calc(-4% \/ 2 );\"><div class=\"fusion-layout-column fusion_builder_column fusion-builder-column-0 fusion_builder_column_1_1 1_1 fusion-flex-column\" style=\"--awb-bg-size:cover;--awb-width-large:100%;--awb-margin-top-large:0px;--awb-spacing-right-large:1.92%;--awb-margin-bottom-large:0px;--awb-spacing-left-large:1.92%;--awb-width-medium:100%;--awb-order-medium:0;--awb-spacing-right-medium:1.92%;--awb-spacing-left-medium:1.92%;--awb-width-small:100%;--awb-order-small:0;--awb-spacing-right-small:1.92%;--awb-spacing-left-small:1.92%;\"><div class=\"fusion-column-wrapper fusion-column-has-shadow fusion-flex-justify-content-flex-start fusion-content-layout-column\"><div class=\"fusion-title title fusion-title-1 fusion-sep-none fusion-title-text fusion-title-size-two\" style=\"--awb-margin-bottom:10px;\"><h2 class=\"fusion-title-heading title-heading-left fusion-responsive-typography-calculated\" style=\"font-family:&quot;Nunito&quot;;font-style:normal;font-weight:400;margin:0;--fontSize:36;line-height:1.2;\">Recept<\/h2><\/div><div class=\"fusion-image-element \" style=\"--awb-margin-bottom:10px;--awb-caption-title-font-family:var(--h2_typography-font-family);--awb-caption-title-font-weight:var(--h2_typography-font-weight);--awb-caption-title-font-style:var(--h2_typography-font-style);--awb-caption-title-size:var(--h2_typography-font-size);--awb-caption-title-transform:var(--h2_typography-text-transform);--awb-caption-title-line-height:var(--h2_typography-line-height);--awb-caption-title-letter-spacing:var(--h2_typography-letter-spacing);\"><span class=\" fusion-imageframe imageframe-none imageframe-1 hover-type-none\"><img decoding=\"async\" width=\"386\" height=\"500\" src=\"https:\/\/thecirkl.app\/wp-content\/uploads\/2022\/11\/man-recept.png\" data-orig-src=\"https:\/\/thecirkl.app\/wp-content\/uploads\/2022\/11\/man-recept-386x500.png\" alt class=\"lazyload img-responsive wp-image-2321\" srcset=\"data:image\/svg+xml,%3Csvg%20xmlns%3D%27http%3A%2F%2Fwww.w3.org%2F2000%2Fsvg%27%20width%3D%271126%27%20height%3D%271458%27%20viewBox%3D%270%200%201126%201458%27%3E%3Crect%20width%3D%271126%27%20height%3D%271458%27%20fill-opacity%3D%220%22%2F%3E%3C%2Fsvg%3E\" data-srcset=\"https:\/\/thecirkl.app\/wp-content\/uploads\/2022\/11\/man-recept-200x259.png 200w, https:\/\/thecirkl.app\/wp-content\/uploads\/2022\/11\/man-recept-400x518.png 400w, https:\/\/thecirkl.app\/wp-content\/uploads\/2022\/11\/man-recept-600x777.png 600w, https:\/\/thecirkl.app\/wp-content\/uploads\/2022\/11\/man-recept-800x1036.png 800w, https:\/\/thecirkl.app\/wp-content\/uploads\/2022\/11\/man-recept.png 1126w\" data-sizes=\"auto\" data-orig-sizes=\"(max-width: 1024px) 100vw, (max-width: 640px) 100vw, 386px\" \/><\/span><\/div><div class=\"fusion-text fusion-text-1 fusion-text-no-margin\" style=\"--awb-margin-bottom:10px;--awb-text-font-family:&quot;Nunito&quot;;--awb-text-font-style:normal;--awb-text-font-weight:400;\"><p>Med hj\u00e4lp av Cirkls Receptfunktion kan ni samla era favoritrecept fr\u00e5n webben eller l\u00e4gga in era egna kreationer, f\u00f6r att f\u00f6renkla en stor och viktig del av familjelivet \u2013 matlagningen. Cirkls Recept hj\u00e4lper dig att alltid ha svar p\u00e5 fr\u00e5gan: \u201dVad blir det f\u00f6r mat?\u201d.<\/p>\n<p>Du n\u00e5r era recept genom att trycka p\u00e5 Recept-brickan p\u00e5 startsidan. P\u00e5 Receptsidan listas era recept och ni har m\u00f6jlighet att l\u00e4gga till nya genom att trycka p\u00e5 den bl\u00e5 plus-knappen l\u00e4ngst ned till h\u00f6ger.<\/p>\n<p>Nu f\u00e5r du tv\u00e5 alternativ:<\/p>\n<ol>\n<li>L\u00e4gg till ditt eget recept<\/li>\n<li>L\u00e4gg till fr\u00e5n webbsida<\/li>\n<\/ol>\n<p>Genom att v\u00e4lja \u201dL\u00e4gg till ditt eget recept\u201d \u00f6ppnas ett f\u00f6nster d\u00e4r du kan ange:<\/p>\n<ul>\n<li>Namn p\u00e5 receptet<\/li>\n<li>Vilka som kan \u00e4ndra och se receptet<\/li>\n<li>Kategorier<\/li>\n<li>Bild<\/li>\n<li>Portioner<\/li>\n<li>Tillagningstid<\/li>\n<li>K\u00e4lla<\/li>\n<li>Ingredienser<\/li>\n<li>Instruktion<\/li>\n<\/ul>\n<p>Efter att du tryckt p\u00e5 Spara hittar du nu receptet i din receptsamling.<\/p>\n<p>Genom att v\u00e4lja \u201dL\u00e4gg till fr\u00e5n webbsida\u201d kan du l\u00e4tt kopiera in en l\u00e4nk till ett recept fr\u00e5n webben. Efter 5-10 sekunder har informationen fr\u00e5n receptl\u00e4nken lagts till, och du kan v\u00e4lja ett granska och redigera receptet och sedan spara, eller spara receptet direkt till er receptsamling.<\/p>\n<p>Det finns dessutom ytterligare ett s\u00e4tt att kopiera ett recept fr\u00e5n webben och det \u00e4r genom telefonens dela-funktion i webbl\u00e4saren. Genom att trycka p\u00e5 dela och sedan Cirkl \u00f6ppnas en dialog s\u00e5 att du p\u00e5 ett enkelt s\u00e4tt kan l\u00e4gga till receptet i din receptsamling.<\/p>\n<p>Ett tips \u00e4r att tagga era recept med exempelvis br\u00f6d, vegetariskt, grillat, mm. f\u00f6r enkel navigering. Genom att trycka p\u00e5 en viss kategori i receptsamlingen visas enbart de recept som taggats med kategorin i fr\u00e5ga.<\/p>\n<\/div><div class=\"fusion-text fusion-text-2 fusion-text-no-margin\" style=\"--awb-margin-bottom:10px;--awb-text-font-family:&quot;Nunito&quot;;--awb-text-font-style:normal;--awb-text-font-weight:400;\"><p>&lt;&lt; <a href=\"https:\/\/thecirkl.app\/get-started\/\">Tillbaka till &#8220;S\u00e5 funkar Cirkl&#8221;<\/a><\/p>\n<\/div><\/div><\/div><\/div><\/div>\n","protected":false},"excerpt":{"rendered":"","protected":false},"author":1,"featured_media":0,"parent":1601,"menu_order":0,"comment_status":"closed","ping_status":"closed","template":"blank.php","meta":{"footnotes":""},"class_list":["post-2319","page","type-page","status-publish","hentry"],"aioseo_notices":[],"_links":{"self":[{"href":"https:\/\/thecirkl.app\/sv\/wp-json\/wp\/v2\/pages\/2319","targetHints":{"allow":["GET"]}}],"collection":[{"href":"https:\/\/thecirkl.app\/sv\/wp-json\/wp\/v2\/pages"}],"about":[{"href":"https:\/\/thecirkl.app\/sv\/wp-json\/wp\/v2\/types\/page"}],"author":[{"embeddable":true,"href":"https:\/\/thecirkl.app\/sv\/wp-json\/wp\/v2\/users\/1"}],"replies":[{"embeddable":true,"href":"https:\/\/thecirkl.app\/sv\/wp-json\/wp\/v2\/comments?post=2319"}],"version-history":[{"count":4,"href":"https:\/\/thecirkl.app\/sv\/wp-json\/wp\/v2\/pages\/2319\/revisions"}],"predecessor-version":[{"id":2454,"href":"https:\/\/thecirkl.app\/sv\/wp-json\/wp\/v2\/pages\/2319\/revisions\/2454"}],"up":[{"embeddable":true,"href":"https:\/\/thecirkl.app\/sv\/wp-json\/wp\/v2\/pages\/1601"}],"wp:attachment":[{"href":"https:\/\/thecirkl.app\/sv\/wp-json\/wp\/v2\/media?parent=2319"}],"curies":[{"name":"wp","href":"https:\/\/api.w.org\/{rel}","templated":true}]}}