{"id":2313,"date":"2022-11-02T18:35:28","date_gmt":"2022-11-02T18:35:28","guid":{"rendered":"https:\/\/thecirkl.app\/?page_id=2313"},"modified":"2022-11-05T11:18:02","modified_gmt":"2022-11-05T11:18:02","slug":"matinkop","status":"publish","type":"page","link":"https:\/\/thecirkl.app\/sv\/get-started\/matinkop\/","title":{"rendered":"Matink\u00f6p"},"content":{"rendered":"<div class=\"fusion-fullwidth fullwidth-box fusion-builder-row-1 fusion-flex-container nonhundred-percent-fullwidth non-hundred-percent-height-scrolling\" style=\"--awb-border-radius-top-left:0px;--awb-border-radius-top-right:0px;--awb-border-radius-bottom-right:0px;--awb-border-radius-bottom-left:0px;--awb-flex-wrap:wrap;\" ><div class=\"fusion-builder-row fusion-row fusion-flex-align-items-flex-start fusion-flex-content-wrap\" style=\"max-width:1216.8px;margin-left: calc(-4% \/ 2 );margin-right: calc(-4% \/ 2 );\"><div class=\"fusion-layout-column fusion_builder_column fusion-builder-column-0 fusion_builder_column_1_1 1_1 fusion-flex-column\" style=\"--awb-bg-size:cover;--awb-width-large:100%;--awb-margin-top-large:0px;--awb-spacing-right-large:1.92%;--awb-margin-bottom-large:0px;--awb-spacing-left-large:1.92%;--awb-width-medium:100%;--awb-order-medium:0;--awb-spacing-right-medium:1.92%;--awb-spacing-left-medium:1.92%;--awb-width-small:100%;--awb-order-small:0;--awb-spacing-right-small:1.92%;--awb-spacing-left-small:1.92%;\"><div class=\"fusion-column-wrapper fusion-column-has-shadow fusion-flex-justify-content-flex-start fusion-content-layout-column\"><div class=\"fusion-title title fusion-title-1 fusion-sep-none fusion-title-text fusion-title-size-two\" style=\"--awb-margin-bottom:10px;\"><h2 class=\"fusion-title-heading title-heading-left fusion-responsive-typography-calculated\" style=\"font-family:&quot;Nunito&quot;;font-style:normal;font-weight:400;margin:0;--fontSize:36;line-height:1.2;\">Matink\u00f6p<\/h2><\/div><div class=\"fusion-image-element \" style=\"--awb-margin-bottom:10px;--awb-caption-title-font-family:var(--h2_typography-font-family);--awb-caption-title-font-weight:var(--h2_typography-font-weight);--awb-caption-title-font-style:var(--h2_typography-font-style);--awb-caption-title-size:var(--h2_typography-font-size);--awb-caption-title-transform:var(--h2_typography-text-transform);--awb-caption-title-line-height:var(--h2_typography-line-height);--awb-caption-title-letter-spacing:var(--h2_typography-letter-spacing);\"><span class=\" fusion-imageframe imageframe-none imageframe-1 hover-type-none\"><img decoding=\"async\" width=\"401\" height=\"500\" src=\"https:\/\/thecirkl.app\/wp-content\/uploads\/2022\/11\/man-shop.png\" data-orig-src=\"https:\/\/thecirkl.app\/wp-content\/uploads\/2022\/11\/man-shop-401x500.png\" alt class=\"lazyload img-responsive wp-image-2315\" srcset=\"data:image\/svg+xml,%3Csvg%20xmlns%3D%27http%3A%2F%2Fwww.w3.org%2F2000%2Fsvg%27%20width%3D%271126%27%20height%3D%271404%27%20viewBox%3D%270%200%201126%201404%27%3E%3Crect%20width%3D%271126%27%20height%3D%271404%27%20fill-opacity%3D%220%22%2F%3E%3C%2Fsvg%3E\" data-srcset=\"https:\/\/thecirkl.app\/wp-content\/uploads\/2022\/11\/man-shop-200x249.png 200w, https:\/\/thecirkl.app\/wp-content\/uploads\/2022\/11\/man-shop-400x499.png 400w, https:\/\/thecirkl.app\/wp-content\/uploads\/2022\/11\/man-shop-600x748.png 600w, https:\/\/thecirkl.app\/wp-content\/uploads\/2022\/11\/man-shop-800x998.png 800w, https:\/\/thecirkl.app\/wp-content\/uploads\/2022\/11\/man-shop.png 1126w\" data-sizes=\"auto\" data-orig-sizes=\"(max-width: 1024px) 100vw, (max-width: 640px) 100vw, 401px\" \/><\/span><\/div><div class=\"fusion-text fusion-text-1 fusion-text-no-margin\" style=\"--awb-margin-bottom:10px;--awb-text-font-family:&quot;Nunito&quot;;--awb-text-font-style:normal;--awb-text-font-weight:400;\"><p>Cirkls matink\u00f6p-funktion kan du och din familj skapa exempelvis listor f\u00f6r veckohandling och m\u00e5nadshandling, s\u00e5 att hela familjen enkelt l\u00e4gga till varor som ska k\u00f6pas in. Listorna g\u00e5r att ordna s\u00e5 att de passar din favoritbutik. Listorna uppdateras live s\u00e5 man kan dela upp jobbet i aff\u00e4ren.<\/p>\n<p><strong>Ink\u00f6pslistor<\/strong><\/p>\n<p>Du n\u00e5r matink\u00f6psfunktionen genom att trycka p\u00e5 matink\u00f6ps-brickan p\u00e5 startsidan. H\u00e4r hittar du de eventuella shoppinglistor du och din familj redan skapat eller skapa en ny genom att trycka p\u00e5 plus-symbolen l\u00e4ngst ned till h\u00f6ger.<\/p>\n<p>N\u00e4r du skapar en ny ink\u00f6pslista anger du en rubrik samt de familjemedlemmar som ska kunna \u00e4ndra eller se ink\u00f6pslistan.<\/p>\n<p>Du l\u00e4gger till varor p\u00e5 din ink\u00f6pslista genom att \u00f6ppna en lista och sedan trycka p\u00e5 det gr\u00f6na plus-tecknet l\u00e4ngst ned till h\u00f6ger. Du kan v\u00e4lja varor i Cirkls databas genom att klicka p\u00e5 en kategori och sedan leta upp den vara du vill l\u00e4gga till p\u00e5 listan.<\/p>\n<p>Det g\u00e5r ocks\u00e5 att l\u00e4gga till en vara genom att skriva in den efters\u00f6kta varan i f\u00e4ltet \u201dVad vill du l\u00e4gga till?\u201d. H\u00e4r kan du enkelt v\u00e4lja mellan de varor som dyker upp som f\u00f6rslag eller l\u00e4gga till en ny.<\/p>\n<p>Nytillagda varor hamnar i \u00f6vrigt-kategorin men du kan l\u00e4tt v\u00e4lja en annan av kategorierna, genom att trycka p\u00e5 varan och v\u00e4lja \u201d\u00d6vrigt\u201d och sedan den kategori som \u00f6nskas.<\/p>\n<p>Du kan enkelt ange antal och enhet f\u00f6r alla varor genom att klicka p\u00e5 den och ange \u00f6nskad information i det f\u00f6nster som dyker upp.<\/p>\n<p>F\u00f6r att underl\u00e4tta ink\u00f6pen kommer du l\u00e4tt \u00e5t tidigare ink\u00f6pta varor genom att trycka p\u00e5 fliken \u201dTidigare ink\u00f6pta\u201d i \u00f6verkanten.<\/p>\n<p>N\u00e4r du g\u00e5r och handlar kan du och din familj gemensamt l\u00e4gga varor i kundvagnen och bocka av dem p\u00e5 listan i realtid.<\/p>\n<p>Avbockade varor ligger kvar p\u00e5 ink\u00f6pslistan tills du g\u00e5r ut ur listan.<\/p>\n<p>Genom att trycka p\u00e5 de tre punkterna l\u00e4ngst upp till h\u00f6ger kan du:<\/p>\n<ul>\n<li>G\u00f6mma avbockade varor<\/li>\n<li>Visa avbockade varor idag<\/li>\n<li>Visa allt avbockat<\/li>\n<li>\u00c5terst\u00e4ll avbockade varor<\/li>\n<li>Radera ink\u00f6pslistan<\/li>\n<\/ul>\n<p>\u00a0<\/p>\n<\/div><div class=\"fusion-text fusion-text-2 fusion-text-no-margin\" style=\"--awb-margin-top:10px;--awb-margin-bottom:10px;--awb-text-font-family:&quot;Nunito&quot;;--awb-text-font-style:normal;--awb-text-font-weight:400;\"><p>&lt;&lt; <a href=\"https:\/\/thecirkl.app\/get-started\/\">Tillbaka till &#8220;S\u00e5 funkar Cirkl&#8221;<\/a><\/p>\n<\/div><\/div><\/div><\/div><\/div>\n","protected":false},"excerpt":{"rendered":"","protected":false},"author":1,"featured_media":0,"parent":1601,"menu_order":0,"comment_status":"closed","ping_status":"closed","template":"blank.php","meta":{"footnotes":""},"class_list":["post-2313","page","type-page","status-publish","hentry"],"aioseo_notices":[],"_links":{"self":[{"href":"https:\/\/thecirkl.app\/sv\/wp-json\/wp\/v2\/pages\/2313","targetHints":{"allow":["GET"]}}],"collection":[{"href":"https:\/\/thecirkl.app\/sv\/wp-json\/wp\/v2\/pages"}],"about":[{"href":"https:\/\/thecirkl.app\/sv\/wp-json\/wp\/v2\/types\/page"}],"author":[{"embeddable":true,"href":"https:\/\/thecirkl.app\/sv\/wp-json\/wp\/v2\/users\/1"}],"replies":[{"embeddable":true,"href":"https:\/\/thecirkl.app\/sv\/wp-json\/wp\/v2\/comments?post=2313"}],"version-history":[{"count":4,"href":"https:\/\/thecirkl.app\/sv\/wp-json\/wp\/v2\/pages\/2313\/revisions"}],"predecessor-version":[{"id":2453,"href":"https:\/\/thecirkl.app\/sv\/wp-json\/wp\/v2\/pages\/2313\/revisions\/2453"}],"up":[{"embeddable":true,"href":"https:\/\/thecirkl.app\/sv\/wp-json\/wp\/v2\/pages\/1601"}],"wp:attachment":[{"href":"https:\/\/thecirkl.app\/sv\/wp-json\/wp\/v2\/media?parent=2313"}],"curies":[{"name":"wp","href":"https:\/\/api.w.org\/{rel}","templated":true}]}}