{"id":2302,"date":"2022-11-02T18:24:04","date_gmt":"2022-11-02T18:24:04","guid":{"rendered":"https:\/\/thecirkl.app\/?page_id=2302"},"modified":"2023-11-02T13:26:10","modified_gmt":"2023-11-02T13:26:10","slug":"listmallar","status":"publish","type":"page","link":"https:\/\/thecirkl.app\/sv\/get-started\/listmallar\/","title":{"rendered":"Listmallar och f\u00e4rdiga checklistor"},"content":{"rendered":"<div class=\"fusion-fullwidth fullwidth-box fusion-builder-row-1 fusion-flex-container nonhundred-percent-fullwidth non-hundred-percent-height-scrolling\" style=\"--awb-border-radius-top-left:0px;--awb-border-radius-top-right:0px;--awb-border-radius-bottom-right:0px;--awb-border-radius-bottom-left:0px;--awb-flex-wrap:wrap;\" ><div class=\"fusion-builder-row fusion-row fusion-flex-align-items-flex-start fusion-flex-content-wrap\" style=\"max-width:1216.8px;margin-left: calc(-4% \/ 2 );margin-right: calc(-4% \/ 2 );\"><div class=\"fusion-layout-column fusion_builder_column fusion-builder-column-0 fusion_builder_column_1_1 1_1 fusion-flex-column\" style=\"--awb-bg-size:cover;--awb-width-large:100%;--awb-margin-top-large:0px;--awb-spacing-right-large:1.92%;--awb-margin-bottom-large:0px;--awb-spacing-left-large:1.92%;--awb-width-medium:100%;--awb-order-medium:0;--awb-spacing-right-medium:1.92%;--awb-spacing-left-medium:1.92%;--awb-width-small:100%;--awb-order-small:0;--awb-spacing-right-small:1.92%;--awb-spacing-left-small:1.92%;\"><div class=\"fusion-column-wrapper fusion-column-has-shadow fusion-flex-justify-content-flex-start fusion-content-layout-column\"><div class=\"fusion-title title fusion-title-1 fusion-sep-none fusion-title-text fusion-title-size-two\" style=\"--awb-margin-bottom:10px;\"><h2 class=\"fusion-title-heading title-heading-left fusion-responsive-typography-calculated\" style=\"font-family:&quot;Nunito&quot;;font-style:normal;font-weight:400;margin:0;--fontSize:36;line-height:1.2;\">Listmallar<\/h2><\/div><div class=\"fusion-text fusion-text-1 fusion-text-no-margin\" style=\"--awb-margin-bottom:10px;--awb-text-font-family:&quot;Nunito&quot;;--awb-text-font-style:normal;--awb-text-font-weight:400;\"><p>Du kan skapa \u00e5teranv\u00e4ndbara listmallar f\u00f6r resor, st\u00e4dning, tv\u00e4tt eller st\u00e4ngning av sommarhuset, genom att antingen kopiera en tidigare skapad checklista (se mer om checklistor under <a href=\"https:\/\/thecirkl.app\/att-gora\/\">Att g\u00f6ra<\/a>) eller skapa en ny.<\/p>\n<p>Du skapar en ny checklistemall genom att trycka p\u00e5 Listmall-brickan p\u00e5 startsidan och sedan trycka p\u00e5 plus-knappen i det nedre h\u00f6gra h\u00f6rnet.<\/p>\n<p>N\u00e4r du skapar en checklistemall kan du ange detaljerad information som:<\/p>\n<ul>\n<li>deltagare<\/li>\n<li>rubrik<\/li>\n<li>eventuellt slutdatum<\/li>\n<li>kategorier<\/li>\n<li>uppgifter<\/li>\n<\/ul>\n<p>N\u00e4r du har skapat och sparat en listmall kan du anv\u00e4nda den till att skapa nya checklistor eller mallar genom att trycka p\u00e5 de tre punkterna l\u00e4ngst upp till h\u00f6ger och v\u00e4lja &#8220;Kopiera till checklista&#8221; eller &#8220;Kopiera till checklistemall&#8221;.<\/p>\n<\/div><div class=\"fusion-title title fusion-title-2 fusion-sep-none fusion-title-text fusion-title-size-two\" style=\"--awb-margin-bottom:10px;\"><h2 class=\"fusion-title-heading title-heading-left fusion-responsive-typography-calculated\" style=\"font-family:&quot;Nunito&quot;;font-style:normal;font-weight:400;margin:0;--fontSize:36;line-height:1.2;\">F\u00e4rdiga checklistor<\/h2><\/div><div class=\"fusion-text fusion-text-2 fusion-text-no-margin\" style=\"--awb-margin-bottom:10px;--awb-text-font-family:&quot;Nunito&quot;;--awb-text-font-style:normal;--awb-text-font-weight:400;\"><p>Cirkl erbjuder \u00e4ven ett antal listmallar som kan anv\u00e4ndas som checklistor, hur m\u00e5nga g\u00e5nger som helst.<\/p>\n<p>Exempel p\u00e5 listmallar r\u00f6r:<\/p>\n<ul>\n<li>st\u00e4dning,<\/li>\n<li>skolg\u00e5ng,<\/li>\n<li>husdjur,<\/li>\n<li>packlistor,<\/li>\n<li>fritidshus,<\/li>\n<li>s\u00e4kerhet och<\/li>\n<li>sk Cirklm\u00f6ten.<\/li>\n<\/ul>\n<p>N\u00e4r du har skapat och sparat en listmall kan du anv\u00e4nda den till att skapa nya checklistor eller mallar genom att trycka p\u00e5 de tre punkterna l\u00e4ngst upp till h\u00f6ger och v\u00e4lja &#8220;Kopiera till checklista&#8221; eller &#8220;Kopiera till checklistemall&#8221;.<\/p>\n<p>F\u00f6r att illustrera hur detta fungerar kan vi titta n\u00e4rmare p\u00e5 checklistemallen &#8220;Checklista inf\u00f6r skolstarten&#8221;.<\/p>\n<p><img decoding=\"async\" class=\"lazyload alignnone size-medium wp-image-4009\" src=\"https:\/\/thecirkl.app\/wp-content\/uploads\/2023\/02\/cirkl-list-template-331x500.png\" data-orig-src=\"https:\/\/thecirkl.app\/wp-content\/uploads\/2023\/02\/cirkl-list-template-331x500.png\" alt=\"\" width=\"331\" height=\"500\" srcset=\"data:image\/svg+xml,%3Csvg%20xmlns%3D%27http%3A%2F%2Fwww.w3.org%2F2000%2Fsvg%27%20width%3D%27331%27%20height%3D%27500%27%20viewBox%3D%270%200%20331%20500%27%3E%3Crect%20width%3D%27331%27%20height%3D%27500%27%20fill-opacity%3D%220%22%2F%3E%3C%2Fsvg%3E\" data-srcset=\"https:\/\/thecirkl.app\/wp-content\/uploads\/2023\/02\/cirkl-list-template-200x302.png 200w, https:\/\/thecirkl.app\/wp-content\/uploads\/2023\/02\/cirkl-list-template-331x500.png 331w, https:\/\/thecirkl.app\/wp-content\/uploads\/2023\/02\/cirkl-list-template-400x603.png 400w, https:\/\/thecirkl.app\/wp-content\/uploads\/2023\/02\/cirkl-list-template-600x905.png 600w, https:\/\/thecirkl.app\/wp-content\/uploads\/2023\/02\/cirkl-list-template-679x1024.png 679w, https:\/\/thecirkl.app\/wp-content\/uploads\/2023\/02\/cirkl-list-template-768x1159.png 768w, https:\/\/thecirkl.app\/wp-content\/uploads\/2023\/02\/cirkl-list-template-800x1207.png 800w, https:\/\/thecirkl.app\/wp-content\/uploads\/2023\/02\/cirkl-list-template-1018x1536.png 1018w, https:\/\/thecirkl.app\/wp-content\/uploads\/2023\/02\/cirkl-list-template-1200x1810.png 1200w, https:\/\/thecirkl.app\/wp-content\/uploads\/2023\/02\/cirkl-list-template-1357x2048.png 1357w, https:\/\/thecirkl.app\/wp-content\/uploads\/2023\/02\/cirkl-list-template.png 1905w\" data-sizes=\"auto\" data-orig-sizes=\"(max-width: 331px) 100vw, 331px\" \/><\/p>\n<p>Denna f\u00e4rdiga listmall har vi skapat f\u00f6r att du och din Cirkl ska f\u00e5 koll p\u00e5 vad som beh\u00f6ver fixas innan skolstart. Listan funkar givetvis ocks\u00e5 bra om du har barn som g\u00e5r p\u00e5 f\u00f6rskola.<\/p>\n<p>Vissa delar handlar om att l\u00e4gga in saker i Cirkl f\u00f6r att f\u00e5 koll, annat handlar om att uppdatera skolan med information, vad som kan beh\u00f6va inhandlas osv.<\/p>\n<p>Hur spara ner den f\u00e4rdiga listmallen?<\/p>\n<p>Klicka p\u00e5 ikonen \u201cAtt g\u00f6ra\u201d p\u00e5 startsidan. L\u00e4ngst till h\u00f6ger finns d\u00e4r en flik som heter \u201cListmallar\u201d.<\/p>\n<p><img decoding=\"async\" class=\"lazyload alignnone size-medium wp-image-4481\" src=\"https:\/\/thecirkl.app\/wp-content\/uploads\/2023\/06\/Skolstart-checklista-500x276.jpeg\" data-orig-src=\"https:\/\/thecirkl.app\/wp-content\/uploads\/2023\/06\/Skolstart-checklista-500x276.jpeg\" alt=\"\" width=\"500\" height=\"276\" srcset=\"data:image\/svg+xml,%3Csvg%20xmlns%3D%27http%3A%2F%2Fwww.w3.org%2F2000%2Fsvg%27%20width%3D%27500%27%20height%3D%27276%27%20viewBox%3D%270%200%20500%20276%27%3E%3Crect%20width%3D%27500%27%20height%3D%27276%27%20fill-opacity%3D%220%22%2F%3E%3C%2Fsvg%3E\" data-srcset=\"https:\/\/thecirkl.app\/wp-content\/uploads\/2023\/06\/Skolstart-checklista-200x110.jpeg 200w, https:\/\/thecirkl.app\/wp-content\/uploads\/2023\/06\/Skolstart-checklista-400x221.jpeg 400w, https:\/\/thecirkl.app\/wp-content\/uploads\/2023\/06\/Skolstart-checklista-500x276.jpeg 500w, https:\/\/thecirkl.app\/wp-content\/uploads\/2023\/06\/Skolstart-checklista-600x331.jpeg 600w, https:\/\/thecirkl.app\/wp-content\/uploads\/2023\/06\/Skolstart-checklista-768x423.jpeg 768w, https:\/\/thecirkl.app\/wp-content\/uploads\/2023\/06\/Skolstart-checklista-800x441.jpeg 800w, https:\/\/thecirkl.app\/wp-content\/uploads\/2023\/06\/Skolstart-checklista-1024x565.jpeg 1024w, https:\/\/thecirkl.app\/wp-content\/uploads\/2023\/06\/Skolstart-checklista.jpeg 1170w\" data-sizes=\"auto\" data-orig-sizes=\"(max-width: 500px) 100vw, 500px\" \/><\/p>\n<p>Vill du anv\u00e4nda en listmall direkt tryck d\u00e5 p\u00e5 \u201cKopiera till checklista\u201d.<\/p>\n<p>Vill du skapa en listmall som du kan anv\u00e4nda om och om igen, trycker du p\u00e5 \u201cKopiera till checklistemall\u201d.<\/p>\n<p>Givetvis kan du \u00e4ndra i listan s\u00e5 att den passar just er Cirkl.<\/p>\n<\/div><div class=\"fusion-text fusion-text-3 fusion-text-no-margin\" style=\"--awb-margin-bottom:10px;--awb-text-font-family:&quot;Nunito&quot;;--awb-text-font-style:normal;--awb-text-font-weight:400;\"><p>&lt;&lt; <a href=\"https:\/\/thecirkl.app\/get-started\/\">Tillbaka till &#8220;S\u00e5 funkar Cirkl&#8221;<\/a><\/p>\n<\/div><\/div><\/div><\/div><\/div>\n","protected":false},"excerpt":{"rendered":"","protected":false},"author":1,"featured_media":0,"parent":1601,"menu_order":0,"comment_status":"closed","ping_status":"closed","template":"blank.php","meta":{"footnotes":""},"class_list":["post-2302","page","type-page","status-publish","hentry"],"aioseo_notices":[],"_links":{"self":[{"href":"https:\/\/thecirkl.app\/sv\/wp-json\/wp\/v2\/pages\/2302","targetHints":{"allow":["GET"]}}],"collection":[{"href":"https:\/\/thecirkl.app\/sv\/wp-json\/wp\/v2\/pages"}],"about":[{"href":"https:\/\/thecirkl.app\/sv\/wp-json\/wp\/v2\/types\/page"}],"author":[{"embeddable":true,"href":"https:\/\/thecirkl.app\/sv\/wp-json\/wp\/v2\/users\/1"}],"replies":[{"embeddable":true,"href":"https:\/\/thecirkl.app\/sv\/wp-json\/wp\/v2\/comments?post=2302"}],"version-history":[{"count":8,"href":"https:\/\/thecirkl.app\/sv\/wp-json\/wp\/v2\/pages\/2302\/revisions"}],"predecessor-version":[{"id":4893,"href":"https:\/\/thecirkl.app\/sv\/wp-json\/wp\/v2\/pages\/2302\/revisions\/4893"}],"up":[{"embeddable":true,"href":"https:\/\/thecirkl.app\/sv\/wp-json\/wp\/v2\/pages\/1601"}],"wp:attachment":[{"href":"https:\/\/thecirkl.app\/sv\/wp-json\/wp\/v2\/media?parent=2302"}],"curies":[{"name":"wp","href":"https:\/\/api.w.org\/{rel}","templated":true}]}}