{"id":2135,"date":"2022-10-18T07:39:09","date_gmt":"2022-10-18T07:39:09","guid":{"rendered":"https:\/\/thecirkl.app\/?page_id=2135"},"modified":"2024-01-09T12:47:49","modified_gmt":"2024-01-09T12:47:49","slug":"help-calendarimport","status":"publish","type":"page","link":"https:\/\/thecirkl.app\/sv\/help-calendarimport\/","title":{"rendered":"INAPP Kalenderimport"},"content":{"rendered":"<p><em><strong>Importerade kalendrar<\/strong><\/em><\/p>\n<p>I menyvalet \u201dImporterade kalendrar\u201d kan du importera andra kalendrar som exempelvis Outlook, Google Calendar och Apples iCloud-kalender s\u00e5 att du ser dessa i din Cirkls kalender.<\/p>\n<p>Till att b\u00f6rja med beh\u00f6ver du kopiera kalenderl\u00e4nken fr\u00e5n din andra kalender. Olika eposttj\u00e4nstter fungerar p\u00e5 olika s\u00e4tt men det finns bra beskrivningar hos respektive tj\u00e4nst:<\/p>\n<p><em>Outlook<\/em><\/p>\n<p><a href=\"https:\/\/support.microsoft.com\/sv-se\/office\/dela-en-outlook-kalender-med-andra-353ed2c1-3ec5-449d-8c73-6931a0adab88\">Dela en Outlook-kalender med andra<\/a><\/p>\n<p><a href=\"https:\/\/support.microsoft.com\/sv-se\/office\/dela-din-kalender-i-outlook-p%C3%A5-webben-7ecef8ae-139c-40d9-bae2-a23977ee58d5\">Dela din kalender i Outlook p\u00e5 webben<\/a><\/p>\n<p><em>Google<\/em><\/p>\n<p><a href=\"https:\/\/support.google.com\/calendar\/answer\/37648?hl=en#zippy=%2Cget-your-calendar-view-only\">Sync your calendar with computer programs<\/a> (Obs! Relevant information finns under rubriken \u201cGet your calendar (view only)\u201d.)<\/p>\n<p><em>Apple<\/em><\/p>\n<p><a href=\"https:\/\/support.apple.com\/sv-se\/guide\/iphone\/iph7613c4fb\/ios\">Dela iCloud-kalendrar p\u00e5 iPhone<\/a><\/p>\n<p><strong>Import av kalender<\/strong><\/p>\n<p>Efter att ha kopierat l\u00e4nken till den kalender du vill importera i Cirkl, tryck p\u00e5 \u201dImporterade kalendrar\u201d under inst\u00e4llningar och sedan p\u00e5 den bl\u00e5 plus-symbolen i nere till h\u00f6ger. Tryck sedan p\u00e5 \u201dImporterad kalender\u201d i det f\u00f6nster som dyker upp. N\u00e4sta steg \u00e4r att ange ett antal uppgifter:<\/p>\n<ul>\n<li>Namn p\u00e5 kalender<\/li>\n<li>Klistra in webbl\u00e4nk (kalenderl\u00e4nken fr\u00e5n den kalender du vill importera till Cirkl)<\/li>\n<li>Deltagare: H\u00e4r v\u00e4ljer du vilka av medlemmarna i din Cirkl som ska f\u00e5 se den importerade kalendern.<\/li>\n<li>P\u00e5minnelse: H\u00e4r anger du eventuella standardp\u00e5minnelser f\u00f6r h\u00e4ndelser i den importerade kalendern.<\/li>\n<\/ul>\n<p>Tryck p\u00e5 \u201dSpara\u201d n\u00e4r du \u00e4r klar.<\/p>\n","protected":false},"excerpt":{"rendered":"<p>Importerade kalendrar I menyvalet \u201dImporterade kalendrar\u201d kan du importera andra kalendrar som exempelvis Outlook, Google Calendar och Apples iCloud-kalender s\u00e5 att du ser dessa i din Cirkls kalender. Till att b\u00f6rja med beh\u00f6ver du kopiera kalenderl\u00e4nken fr\u00e5n din andra kalender. [&hellip;]<\/p>\n","protected":false},"author":1,"featured_media":0,"parent":0,"menu_order":0,"comment_status":"closed","ping_status":"closed","template":"100-width.php","meta":{"footnotes":""},"class_list":["post-2135","page","type-page","status-publish","hentry"],"aioseo_notices":[],"_links":{"self":[{"href":"https:\/\/thecirkl.app\/sv\/wp-json\/wp\/v2\/pages\/2135","targetHints":{"allow":["GET"]}}],"collection":[{"href":"https:\/\/thecirkl.app\/sv\/wp-json\/wp\/v2\/pages"}],"about":[{"href":"https:\/\/thecirkl.app\/sv\/wp-json\/wp\/v2\/types\/page"}],"author":[{"embeddable":true,"href":"https:\/\/thecirkl.app\/sv\/wp-json\/wp\/v2\/users\/1"}],"replies":[{"embeddable":true,"href":"https:\/\/thecirkl.app\/sv\/wp-json\/wp\/v2\/comments?post=2135"}],"version-history":[{"count":6,"href":"https:\/\/thecirkl.app\/sv\/wp-json\/wp\/v2\/pages\/2135\/revisions"}],"predecessor-version":[{"id":5126,"href":"https:\/\/thecirkl.app\/sv\/wp-json\/wp\/v2\/pages\/2135\/revisions\/5126"}],"wp:attachment":[{"href":"https:\/\/thecirkl.app\/sv\/wp-json\/wp\/v2\/media?parent=2135"}],"curies":[{"name":"wp","href":"https:\/\/api.w.org\/{rel}","templated":true}]}}