{"id":2130,"date":"2022-10-18T07:34:56","date_gmt":"2022-10-18T07:34:56","guid":{"rendered":"https:\/\/thecirkl.app\/?page_id=2130"},"modified":"2024-01-09T13:07:23","modified_gmt":"2024-01-09T13:07:23","slug":"help-calendarlink","status":"publish","type":"page","link":"https:\/\/thecirkl.app\/sv\/help-calendarlink\/","title":{"rendered":"Kalenderl\u00e4nk"},"content":{"rendered":"<div class=\"fusion-fullwidth fullwidth-box fusion-builder-row-1 fusion-flex-container nonhundred-percent-fullwidth non-hundred-percent-height-scrolling\" style=\"--awb-border-radius-top-left:0px;--awb-border-radius-top-right:0px;--awb-border-radius-bottom-right:0px;--awb-border-radius-bottom-left:0px;--awb-flex-wrap:wrap;\" ><div class=\"fusion-builder-row fusion-row fusion-flex-align-items-flex-start fusion-flex-content-wrap\" style=\"max-width:1216.8px;margin-left: calc(-4% \/ 2 );margin-right: calc(-4% \/ 2 );\"><div class=\"fusion-layout-column fusion_builder_column fusion-builder-column-0 fusion_builder_column_1_1 1_1 fusion-flex-column\" style=\"--awb-bg-blend:overlay;--awb-bg-size:cover;--awb-width-large:100%;--awb-margin-top-large:0px;--awb-spacing-right-large:1.92%;--awb-margin-bottom-large:0px;--awb-spacing-left-large:1.92%;--awb-width-medium:100%;--awb-spacing-right-medium:1.92%;--awb-spacing-left-medium:1.92%;--awb-width-small:100%;--awb-spacing-right-small:1.92%;--awb-spacing-left-small:1.92%;\"><div class=\"fusion-column-wrapper fusion-flex-justify-content-flex-start fusion-content-layout-column\"><div class=\"fusion-text fusion-text-1\"><h2><strong>Kalenderl\u00e4nk<\/strong><\/h2>\n<p>Genom att skapa en kalenderl\u00e4nk kan du se Cirkls kalendrar i andra kalendrar, som exempelvis Outlook, Google Calendar och Apples iCloud-kalender.<\/p>\n<h3><strong>Skapa en l\u00e4nk i Cirkl:<\/strong><\/h3>\n<ol>\n<li>V\u00e4lj symbolen f\u00f6r inst\u00e4llningar uppe till h\u00f6ger.<\/li>\n<li>V\u00e4lj &#8220;Export av din Cirkl-kalender&#8221;<\/li>\n<li>Tryck p\u00e5 +-knappen Och sen &#8220;Export av din Cirkl-kalender&#8221;<\/li>\n<li>Om du \u00e4r med i flera Cirklar v\u00e4ljer du den du vill exportera.<\/li>\n<li>V\u00e4lj om du vill ha en l\u00e4nk som bara visar det du \u00e4r deltagare p\u00e5 eller om du vill ha med de d\u00e4r du inte \u00e4r deltagare men f\u00f6ljare.<\/li>\n<li>Tryck p\u00e5 Spara<\/li>\n<li>Tryck p\u00e5 Kopiera\/skicka l\u00e4nk<\/li>\n<li>Du kan h\u00e4r v\u00e4lja om du vill kopiera l\u00e4nken eller t ex skicka den med e-post f\u00f6r att g\u00f6ra n\u00e4sta steg p\u00e5 en dator.<\/li>\n<\/ol>\n<h3><strong>L\u00e4gg till i Google calendar<\/strong><\/h3>\n<ol>\n<li>G\u00e5 till din Google kalender p\u00e5 webben.<\/li>\n<li>Till v\u00e4nster vid &#8220;Andra kalendrar&#8221; (Other calendars), v\u00e4lj +-knappen.<\/li>\n<li>V\u00e4lj &#8220;Fr\u00e5n webbadress&#8221; (From URL).<\/li>\n<li>Klistra in l\u00e4nken f\u00f6r Cirkl-kalendern.<\/li>\n<li>V\u00e4lj &#8220;L\u00e4gg till kalendern&#8221;.<\/li>\n<\/ol>\n<p><em>(L\u00e4nkar till mer information om Google Calendar &#8211; se nedan.)<\/em><\/p>\n<h3><strong>L\u00e4gg till i Outlook<\/strong><\/h3>\n<ol>\n<li>G\u00e5 till Outlook.com och logga in<\/li>\n<li>V\u00e4lj kalender-knappen<\/li>\n<li>V\u00e4lj &#8220;L\u00e4gg till kalender&#8221;<\/li>\n<li>V\u00e4lj &#8220;Prenumerera via webben&#8221;<\/li>\n<li>Klistra in l\u00e4nken f\u00f6r Cirkl-kalendern<\/li>\n<li>Ge kalendern ett namn och om du vill en f\u00e4rg.<\/li>\n<li>V\u00e4lj &#8220;Importera&#8221; (OBS! Enligt Microsoft s\u00e5 kan det ta 3 timmar innan kalendern uppdateras, och ibland \u00e4nnu l\u00e4ngre)<\/li>\n<\/ol>\n<p><em>(L\u00e4nkar till mer information om Outlook &#8211; se nedan.)<\/em><\/p>\n<p><strong>L\u00e4gg till i kalender p\u00e5 iPhone (iOS17)<\/strong><\/p>\n<ul>\n<li>\u00d6ppna kalender-appen p\u00e5 telefonen.<\/li>\n<li>Tryck p\u00e5 &#8220;Kalendrar&#8221; l\u00e4ngst ned p\u00e5 sk\u00e4rmen<\/li>\n<li>V\u00e4lj &#8220;L\u00e4gg till kalender&#8221;.<\/li>\n<li>V\u00e4lj &#8220;L\u00e4gg till abonnerad kalender&#8221;<\/li>\n<li>Klistra in l\u00e4nken till din Cirkl-kalender och v\u00e4lj &#8220;Abonnera&#8221;<\/li>\n<li>H\u00e4r kan du v\u00e4lja namn p\u00e5 kalendern, f\u00e4rg mm.<\/li>\n<li>V\u00e4lj &#8220;L\u00e4gg till&#8221; n\u00e4r du \u00e4r klar med valen.<\/li>\n<\/ul>\n<p><em>(L\u00e4nkar till mer information om Apple (iOS) &#8211; se nedan.)<\/em><\/p>\n<p><strong>Notera<\/strong><\/p>\n<p>N\u00e4r du l\u00e4ser in en kalenderl\u00e4nk fr\u00e5n Cirkl i en annan kalender, kommer du enbart att kunna *se* Cirkls aktiviteter. \u00c4ndringar m\u00e5ste g\u00f6ras i Cirkl-appen. Alla Cirkl-aktiviteter inneh\u00e5ller en l\u00e4nk som \u00f6ppnar upp Cirkl-appen i mobil eller surfplatta f\u00f6r enkel redigering.<\/p>\n<p>\u00c4ven om Cirkls kalenderl\u00e4nkar uppdateras var 5:e minut, kan uppdateringen av \u00e4ndringar i Cirkls kalender ta flera timmar innan de sl\u00e5r igenom. Detta \u00e4r n\u00e5got som ligger utom Cirkls kontroll.<\/p>\n<h3>Externa l\u00e4nkar<\/h3>\n<p><strong>Outlook<\/strong><\/p>\n<p><a href=\"https:\/\/support.microsoft.com\/sv-se\/office\/importera-och-prenumerera-p%C3%A5-en-kalender-i-outlook-com-cff1429c-5af6-41ec-a5b4-74f2c278e98c\">Importera och prenumerera p\u00e5 en kalender i Outlook.com<\/a><\/p>\n<p><a href=\"https:\/\/support.microsoft.com\/sv-se\/office\/importera-kalendrar-till-outlook-8e8364e1-400e-4c0f-a573-fe76b5a2d379\">L\u00e4gga till och importera kalendrar i Outlook f\u00f6r Windows<\/a><\/p>\n<p><a href=\"https:\/\/support.microsoft.com\/sv-se\/office\/importera-ical-objekt-till-outlook-f%C3%B6r-mac-0450a248-6a40-4f84-ba9c-6c545bc11639\">Importera iCal-objekt till Outlook f\u00f6r Mac<\/a><\/p>\n<p><strong>Google Calendar<\/strong><\/p>\n<p><a href=\"https:\/\/support.google.com\/calendar\/answer\/37100?hl=en&amp;co=GENIE.Platform%3DDesktop\">Import events to Google Calendar<\/a> (Obs! Scrolla ned till rubriken \u201c<em>Use a link to add a public calendar<\/em>\u201d och f\u00f6lj instruktionerna nedanf\u00f6r.)<\/p>\n<p><strong>Apple<\/strong><\/p>\n<p><a href=\"https:\/\/support.apple.com\/sv-se\/guide\/iphone\/iph3d1110d4\/ios\">St\u00e4lla in flera kalendrar p\u00e5 iPhone<\/a><\/p>\n<p><a href=\"https:\/\/support.apple.com\/sv-se\/guide\/calendar\/icl1022\/mac\">Prenumerera p\u00e5 kalendrar p\u00e5 Mac<\/a><\/p>\n<\/div><\/div><\/div><\/div><\/div>\n","protected":false},"excerpt":{"rendered":"","protected":false},"author":1,"featured_media":0,"parent":0,"menu_order":0,"comment_status":"closed","ping_status":"closed","template":"100-width.php","meta":{"footnotes":""},"class_list":["post-2130","page","type-page","status-publish","hentry"],"aioseo_notices":[],"_links":{"self":[{"href":"https:\/\/thecirkl.app\/sv\/wp-json\/wp\/v2\/pages\/2130","targetHints":{"allow":["GET"]}}],"collection":[{"href":"https:\/\/thecirkl.app\/sv\/wp-json\/wp\/v2\/pages"}],"about":[{"href":"https:\/\/thecirkl.app\/sv\/wp-json\/wp\/v2\/types\/page"}],"author":[{"embeddable":true,"href":"https:\/\/thecirkl.app\/sv\/wp-json\/wp\/v2\/users\/1"}],"replies":[{"embeddable":true,"href":"https:\/\/thecirkl.app\/sv\/wp-json\/wp\/v2\/comments?post=2130"}],"version-history":[{"count":12,"href":"https:\/\/thecirkl.app\/sv\/wp-json\/wp\/v2\/pages\/2130\/revisions"}],"predecessor-version":[{"id":5135,"href":"https:\/\/thecirkl.app\/sv\/wp-json\/wp\/v2\/pages\/2130\/revisions\/5135"}],"wp:attachment":[{"href":"https:\/\/thecirkl.app\/sv\/wp-json\/wp\/v2\/media?parent=2130"}],"curies":[{"name":"wp","href":"https:\/\/api.w.org\/{rel}","templated":true}]}}