{"id":1608,"date":"2022-08-25T08:34:06","date_gmt":"2022-08-25T08:34:06","guid":{"rendered":"https:\/\/thecirkl.app\/?page_id=1608"},"modified":"2023-01-13T09:29:53","modified_gmt":"2023-01-13T09:29:53","slug":"coming-features","status":"publish","type":"page","link":"https:\/\/thecirkl.app\/sv\/coming-features\/","title":{"rendered":"Tips &#038; nyheter"},"content":{"rendered":"<p><div class=\"fusion-fullwidth fullwidth-box fusion-builder-row-1 fusion-flex-container nonhundred-percent-fullwidth non-hundred-percent-height-scrolling\" style=\"--awb-border-radius-top-left:0px;--awb-border-radius-top-right:0px;--awb-border-radius-bottom-right:0px;--awb-border-radius-bottom-left:0px;--awb-flex-wrap:wrap;\" ><div class=\"fusion-builder-row fusion-row fusion-flex-align-items-flex-start fusion-flex-content-wrap\" style=\"max-width:1216.8px;margin-left: calc(-4% \/ 2 );margin-right: calc(-4% \/ 2 );\"><div class=\"fusion-layout-column fusion_builder_column fusion-builder-column-0 fusion_builder_column_1_1 1_1 fusion-flex-column\" style=\"--awb-bg-size:cover;--awb-width-large:100%;--awb-margin-top-large:0px;--awb-spacing-right-large:1.92%;--awb-margin-bottom-large:0px;--awb-spacing-left-large:1.92%;--awb-width-medium:100%;--awb-order-medium:0;--awb-spacing-right-medium:1.92%;--awb-spacing-left-medium:1.92%;--awb-width-small:100%;--awb-order-small:0;--awb-spacing-right-small:1.92%;--awb-spacing-left-small:1.92%;\"><div class=\"fusion-column-wrapper fusion-column-has-shadow fusion-flex-justify-content-flex-start fusion-content-layout-column\"><div class=\"fusion-text fusion-text-1\"><\/div><div class=\"fusion-image-element \" style=\"--awb-margin-bottom:20px;--awb-caption-title-font-family:var(--h2_typography-font-family);--awb-caption-title-font-weight:var(--h2_typography-font-weight);--awb-caption-title-font-style:var(--h2_typography-font-style);--awb-caption-title-size:var(--h2_typography-font-size);--awb-caption-title-transform:var(--h2_typography-text-transform);--awb-caption-title-line-height:var(--h2_typography-line-height);--awb-caption-title-letter-spacing:var(--h2_typography-letter-spacing);\"><span class=\" fusion-imageframe imageframe-none imageframe-1 hover-type-none\"><img decoding=\"async\" width=\"1024\" height=\"680\" title=\"upcoming\" src=\"https:\/\/thecirkl.app\/wp-content\/uploads\/2022\/11\/upcoming.jpg\" data-orig-src=\"https:\/\/thecirkl.app\/wp-content\/uploads\/2022\/11\/upcoming.jpg\" alt class=\"lazyload img-responsive wp-image-2233\" srcset=\"data:image\/svg+xml,%3Csvg%20xmlns%3D%27http%3A%2F%2Fwww.w3.org%2F2000%2Fsvg%27%20width%3D%271024%27%20height%3D%27680%27%20viewBox%3D%270%200%201024%20680%27%3E%3Crect%20width%3D%271024%27%20height%3D%27680%27%20fill-opacity%3D%220%22%2F%3E%3C%2Fsvg%3E\" data-srcset=\"https:\/\/thecirkl.app\/wp-content\/uploads\/2022\/11\/upcoming-200x133.jpg 200w, https:\/\/thecirkl.app\/wp-content\/uploads\/2022\/11\/upcoming-400x266.jpg 400w, https:\/\/thecirkl.app\/wp-content\/uploads\/2022\/11\/upcoming-600x398.jpg 600w, https:\/\/thecirkl.app\/wp-content\/uploads\/2022\/11\/upcoming-800x531.jpg 800w, https:\/\/thecirkl.app\/wp-content\/uploads\/2022\/11\/upcoming.jpg 1024w\" data-sizes=\"auto\" data-orig-sizes=\"(max-width: 1024px) 100vw, (max-width: 640px) 100vw, 1024px\" \/><\/span><\/div><div class=\"fusion-text fusion-text-2\" style=\"--awb-text-font-family:&quot;Nunito&quot;;--awb-text-font-style:normal;--awb-text-font-weight:400;\"><h2 data-ccp-props=\"{\">PRIS<\/h2>\n<p><strong>49 kronor\/m\u00e5nad per Cirkl<\/strong><\/p>\n<ul>\n<li>Pris per Cirkl \u00e4r 49 kronor per m\u00e5nad.<\/li>\n<li>Obegr\u00e4nsat antal medlemmar per Cirkl ing\u00e5r i priset.<\/li>\n<li>Testa gratis i 1 m\u00e5nad.<\/li>\n<li>Ingen upps\u00e4gningstid.<\/li>\n<li>Som betalande administrat\u00f6r kan du utan extra kostnad skapa ytterligare Cirklar, exempelvis f\u00f6r kompisg\u00e4nget, matlagningsg\u00e4nget eller bokcirkeln.<\/li>\n<\/ul>\n<p><em>F\u00f6rtydligande: <\/em>Notera att det endast \u00e4r en (1) person i din\/er Cirkl som skapar sj\u00e4lva Cirkeln. D\u00e4refter bjuder du\/den personen in \u00f6vriga medlemmar.<\/p>\n<h2 data-ccp-props=\"{\">NYHETER\u200b<\/h2>\n<p data-ccp-props=\"{\"><strong>Press release 11 januari 2023 &#8211; mer om Cirkl och vilka vi \u00e4r.<\/strong><\/p>\n<p data-ccp-props=\"{\">L\u00e4s h\u00e4r: <a title=\"L\u00e4s mer h\u00e4r\" href=\"https:\/\/via.tt.se\/pressmeddelande\/nu-lanseras-familjeappen-cirkl?publisherId=3236642&amp;releaseId=3337844&amp;lang=sv\">Press release<\/a><\/p>\n<p data-ccp-props=\"{\"><strong>M\u00e5ltidsplanering<\/strong><\/p>\n<p>I versionen (2.0.14) har vi sl\u00e4ppt denna funktion.\u00a0H\u00e4r kan du och din familj planera in era m\u00e5ltider med tid, deltagare och recept. Du kan \u00e4ven skriva en egen kommentar under rubriken &#8220;Beskrivning&#8221;.<\/p>\n<h2>KOMMANDE<\/h2>\n<p><strong>Cirkl &#8211; m<\/strong><strong>er \u00e4n en app <\/strong><\/p>\n<p>Inom kort kommer vi inne i appen att presentera fler metoder, familjer\u00e5d, inspiration och lustbetonade familjehacks som g\u00f6r vardagen enklare och roligare.<\/p>\n<p><strong>Skapa ink\u00f6pslista fr\u00e5n recept\u200b<\/strong><\/p>\n<p><span data-usefontface=\"true\" data-contrast=\"none\">Genom denna funktion kommer du kunna f\u00f6ra \u00f6ver ingredienserna i ett recept till en ink\u00f6pslista i Cirkl.\u00a0<\/span><\/p>\n<h2>SURFPLATTA<\/h2>\n<p>Du vet v\u00e4l om att Cirkl \u00e4ven fungerar p\u00e5 en surfplatta. S\u00e5 har du ex en iPad som ligger &amp; skr\u00e4par, plocka fram den &amp; placera den i k\u00f6ket f\u00f6r l\u00e4tt access och en st\u00f6rre vy f\u00f6r b\u00e4ttre \u00f6verblick.<\/p>\n<\/div><\/div><\/div><\/div><\/div><div class=\"fusion-fullwidth fullwidth-box fusion-builder-row-2 fusion-flex-container nonhundred-percent-fullwidth non-hundred-percent-height-scrolling\" style=\"--awb-border-radius-top-left:0px;--awb-border-radius-top-right:0px;--awb-border-radius-bottom-right:0px;--awb-border-radius-bottom-left:0px;--awb-flex-wrap:wrap;\" ><div class=\"fusion-builder-row fusion-row fusion-flex-align-items-flex-start fusion-flex-content-wrap\" style=\"max-width:1216.8px;margin-left: calc(-4% \/ 2 );margin-right: calc(-4% \/ 2 );\"><div class=\"fusion-layout-column fusion_builder_column fusion-builder-column-1 fusion_builder_column_1_1 1_1 fusion-flex-column\" style=\"--awb-bg-size:cover;--awb-width-large:100%;--awb-margin-top-large:0px;--awb-spacing-right-large:1.92%;--awb-margin-bottom-large:0px;--awb-spacing-left-large:1.92%;--awb-width-medium:100%;--awb-order-medium:0;--awb-spacing-right-medium:1.92%;--awb-spacing-left-medium:1.92%;--awb-width-small:100%;--awb-order-small:0;--awb-spacing-right-small:1.92%;--awb-spacing-left-small:1.92%;\"><div class=\"fusion-column-wrapper fusion-column-has-shadow fusion-flex-justify-content-flex-start fusion-content-layout-column\"><\/div><\/div><\/div><\/div><\/p>\n","protected":false},"excerpt":{"rendered":"","protected":false},"author":1,"featured_media":0,"parent":0,"menu_order":0,"comment_status":"closed","ping_status":"closed","template":"100-width.php","meta":{"footnotes":""},"class_list":["post-1608","page","type-page","status-publish","hentry"],"aioseo_notices":[],"_links":{"self":[{"href":"https:\/\/thecirkl.app\/sv\/wp-json\/wp\/v2\/pages\/1608","targetHints":{"allow":["GET"]}}],"collection":[{"href":"https:\/\/thecirkl.app\/sv\/wp-json\/wp\/v2\/pages"}],"about":[{"href":"https:\/\/thecirkl.app\/sv\/wp-json\/wp\/v2\/types\/page"}],"author":[{"embeddable":true,"href":"https:\/\/thecirkl.app\/sv\/wp-json\/wp\/v2\/users\/1"}],"replies":[{"embeddable":true,"href":"https:\/\/thecirkl.app\/sv\/wp-json\/wp\/v2\/comments?post=1608"}],"version-history":[{"count":57,"href":"https:\/\/thecirkl.app\/sv\/wp-json\/wp\/v2\/pages\/1608\/revisions"}],"predecessor-version":[{"id":3239,"href":"https:\/\/thecirkl.app\/sv\/wp-json\/wp\/v2\/pages\/1608\/revisions\/3239"}],"wp:attachment":[{"href":"https:\/\/thecirkl.app\/sv\/wp-json\/wp\/v2\/media?parent=1608"}],"curies":[{"name":"wp","href":"https:\/\/api.w.org\/{rel}","templated":true}]}}