{"id":1603,"date":"2022-08-25T08:20:51","date_gmt":"2022-08-25T08:20:51","guid":{"rendered":"https:\/\/thecirkl.app\/?page_id=1603"},"modified":"2023-01-10T09:54:41","modified_gmt":"2023-01-10T09:54:41","slug":"cirkl-meeting","status":"publish","type":"page","link":"https:\/\/thecirkl.app\/sv\/cirkl-meeting\/","title":{"rendered":"Cirklm\u00f6te"},"content":{"rendered":"<p><div class=\"fusion-fullwidth fullwidth-box fusion-builder-row-1 fusion-flex-container nonhundred-percent-fullwidth non-hundred-percent-height-scrolling\" style=\"--awb-border-radius-top-left:0px;--awb-border-radius-top-right:0px;--awb-border-radius-bottom-right:0px;--awb-border-radius-bottom-left:0px;--awb-flex-wrap:wrap;\" ><div class=\"fusion-builder-row fusion-row fusion-flex-align-items-flex-start fusion-flex-content-wrap\" style=\"max-width:1216.8px;margin-left: calc(-4% \/ 2 );margin-right: calc(-4% \/ 2 );\"><div class=\"fusion-layout-column fusion_builder_column fusion-builder-column-0 fusion_builder_column_1_1 1_1 fusion-flex-column\" style=\"--awb-bg-size:cover;--awb-width-large:100%;--awb-margin-top-large:0px;--awb-spacing-right-large:1.92%;--awb-margin-bottom-large:0px;--awb-spacing-left-large:1.92%;--awb-width-medium:100%;--awb-order-medium:0;--awb-spacing-right-medium:1.92%;--awb-spacing-left-medium:1.92%;--awb-width-small:100%;--awb-order-small:0;--awb-spacing-right-small:1.92%;--awb-spacing-left-small:1.92%;\"><div class=\"fusion-column-wrapper fusion-column-has-shadow fusion-flex-justify-content-flex-start fusion-content-layout-column\"><div class=\"fusion-text fusion-text-1\"><h1>Cirklm\u00f6te<\/h1>\n<\/div><div class=\"fusion-image-element \" style=\"--awb-caption-title-font-family:var(--h2_typography-font-family);--awb-caption-title-font-weight:var(--h2_typography-font-weight);--awb-caption-title-font-style:var(--h2_typography-font-style);--awb-caption-title-size:var(--h2_typography-font-size);--awb-caption-title-transform:var(--h2_typography-text-transform);--awb-caption-title-line-height:var(--h2_typography-line-height);--awb-caption-title-letter-spacing:var(--h2_typography-letter-spacing);\"><span class=\" fusion-imageframe imageframe-none imageframe-1 hover-type-none\"><img decoding=\"async\" width=\"2560\" height=\"2005\" title=\"Group of Diverse Multiethnic People Teamwork\" src=\"https:\/\/thecirkl.app\/wp-content\/uploads\/2022\/08\/cirklmtng-large-scaled.jpg\" data-orig-src=\"https:\/\/thecirkl.app\/wp-content\/uploads\/2022\/08\/cirklmtng-large-scaled.jpg\" alt class=\"lazyload img-responsive wp-image-1634\" srcset=\"data:image\/svg+xml,%3Csvg%20xmlns%3D%27http%3A%2F%2Fwww.w3.org%2F2000%2Fsvg%27%20width%3D%272560%27%20height%3D%272005%27%20viewBox%3D%270%200%202560%202005%27%3E%3Crect%20width%3D%272560%27%20height%3D%272005%27%20fill-opacity%3D%220%22%2F%3E%3C%2Fsvg%3E\" data-srcset=\"https:\/\/thecirkl.app\/wp-content\/uploads\/2022\/08\/cirklmtng-large-200x157.jpg 200w, https:\/\/thecirkl.app\/wp-content\/uploads\/2022\/08\/cirklmtng-large-400x313.jpg 400w, https:\/\/thecirkl.app\/wp-content\/uploads\/2022\/08\/cirklmtng-large-600x470.jpg 600w, https:\/\/thecirkl.app\/wp-content\/uploads\/2022\/08\/cirklmtng-large-800x626.jpg 800w, https:\/\/thecirkl.app\/wp-content\/uploads\/2022\/08\/cirklmtng-large-1200x940.jpg 1200w, https:\/\/thecirkl.app\/wp-content\/uploads\/2022\/08\/cirklmtng-large-scaled.jpg 2560w\" data-sizes=\"auto\" data-orig-sizes=\"(max-width: 1024px) 100vw, (max-width: 640px) 100vw, 1200px\" \/><\/span><\/div><div class=\"fusion-text fusion-text-2\"><h5><strong>Planera tillsammans<\/strong><\/h5>\n<p><span data-contrast=\"auto\">Cirklm\u00f6ten handlar om att tr\u00e4ffas regelbundet f\u00f6r att planera, f\u00f6rdela och kolla l\u00e4get med varandra. Ni spar tid, minskar tjafs &amp; tjat samt f\u00f6rb\u00e4ttrar kommunikationen.<\/span><\/p>\n<p><span data-contrast=\"auto\">Hur ofta, hur l\u00e4nge och n\u00e4r kan variera. <\/span><span data-contrast=\"auto\">Sedan kan det givetvis finnas saker att ta h\u00e4nsyn till som exempelvis \u00e5lder p\u00e5 barn, funktionsvariationer och varannan-vecka familjer. <\/span>Testa er fram och hitta formen som passar just er.<\/p>\n<p>Vi har tagit fram f\u00f6rslag p\u00e5 olika typer av Cirklm\u00f6ten inklusive agenda som vi hoppas ska inspirera.<\/p>\n<p>Tips. L\u00e4gg in en m\u00f6tesinbjudan i Cirkl-kalendern samt skapa en &#8220;listmall&#8221; med Cirkl-agendan som ni kan anv\u00e4nda vid varje m\u00f6te.<\/p>\n<p><em>Parantes innan du l\u00e4ser vidare. F\u00f6lj oss g\u00e4rna p\u00e5 Instagram &amp; Facebook f\u00f6r tips &amp; hacks: &#8220;cirkl_familjeappen&#8221;.\u00a0<\/em><\/p>\n<\/div><\/div><\/div><\/div><\/div><div class=\"fusion-fullwidth fullwidth-box fusion-builder-row-2 fusion-flex-container has-pattern-background has-mask-background nonhundred-percent-fullwidth non-hundred-percent-height-scrolling\" style=\"--awb-border-radius-top-left:0px;--awb-border-radius-top-right:0px;--awb-border-radius-bottom-right:0px;--awb-border-radius-bottom-left:0px;--awb-background-color:#1a739b;--awb-flex-wrap:wrap;\" ><div class=\"fusion-builder-row fusion-row fusion-flex-align-items-flex-start fusion-flex-content-wrap\" style=\"max-width:1216.8px;margin-left: calc(-4% \/ 2 );margin-right: calc(-4% \/ 2 );\"><div class=\"fusion-layout-column fusion_builder_column fusion-builder-column-1 fusion_builder_column_1_1 1_1 fusion-flex-column\" style=\"--awb-bg-size:cover;--awb-width-large:100%;--awb-margin-top-large:0px;--awb-spacing-right-large:1.92%;--awb-margin-bottom-large:0px;--awb-spacing-left-large:1.92%;--awb-width-medium:100%;--awb-order-medium:0;--awb-spacing-right-medium:1.92%;--awb-spacing-left-medium:1.92%;--awb-width-small:100%;--awb-order-small:0;--awb-spacing-right-small:1.92%;--awb-spacing-left-small:1.92%;\"><div class=\"fusion-column-wrapper fusion-column-has-shadow fusion-flex-justify-content-flex-start fusion-content-layout-column\"><div class=\"fusion-text fusion-text-3\" style=\"--awb-text-color:#ffffff;\"><h5><span style=\"color: #ffffff;\"><strong>Cirklm\u00f6te &#8211; alla\u00a0<\/strong><\/span><\/h5>\n<p><span style=\"color: #ffffff;\">Vid detta m\u00f6te samlas alla i er Cirkl.\u00a0<\/span><\/p>\n<ul>\n<li><span style=\"color: #ffffff;\">Laget runt. Hur har veckan varit. Flippar &amp; floppar. \u00a0<\/span><\/li>\n<li><span style=\"color: #ffffff;\">Sport- &amp; fritidsaktiviteter.<\/span><\/li>\n<li><span style=\"color: #ffffff;\">Vem h\u00e4mtar &amp; l\u00e4mnar (vid behov).\u00a0\u00a0<\/span><\/li>\n<li><span style=\"color: #ffffff;\">L\u00e4xor &amp; prov inkl st\u00f6d av vuxen.\u00a0\u00a0<\/span><\/li>\n<li><span style=\"color: #ffffff;\">Veckans middagar inkl vem lagar.\u00a0\u00a0<\/span><\/li>\n<li><span style=\"color: #ffffff;\">Veckohandling.<\/span><\/li>\n<li><span style=\"color: #ffffff;\">St\u00e4dning &amp; tv\u00e4tt, vem g\u00f6r vad.\u00a0\u00a0<\/span><\/li>\n<li><span style=\"color: #ffffff;\">Sopor &amp; \u00e5tervinning, vem g\u00f6r vad.<\/span><\/li>\n<li><span style=\"color: #ffffff;\">Kalas, utflykter, middagar, resor &amp; annat kul vi har att se fram emot.\u00a0<\/span><\/li>\n<li><span style=\"color: #ffffff;\">Hur ska vi fira allt vi klarat av i veckan och hur maxa fredagsmyset.\u00a0<\/span><\/li>\n<\/ul>\n<\/div><\/div><\/div><\/div><\/div><div class=\"fusion-fullwidth fullwidth-box fusion-builder-row-3 fusion-flex-container has-pattern-background has-mask-background nonhundred-percent-fullwidth non-hundred-percent-height-scrolling\" style=\"--awb-border-radius-top-left:0px;--awb-border-radius-top-right:0px;--awb-border-radius-bottom-right:0px;--awb-border-radius-bottom-left:0px;--awb-background-color:#8cbb37;--awb-flex-wrap:wrap;\" ><div class=\"fusion-builder-row fusion-row fusion-flex-align-items-flex-start fusion-flex-content-wrap\" style=\"max-width:1216.8px;margin-left: calc(-4% \/ 2 );margin-right: calc(-4% \/ 2 );\"><div class=\"fusion-layout-column fusion_builder_column fusion-builder-column-2 fusion_builder_column_1_1 1_1 fusion-flex-column\" style=\"--awb-bg-size:cover;--awb-width-large:100%;--awb-margin-top-large:0px;--awb-spacing-right-large:1.92%;--awb-margin-bottom-large:0px;--awb-spacing-left-large:1.92%;--awb-width-medium:100%;--awb-order-medium:0;--awb-spacing-right-medium:1.92%;--awb-spacing-left-medium:1.92%;--awb-width-small:100%;--awb-order-small:0;--awb-spacing-right-small:1.92%;--awb-spacing-left-small:1.92%;\"><div class=\"fusion-column-wrapper fusion-column-has-shadow fusion-flex-justify-content-flex-start fusion-content-layout-column\"><div class=\"fusion-text fusion-text-4\" style=\"--awb-text-color:#ffffff;\"><h5><span style=\"color: #ffffff;\"><strong>Cirklm\u00f6te &#8211; barn\u00a0<\/strong><\/span><\/h5>\n<ul>\n<li><span style=\"color: #ffffff;\">Hur m\u00e5r du just idag. Tumme upp, tumme sida eller tumme ner.<\/span><\/li>\n<li><span style=\"color: #ffffff;\">Vad har varit roligast den senaste veckan.<\/span><\/li>\n<li><span style=\"color: #ffffff;\">N\u00e5got som \u00e4r extra jobbigt. Ngt jag kan hj\u00e4lpa dig med.<\/span><\/li>\n<li><span style=\"color: #ffffff;\">L\u00e4xor &amp; prov. Ska vi boka pluggtid tillsammans.<\/span><\/li>\n<li><span style=\"color: #ffffff;\">Sport- &amp; fritidsaktiviteter. Ngt speciellt i veckan.<\/span><\/li>\n<li><span style=\"color: #ffffff;\">N\u00e5got extra kul i att se fram emot &#8211; som \u00e4r planerat eller som vi ska hitta p\u00e5. Ex kalas, utflykt m skolan, fredagsmys, bada, spela spel.<\/span><\/li>\n<\/ul>\n<h5><\/h5>\n<\/div><\/div><\/div><\/div><\/div><div class=\"fusion-fullwidth fullwidth-box fusion-builder-row-4 fusion-flex-container has-pattern-background has-mask-background nonhundred-percent-fullwidth non-hundred-percent-height-scrolling\" style=\"--awb-border-radius-top-left:0px;--awb-border-radius-top-right:0px;--awb-border-radius-bottom-right:0px;--awb-border-radius-bottom-left:0px;--awb-background-color:#9b207a;--awb-flex-wrap:wrap;\" ><div class=\"fusion-builder-row fusion-row fusion-flex-align-items-flex-start fusion-flex-content-wrap\" style=\"max-width:1216.8px;margin-left: calc(-4% \/ 2 );margin-right: calc(-4% \/ 2 );\"><div class=\"fusion-layout-column fusion_builder_column fusion-builder-column-3 fusion_builder_column_1_1 1_1 fusion-flex-column\" style=\"--awb-bg-size:cover;--awb-width-large:100%;--awb-margin-top-large:0px;--awb-spacing-right-large:1.92%;--awb-margin-bottom-large:0px;--awb-spacing-left-large:1.92%;--awb-width-medium:100%;--awb-order-medium:0;--awb-spacing-right-medium:1.92%;--awb-spacing-left-medium:1.92%;--awb-width-small:100%;--awb-order-small:0;--awb-spacing-right-small:1.92%;--awb-spacing-left-small:1.92%;\"><div class=\"fusion-column-wrapper fusion-column-has-shadow fusion-flex-justify-content-flex-start fusion-content-layout-column\"><div class=\"fusion-text fusion-text-5\" style=\"--awb-text-color:#ffffff;\"><h5><span style=\"color: #ffffff;\">Cirklm\u00f6te &#8211; barn (f\u00f6rdjupat)<\/span><\/h5>\n<p><span style=\"color: #ffffff;\">Avs\u00e4tt extra tid d\u00e5 &amp; d\u00e5 med ditt barn. Inga mobiler. Var n\u00e4rvarande, nyfiken och lyssna aktivt. Du k\u00e4nner givetvis ditt barn b\u00e4st, men h\u00e4r nedan tips p\u00e5 n\u00e5gra fr\u00e5gor.<\/span><\/p>\n<ul>\n<li><span style=\"color: #ffffff;\">Hur tycker du st\u00e4mningen \u00e4r i v\u00e5r Cirkl\/familj. Vad funkar bra. Vad funkar mindre bra.<\/span><\/li>\n<li><span style=\"color: #ffffff;\">Hur \u00e4r det i skolan. Klasskompisar, rasterna, l\u00e4rare, fritids.<\/span><\/li>\n<li><span style=\"color: #ffffff;\">Hur \u00e4r det med v\u00e4nner &amp; kompisar. Vem\/vilka trivs du b\u00e4st med. N\u00e5got som skaver. N\u00e5gon konflikt. K\u00e4nner du dig ensam.<\/span><\/li>\n<li><span style=\"color: #ffffff;\">Vilka sociala media konton f\u00f6ljer du som \u00e4r roliga. \u00c4r det n\u00e5got du tycker \u00e4r jobbigt med sociala medier.<\/span><\/li>\n<li><span style=\"color: #ffffff;\">Vad spelar du &amp; dina kompisar mest just nu. N\u00e5got du kan visa f\u00f6r mig &amp; ber\u00e4tta mer om.<\/span><\/li>\n<li><span style=\"color: #ffffff;\">Vilken musik lyssnar du mest p\u00e5 nu. Har du kanske n\u00e5gon spellista du vill dela med mig.<\/span><\/li>\n<\/ul>\n<h5><\/h5>\n<\/div><\/div><\/div><\/div><\/div><div class=\"fusion-fullwidth fullwidth-box fusion-builder-row-5 fusion-flex-container has-pattern-background has-mask-background nonhundred-percent-fullwidth non-hundred-percent-height-scrolling\" style=\"--awb-border-radius-top-left:0px;--awb-border-radius-top-right:0px;--awb-border-radius-bottom-right:0px;--awb-border-radius-bottom-left:0px;--awb-background-color:#3982f5;--awb-flex-wrap:wrap;\" ><div class=\"fusion-builder-row fusion-row fusion-flex-align-items-flex-start fusion-flex-content-wrap\" style=\"max-width:1216.8px;margin-left: calc(-4% \/ 2 );margin-right: calc(-4% \/ 2 );\"><div class=\"fusion-layout-column fusion_builder_column fusion-builder-column-4 fusion_builder_column_1_1 1_1 fusion-flex-column\" style=\"--awb-bg-size:cover;--awb-width-large:100%;--awb-margin-top-large:0px;--awb-spacing-right-large:1.92%;--awb-margin-bottom-large:0px;--awb-spacing-left-large:1.92%;--awb-width-medium:100%;--awb-order-medium:0;--awb-spacing-right-medium:1.92%;--awb-spacing-left-medium:1.92%;--awb-width-small:100%;--awb-order-small:0;--awb-spacing-right-small:1.92%;--awb-spacing-left-small:1.92%;\"><div class=\"fusion-column-wrapper fusion-column-has-shadow fusion-flex-justify-content-flex-start fusion-content-layout-column\"><div class=\"fusion-text fusion-text-6\" style=\"--awb-text-color:#ffffff;\"><h5><span style=\"color: #ffffff;\"><strong>Cirklm\u00f6te &#8211; vuxna<\/strong>\u00a0<\/span><\/h5>\n<ul>\n<li><span style=\"color: #ffffff;\">St\u00e4dning &amp; tv\u00e4tt.<\/span><\/li>\n<li><span style=\"color: #ffffff;\">Jobbschema f\u00f6r veckan.<\/span><\/li>\n<li><span style=\"color: #ffffff;\">Vem h\u00e4mtar &amp; l\u00e4mnar n\u00e4r.<\/span><\/li>\n<li><span style=\"color: #ffffff;\">Behov av st\u00f6d fr\u00e5n ex farfar, barnvakt, syskon eller annan vuxen.<\/span><\/li>\n<li><span style=\"color: #ffffff;\">F\u00f6rdela nattning av barn.\u00a0\u00a0<\/span><\/li>\n<li><span style=\"color: #ffffff;\">F\u00f6rdela l\u00e4xl\u00e4sning med barn. \u00a0<\/span><\/li>\n<li><span style=\"color: #ffffff;\">Vecko- &amp;\/eller m\u00e5nadshandling.\u00a0\u00a0<\/span><\/li>\n<li><span style=\"color: #ffffff;\">Ekonomi, r\u00e4kningar &amp; budget.\u00a0<\/span><\/li>\n<li><span style=\"color: #ffffff;\">Klipptid, l\u00e4karbes\u00f6k, tandl\u00e4kare, veterin\u00e4rbes\u00f6k etc.<\/span><\/li>\n<li><span style=\"color: #ffffff;\">K\u00f6pa ex vinterkl\u00e4der, lucianattlinne, fotbollsskor, f\u00f6delsedagspresent.<\/span><\/li>\n<li><span style=\"color: #ffffff;\">Hem, hus, tr\u00e4dg\u00e5rd, bilen.<\/span><\/li>\n<li><span style=\"color: #ffffff;\">Egen tid. Ex sovmorgon, tr\u00e4ning, ta ett bad, tr\u00e4ffa en kompis.\u00a0<\/span><\/li>\n<li><span style=\"color: #ffffff;\">Tid tillsammans. Date Night. K\u00e4rlek. Romantik. Kanske skaffa barnvakt. Tips: f\u00f6r att det ska bli av, planera in det.\u00a0<\/span><\/li>\n<\/ul>\n<\/div><\/div><\/div><\/div><\/div><\/p>\n","protected":false},"excerpt":{"rendered":"","protected":false},"author":1,"featured_media":0,"parent":0,"menu_order":0,"comment_status":"closed","ping_status":"closed","template":"blank.php","meta":{"footnotes":""},"class_list":["post-1603","page","type-page","status-publish","hentry"],"aioseo_notices":[],"_links":{"self":[{"href":"https:\/\/thecirkl.app\/sv\/wp-json\/wp\/v2\/pages\/1603","targetHints":{"allow":["GET"]}}],"collection":[{"href":"https:\/\/thecirkl.app\/sv\/wp-json\/wp\/v2\/pages"}],"about":[{"href":"https:\/\/thecirkl.app\/sv\/wp-json\/wp\/v2\/types\/page"}],"author":[{"embeddable":true,"href":"https:\/\/thecirkl.app\/sv\/wp-json\/wp\/v2\/users\/1"}],"replies":[{"embeddable":true,"href":"https:\/\/thecirkl.app\/sv\/wp-json\/wp\/v2\/comments?post=1603"}],"version-history":[{"count":93,"href":"https:\/\/thecirkl.app\/sv\/wp-json\/wp\/v2\/pages\/1603\/revisions"}],"predecessor-version":[{"id":3230,"href":"https:\/\/thecirkl.app\/sv\/wp-json\/wp\/v2\/pages\/1603\/revisions\/3230"}],"wp:attachment":[{"href":"https:\/\/thecirkl.app\/sv\/wp-json\/wp\/v2\/media?parent=1603"}],"curies":[{"name":"wp","href":"https:\/\/api.w.org\/{rel}","templated":true}]}}