{"id":1246,"date":"2021-11-01T08:49:34","date_gmt":"2021-11-01T08:49:34","guid":{"rendered":"https:\/\/thecirkl.app\/?page_id=1246"},"modified":"2022-09-12T14:15:44","modified_gmt":"2022-09-12T14:15:44","slug":"desktop","status":"publish","type":"page","link":"https:\/\/thecirkl.app\/sv\/desktop\/","title":{"rendered":"Desktop"},"content":{"rendered":"<p><div class=\"fusion-fullwidth fullwidth-box fusion-builder-row-1 fusion-flex-container nonhundred-percent-fullwidth non-hundred-percent-height-scrolling\" style=\"--awb-border-radius-top-left:0px;--awb-border-radius-top-right:0px;--awb-border-radius-bottom-right:0px;--awb-border-radius-bottom-left:0px;--awb-flex-wrap:wrap;\" ><div class=\"fusion-builder-row fusion-row fusion-flex-align-items-flex-start fusion-flex-content-wrap\" style=\"max-width:1216.8px;margin-left: calc(-4% \/ 2 );margin-right: calc(-4% \/ 2 );\"><div class=\"fusion-layout-column fusion_builder_column fusion-builder-column-0 fusion_builder_column_1_3 1_3 fusion-flex-column\" style=\"--awb-bg-size:cover;--awb-width-large:33.333333333333%;--awb-margin-top-large:0px;--awb-spacing-right-large:5.76%;--awb-margin-bottom-large:0px;--awb-spacing-left-large:5.76%;--awb-width-medium:100%;--awb-order-medium:0;--awb-spacing-right-medium:1.92%;--awb-spacing-left-medium:1.92%;--awb-width-small:100%;--awb-order-small:0;--awb-spacing-right-small:1.92%;--awb-spacing-left-small:1.92%;\"><div class=\"fusion-column-wrapper fusion-column-has-shadow fusion-flex-justify-content-flex-start fusion-content-layout-column\"><div class=\"fusion-image-element \" style=\"--awb-caption-title-font-family:var(--h2_typography-font-family);--awb-caption-title-font-weight:var(--h2_typography-font-weight);--awb-caption-title-font-style:var(--h2_typography-font-style);--awb-caption-title-size:var(--h2_typography-font-size);--awb-caption-title-transform:var(--h2_typography-text-transform);--awb-caption-title-line-height:var(--h2_typography-line-height);--awb-caption-title-letter-spacing:var(--h2_typography-letter-spacing);\"><span class=\" fusion-imageframe imageframe-none imageframe-1 hover-type-none\"><img decoding=\"async\" width=\"110\" height=\"110\" title=\"MicrosoftTeams-image (6)\" src=\"data:image\/svg+xml,%3Csvg%20xmlns%3D%27http%3A%2F%2Fwww.w3.org%2F2000%2Fsvg%27%20width%3D%27110%27%20height%3D%27110%27%20viewBox%3D%270%200%20110%20110%27%3E%3Crect%20width%3D%27110%27%20height%3D%27110%27%20fill-opacity%3D%220%22%2F%3E%3C%2Fsvg%3E\" data-orig-src=\"https:\/\/thecirkl.app\/wp-content\/uploads\/2021\/10\/MicrosoftTeams-image-6.png\" alt class=\"lazyload img-responsive wp-image-1177\"\/><\/span><\/div><\/div><\/div><div class=\"fusion-layout-column fusion_builder_column fusion-builder-column-1 fusion_builder_column_2_3 2_3 fusion-flex-column\" style=\"--awb-bg-size:cover;--awb-width-large:66.666666666667%;--awb-margin-top-large:0px;--awb-spacing-right-large:2.88%;--awb-margin-bottom-large:0px;--awb-spacing-left-large:2.88%;--awb-width-medium:100%;--awb-order-medium:0;--awb-spacing-right-medium:1.92%;--awb-spacing-left-medium:1.92%;--awb-width-small:100%;--awb-order-small:0;--awb-spacing-right-small:1.92%;--awb-spacing-left-small:1.92%;\"><div class=\"fusion-column-wrapper fusion-column-has-shadow fusion-flex-justify-content-flex-start fusion-content-layout-column\"><div class=\"fusion-text fusion-text-1\"><p>V\u00e4nligen klicka p\u00e5 din inbjudningsl\u00e4nk i mobilen.<\/p>\n<\/div><\/div><\/div><\/div><\/div><div class=\"fusion-fullwidth fullwidth-box fusion-builder-row-2 fusion-flex-container has-pattern-background has-mask-background nonhundred-percent-fullwidth non-hundred-percent-height-scrolling\" style=\"--awb-border-radius-top-left:0px;--awb-border-radius-top-right:0px;--awb-border-radius-bottom-right:0px;--awb-border-radius-bottom-left:0px;--awb-flex-wrap:wrap;\" ><div class=\"fusion-builder-row fusion-row fusion-flex-align-items-flex-start fusion-flex-content-wrap\" style=\"max-width:1216.8px;margin-left: calc(-4% \/ 2 );margin-right: calc(-4% \/ 2 );\"><div class=\"fusion-layout-column fusion_builder_column fusion-builder-column-2 fusion_builder_column_1_1 1_1 fusion-flex-column\" style=\"--awb-bg-size:cover;--awb-width-large:100%;--awb-margin-top-large:0px;--awb-spacing-right-large:1.92%;--awb-margin-bottom-large:0px;--awb-spacing-left-large:1.92%;--awb-width-medium:100%;--awb-order-medium:0;--awb-spacing-right-medium:1.92%;--awb-spacing-left-medium:1.92%;--awb-width-small:100%;--awb-order-small:0;--awb-spacing-right-small:1.92%;--awb-spacing-left-small:1.92%;\"><div class=\"fusion-column-wrapper fusion-column-has-shadow fusion-flex-justify-content-flex-start fusion-content-layout-column\"><div class=\"fusion-image-carousel fusion-image-carousel-auto fusion-image-carousel-1 fusion-carousel-border\"><div class=\"awb-carousel awb-swiper awb-swiper-carousel\" data-autoplay=\"no\" data-columns=\"1\" data-itemmargin=\"13\" data-itemwidth=\"180\" data-touchscroll=\"no\" data-imagesize=\"auto\" style=\"--awb-columns:1;\"><div class=\"swiper-wrapper awb-image-carousel-wrapper fusion-flex-align-items-center\"><div class=\"swiper-slide\"><div class=\"fusion-carousel-item-wrapper\"><div class=\"fusion-image-wrapper hover-type-none\"><img decoding=\"async\" width=\"1183\" height=\"2560\" src=\"https:\/\/thecirkl.app\/wp-content\/uploads\/2022\/09\/getstarted_06-scaled.jpg\" class=\"attachment-full size-full lazyload\" alt=\"\" srcset=\"data:image\/svg+xml,%3Csvg%20xmlns%3D%27http%3A%2F%2Fwww.w3.org%2F2000%2Fsvg%27%20width%3D%271183%27%20height%3D%272560%27%20viewBox%3D%270%200%201183%202560%27%3E%3Crect%20width%3D%271183%27%20height%3D%272560%27%20fill-opacity%3D%220%22%2F%3E%3C%2Fsvg%3E\" data-orig-src=\"https:\/\/thecirkl.app\/wp-content\/uploads\/2022\/09\/getstarted_06-scaled.jpg\" data-srcset=\"https:\/\/thecirkl.app\/wp-content\/uploads\/2022\/09\/getstarted_06-200x433.jpg 200w, https:\/\/thecirkl.app\/wp-content\/uploads\/2022\/09\/getstarted_06-231x500.jpg 231w, https:\/\/thecirkl.app\/wp-content\/uploads\/2022\/09\/getstarted_06-400x866.jpg 400w, https:\/\/thecirkl.app\/wp-content\/uploads\/2022\/09\/getstarted_06-473x1024.jpg 473w, https:\/\/thecirkl.app\/wp-content\/uploads\/2022\/09\/getstarted_06-600x1299.jpg 600w, https:\/\/thecirkl.app\/wp-content\/uploads\/2022\/09\/getstarted_06-710x1536.jpg 710w, https:\/\/thecirkl.app\/wp-content\/uploads\/2022\/09\/getstarted_06-768x1662.jpg 768w, https:\/\/thecirkl.app\/wp-content\/uploads\/2022\/09\/getstarted_06-800x1731.jpg 800w, https:\/\/thecirkl.app\/wp-content\/uploads\/2022\/09\/getstarted_06-946x2048.jpg 946w, https:\/\/thecirkl.app\/wp-content\/uploads\/2022\/09\/getstarted_06-scaled.jpg 1183w, https:\/\/thecirkl.app\/wp-content\/uploads\/2022\/09\/getstarted_06-1200x2597.jpg 1200w\" data-sizes=\"auto\" \/><\/div><\/div><\/div><div class=\"swiper-slide\"><div class=\"fusion-carousel-item-wrapper\"><div class=\"fusion-image-wrapper hover-type-none\"><img decoding=\"async\" width=\"1242\" height=\"2688\" src=\"https:\/\/thecirkl.app\/wp-content\/uploads\/2022\/09\/getstarted_05-1.png\" class=\"attachment-full size-full lazyload\" alt=\"\" srcset=\"data:image\/svg+xml,%3Csvg%20xmlns%3D%27http%3A%2F%2Fwww.w3.org%2F2000%2Fsvg%27%20width%3D%271242%27%20height%3D%272688%27%20viewBox%3D%270%200%201242%202688%27%3E%3Crect%20width%3D%271242%27%20height%3D%272688%27%20fill-opacity%3D%220%22%2F%3E%3C%2Fsvg%3E\" data-orig-src=\"https:\/\/thecirkl.app\/wp-content\/uploads\/2022\/09\/getstarted_05-1.png\" data-srcset=\"https:\/\/thecirkl.app\/wp-content\/uploads\/2022\/09\/getstarted_05-1-200x433.png 200w, https:\/\/thecirkl.app\/wp-content\/uploads\/2022\/09\/getstarted_05-1-231x500.png 231w, https:\/\/thecirkl.app\/wp-content\/uploads\/2022\/09\/getstarted_05-1-400x866.png 400w, https:\/\/thecirkl.app\/wp-content\/uploads\/2022\/09\/getstarted_05-1-473x1024.png 473w, https:\/\/thecirkl.app\/wp-content\/uploads\/2022\/09\/getstarted_05-1-600x1299.png 600w, https:\/\/thecirkl.app\/wp-content\/uploads\/2022\/09\/getstarted_05-1-710x1536.png 710w, https:\/\/thecirkl.app\/wp-content\/uploads\/2022\/09\/getstarted_05-1-768x1662.png 768w, https:\/\/thecirkl.app\/wp-content\/uploads\/2022\/09\/getstarted_05-1-800x1731.png 800w, https:\/\/thecirkl.app\/wp-content\/uploads\/2022\/09\/getstarted_05-1-946x2048.png 946w, https:\/\/thecirkl.app\/wp-content\/uploads\/2022\/09\/getstarted_05-1-1200x2597.png 1200w, https:\/\/thecirkl.app\/wp-content\/uploads\/2022\/09\/getstarted_05-1.png 1242w\" data-sizes=\"auto\" \/><\/div><\/div><\/div><div class=\"swiper-slide\"><div class=\"fusion-carousel-item-wrapper\"><div class=\"fusion-image-wrapper hover-type-none\"><img decoding=\"async\" width=\"1183\" height=\"2560\" src=\"https:\/\/thecirkl.app\/wp-content\/uploads\/2022\/09\/getstarted_04b-scaled.jpg\" class=\"attachment-full size-full lazyload\" alt=\"\" srcset=\"data:image\/svg+xml,%3Csvg%20xmlns%3D%27http%3A%2F%2Fwww.w3.org%2F2000%2Fsvg%27%20width%3D%271183%27%20height%3D%272560%27%20viewBox%3D%270%200%201183%202560%27%3E%3Crect%20width%3D%271183%27%20height%3D%272560%27%20fill-opacity%3D%220%22%2F%3E%3C%2Fsvg%3E\" data-orig-src=\"https:\/\/thecirkl.app\/wp-content\/uploads\/2022\/09\/getstarted_04b-scaled.jpg\" data-srcset=\"https:\/\/thecirkl.app\/wp-content\/uploads\/2022\/09\/getstarted_04b-200x433.jpg 200w, https:\/\/thecirkl.app\/wp-content\/uploads\/2022\/09\/getstarted_04b-231x500.jpg 231w, https:\/\/thecirkl.app\/wp-content\/uploads\/2022\/09\/getstarted_04b-400x866.jpg 400w, https:\/\/thecirkl.app\/wp-content\/uploads\/2022\/09\/getstarted_04b-473x1024.jpg 473w, https:\/\/thecirkl.app\/wp-content\/uploads\/2022\/09\/getstarted_04b-600x1299.jpg 600w, https:\/\/thecirkl.app\/wp-content\/uploads\/2022\/09\/getstarted_04b-710x1536.jpg 710w, https:\/\/thecirkl.app\/wp-content\/uploads\/2022\/09\/getstarted_04b-768x1662.jpg 768w, https:\/\/thecirkl.app\/wp-content\/uploads\/2022\/09\/getstarted_04b-800x1731.jpg 800w, https:\/\/thecirkl.app\/wp-content\/uploads\/2022\/09\/getstarted_04b-946x2048.jpg 946w, https:\/\/thecirkl.app\/wp-content\/uploads\/2022\/09\/getstarted_04b-scaled.jpg 1183w, https:\/\/thecirkl.app\/wp-content\/uploads\/2022\/09\/getstarted_04b-1200x2597.jpg 1200w\" data-sizes=\"auto\" \/><\/div><\/div><\/div><div class=\"swiper-slide\"><div class=\"fusion-carousel-item-wrapper\"><div class=\"fusion-image-wrapper hover-type-none\"><img decoding=\"async\" width=\"1242\" height=\"2688\" src=\"https:\/\/thecirkl.app\/wp-content\/uploads\/2022\/09\/getstarted_05.png\" class=\"attachment-full size-full lazyload\" alt=\"\" srcset=\"data:image\/svg+xml,%3Csvg%20xmlns%3D%27http%3A%2F%2Fwww.w3.org%2F2000%2Fsvg%27%20width%3D%271242%27%20height%3D%272688%27%20viewBox%3D%270%200%201242%202688%27%3E%3Crect%20width%3D%271242%27%20height%3D%272688%27%20fill-opacity%3D%220%22%2F%3E%3C%2Fsvg%3E\" data-orig-src=\"https:\/\/thecirkl.app\/wp-content\/uploads\/2022\/09\/getstarted_05.png\" data-srcset=\"https:\/\/thecirkl.app\/wp-content\/uploads\/2022\/09\/getstarted_05-200x433.png 200w, https:\/\/thecirkl.app\/wp-content\/uploads\/2022\/09\/getstarted_05-231x500.png 231w, https:\/\/thecirkl.app\/wp-content\/uploads\/2022\/09\/getstarted_05-400x866.png 400w, https:\/\/thecirkl.app\/wp-content\/uploads\/2022\/09\/getstarted_05-473x1024.png 473w, https:\/\/thecirkl.app\/wp-content\/uploads\/2022\/09\/getstarted_05-600x1299.png 600w, https:\/\/thecirkl.app\/wp-content\/uploads\/2022\/09\/getstarted_05-710x1536.png 710w, https:\/\/thecirkl.app\/wp-content\/uploads\/2022\/09\/getstarted_05-768x1662.png 768w, https:\/\/thecirkl.app\/wp-content\/uploads\/2022\/09\/getstarted_05-800x1731.png 800w, https:\/\/thecirkl.app\/wp-content\/uploads\/2022\/09\/getstarted_05-946x2048.png 946w, https:\/\/thecirkl.app\/wp-content\/uploads\/2022\/09\/getstarted_05-1200x2597.png 1200w, https:\/\/thecirkl.app\/wp-content\/uploads\/2022\/09\/getstarted_05.png 1242w\" data-sizes=\"auto\" \/><\/div><\/div><\/div><div class=\"swiper-slide\"><div class=\"fusion-carousel-item-wrapper\"><div class=\"fusion-image-wrapper hover-type-none\"><img decoding=\"async\" width=\"1183\" height=\"2560\" src=\"https:\/\/thecirkl.app\/wp-content\/uploads\/2022\/09\/getstarted_04-scaled.jpg\" class=\"attachment-full size-full lazyload\" alt=\"\" srcset=\"data:image\/svg+xml,%3Csvg%20xmlns%3D%27http%3A%2F%2Fwww.w3.org%2F2000%2Fsvg%27%20width%3D%271183%27%20height%3D%272560%27%20viewBox%3D%270%200%201183%202560%27%3E%3Crect%20width%3D%271183%27%20height%3D%272560%27%20fill-opacity%3D%220%22%2F%3E%3C%2Fsvg%3E\" data-orig-src=\"https:\/\/thecirkl.app\/wp-content\/uploads\/2022\/09\/getstarted_04-scaled.jpg\" data-srcset=\"https:\/\/thecirkl.app\/wp-content\/uploads\/2022\/09\/getstarted_04-200x433.jpg 200w, https:\/\/thecirkl.app\/wp-content\/uploads\/2022\/09\/getstarted_04-231x500.jpg 231w, https:\/\/thecirkl.app\/wp-content\/uploads\/2022\/09\/getstarted_04-400x866.jpg 400w, https:\/\/thecirkl.app\/wp-content\/uploads\/2022\/09\/getstarted_04-473x1024.jpg 473w, https:\/\/thecirkl.app\/wp-content\/uploads\/2022\/09\/getstarted_04-600x1299.jpg 600w, https:\/\/thecirkl.app\/wp-content\/uploads\/2022\/09\/getstarted_04-710x1536.jpg 710w, https:\/\/thecirkl.app\/wp-content\/uploads\/2022\/09\/getstarted_04-768x1662.jpg 768w, https:\/\/thecirkl.app\/wp-content\/uploads\/2022\/09\/getstarted_04-800x1731.jpg 800w, https:\/\/thecirkl.app\/wp-content\/uploads\/2022\/09\/getstarted_04-946x2048.jpg 946w, https:\/\/thecirkl.app\/wp-content\/uploads\/2022\/09\/getstarted_04-scaled.jpg 1183w, https:\/\/thecirkl.app\/wp-content\/uploads\/2022\/09\/getstarted_04-1200x2597.jpg 1200w\" data-sizes=\"auto\" \/><\/div><\/div><\/div><div class=\"swiper-slide\"><div class=\"fusion-carousel-item-wrapper\"><div class=\"fusion-image-wrapper hover-type-none\"><img decoding=\"async\" width=\"1242\" height=\"2688\" src=\"https:\/\/thecirkl.app\/wp-content\/uploads\/2022\/09\/getstarted_04.png\" class=\"attachment-full size-full lazyload\" alt=\"\" srcset=\"data:image\/svg+xml,%3Csvg%20xmlns%3D%27http%3A%2F%2Fwww.w3.org%2F2000%2Fsvg%27%20width%3D%271242%27%20height%3D%272688%27%20viewBox%3D%270%200%201242%202688%27%3E%3Crect%20width%3D%271242%27%20height%3D%272688%27%20fill-opacity%3D%220%22%2F%3E%3C%2Fsvg%3E\" data-orig-src=\"https:\/\/thecirkl.app\/wp-content\/uploads\/2022\/09\/getstarted_04.png\" data-srcset=\"https:\/\/thecirkl.app\/wp-content\/uploads\/2022\/09\/getstarted_04-200x433.png 200w, https:\/\/thecirkl.app\/wp-content\/uploads\/2022\/09\/getstarted_04-231x500.png 231w, https:\/\/thecirkl.app\/wp-content\/uploads\/2022\/09\/getstarted_04-400x866.png 400w, https:\/\/thecirkl.app\/wp-content\/uploads\/2022\/09\/getstarted_04-473x1024.png 473w, https:\/\/thecirkl.app\/wp-content\/uploads\/2022\/09\/getstarted_04-600x1299.png 600w, https:\/\/thecirkl.app\/wp-content\/uploads\/2022\/09\/getstarted_04-710x1536.png 710w, https:\/\/thecirkl.app\/wp-content\/uploads\/2022\/09\/getstarted_04-768x1662.png 768w, https:\/\/thecirkl.app\/wp-content\/uploads\/2022\/09\/getstarted_04-800x1731.png 800w, https:\/\/thecirkl.app\/wp-content\/uploads\/2022\/09\/getstarted_04-946x2048.png 946w, https:\/\/thecirkl.app\/wp-content\/uploads\/2022\/09\/getstarted_04-1200x2597.png 1200w, https:\/\/thecirkl.app\/wp-content\/uploads\/2022\/09\/getstarted_04.png 1242w\" data-sizes=\"auto\" \/><\/div><\/div><\/div><div class=\"swiper-slide\"><div class=\"fusion-carousel-item-wrapper\"><div class=\"fusion-image-wrapper hover-type-none\"><img decoding=\"async\" width=\"1183\" height=\"2560\" src=\"https:\/\/thecirkl.app\/wp-content\/uploads\/2022\/09\/getstarted_02-scaled.jpg\" class=\"attachment-full size-full lazyload\" alt=\"\" srcset=\"data:image\/svg+xml,%3Csvg%20xmlns%3D%27http%3A%2F%2Fwww.w3.org%2F2000%2Fsvg%27%20width%3D%271183%27%20height%3D%272560%27%20viewBox%3D%270%200%201183%202560%27%3E%3Crect%20width%3D%271183%27%20height%3D%272560%27%20fill-opacity%3D%220%22%2F%3E%3C%2Fsvg%3E\" data-orig-src=\"https:\/\/thecirkl.app\/wp-content\/uploads\/2022\/09\/getstarted_02-scaled.jpg\" data-srcset=\"https:\/\/thecirkl.app\/wp-content\/uploads\/2022\/09\/getstarted_02-200x433.jpg 200w, https:\/\/thecirkl.app\/wp-content\/uploads\/2022\/09\/getstarted_02-231x500.jpg 231w, https:\/\/thecirkl.app\/wp-content\/uploads\/2022\/09\/getstarted_02-400x866.jpg 400w, https:\/\/thecirkl.app\/wp-content\/uploads\/2022\/09\/getstarted_02-473x1024.jpg 473w, https:\/\/thecirkl.app\/wp-content\/uploads\/2022\/09\/getstarted_02-600x1299.jpg 600w, https:\/\/thecirkl.app\/wp-content\/uploads\/2022\/09\/getstarted_02-710x1536.jpg 710w, https:\/\/thecirkl.app\/wp-content\/uploads\/2022\/09\/getstarted_02-768x1662.jpg 768w, https:\/\/thecirkl.app\/wp-content\/uploads\/2022\/09\/getstarted_02-800x1731.jpg 800w, https:\/\/thecirkl.app\/wp-content\/uploads\/2022\/09\/getstarted_02-946x2048.jpg 946w, https:\/\/thecirkl.app\/wp-content\/uploads\/2022\/09\/getstarted_02-scaled.jpg 1183w, https:\/\/thecirkl.app\/wp-content\/uploads\/2022\/09\/getstarted_02-1200x2597.jpg 1200w\" data-sizes=\"auto\" \/><\/div><\/div><\/div><div class=\"swiper-slide\"><div class=\"fusion-carousel-item-wrapper\"><div class=\"fusion-image-wrapper hover-type-none\"><img decoding=\"async\" width=\"1183\" height=\"2560\" src=\"https:\/\/thecirkl.app\/wp-content\/uploads\/2022\/09\/getstarted_01-scaled.jpg\" class=\"attachment-full size-full lazyload\" alt=\"\" srcset=\"data:image\/svg+xml,%3Csvg%20xmlns%3D%27http%3A%2F%2Fwww.w3.org%2F2000%2Fsvg%27%20width%3D%271183%27%20height%3D%272560%27%20viewBox%3D%270%200%201183%202560%27%3E%3Crect%20width%3D%271183%27%20height%3D%272560%27%20fill-opacity%3D%220%22%2F%3E%3C%2Fsvg%3E\" data-orig-src=\"https:\/\/thecirkl.app\/wp-content\/uploads\/2022\/09\/getstarted_01-scaled.jpg\" data-srcset=\"https:\/\/thecirkl.app\/wp-content\/uploads\/2022\/09\/getstarted_01-200x433.jpg 200w, https:\/\/thecirkl.app\/wp-content\/uploads\/2022\/09\/getstarted_01-231x500.jpg 231w, https:\/\/thecirkl.app\/wp-content\/uploads\/2022\/09\/getstarted_01-400x866.jpg 400w, https:\/\/thecirkl.app\/wp-content\/uploads\/2022\/09\/getstarted_01-473x1024.jpg 473w, https:\/\/thecirkl.app\/wp-content\/uploads\/2022\/09\/getstarted_01-600x1299.jpg 600w, https:\/\/thecirkl.app\/wp-content\/uploads\/2022\/09\/getstarted_01-710x1536.jpg 710w, https:\/\/thecirkl.app\/wp-content\/uploads\/2022\/09\/getstarted_01-768x1662.jpg 768w, https:\/\/thecirkl.app\/wp-content\/uploads\/2022\/09\/getstarted_01-800x1731.jpg 800w, https:\/\/thecirkl.app\/wp-content\/uploads\/2022\/09\/getstarted_01-946x2048.jpg 946w, https:\/\/thecirkl.app\/wp-content\/uploads\/2022\/09\/getstarted_01-scaled.jpg 1183w, https:\/\/thecirkl.app\/wp-content\/uploads\/2022\/09\/getstarted_01-1200x2597.jpg 1200w\" data-sizes=\"auto\" \/><\/div><\/div><\/div><\/div><div class=\"awb-swiper-button awb-swiper-button-prev\"><i class=\"awb-icon-angle-left\" aria-hidden=\"true\"><\/i><\/div><div class=\"awb-swiper-button awb-swiper-button-next\"><i class=\"awb-icon-angle-right\" aria-hidden=\"true\"><\/i><\/div><\/div><\/div><\/div><\/div><\/div><\/div><\/p>\n","protected":false},"excerpt":{"rendered":"","protected":false},"author":1,"featured_media":0,"parent":0,"menu_order":0,"comment_status":"closed","ping_status":"closed","template":"","meta":{"footnotes":""},"class_list":["post-1246","page","type-page","status-publish","hentry"],"aioseo_notices":[],"_links":{"self":[{"href":"https:\/\/thecirkl.app\/sv\/wp-json\/wp\/v2\/pages\/1246","targetHints":{"allow":["GET"]}}],"collection":[{"href":"https:\/\/thecirkl.app\/sv\/wp-json\/wp\/v2\/pages"}],"about":[{"href":"https:\/\/thecirkl.app\/sv\/wp-json\/wp\/v2\/types\/page"}],"author":[{"embeddable":true,"href":"https:\/\/thecirkl.app\/sv\/wp-json\/wp\/v2\/users\/1"}],"replies":[{"embeddable":true,"href":"https:\/\/thecirkl.app\/sv\/wp-json\/wp\/v2\/comments?post=1246"}],"version-history":[{"count":6,"href":"https:\/\/thecirkl.app\/sv\/wp-json\/wp\/v2\/pages\/1246\/revisions"}],"predecessor-version":[{"id":1927,"href":"https:\/\/thecirkl.app\/sv\/wp-json\/wp\/v2\/pages\/1246\/revisions\/1927"}],"wp:attachment":[{"href":"https:\/\/thecirkl.app\/sv\/wp-json\/wp\/v2\/media?parent=1246"}],"curies":[{"name":"wp","href":"https:\/\/api.w.org\/{rel}","templated":true}]}}