{"id":1038,"date":"2021-09-24T09:48:59","date_gmt":"2021-09-24T09:48:59","guid":{"rendered":"https:\/\/thecirkl.app\/?page_id=1038"},"modified":"2022-11-04T07:15:59","modified_gmt":"2022-11-04T07:15:59","slug":"terms","status":"publish","type":"page","link":"https:\/\/thecirkl.app\/sv\/terms\/","title":{"rendered":"Terms and Conditions"},"content":{"rendered":"<div class=\"fusion-fullwidth fullwidth-box fusion-builder-row-1 fusion-flex-container nonhundred-percent-fullwidth non-hundred-percent-height-scrolling\" style=\"--awb-border-radius-top-left:0px;--awb-border-radius-top-right:0px;--awb-border-radius-bottom-right:0px;--awb-border-radius-bottom-left:0px;--awb-flex-wrap:wrap;\" ><div class=\"fusion-builder-row fusion-row fusion-flex-align-items-flex-start fusion-flex-content-wrap\" style=\"max-width:1216.8px;margin-left: calc(-4% \/ 2 );margin-right: calc(-4% \/ 2 );\"><div class=\"fusion-layout-column fusion_builder_column fusion-builder-column-0 fusion_builder_column_1_1 1_1 fusion-flex-column\" style=\"--awb-bg-blend:overlay;--awb-bg-size:cover;--awb-width-large:100%;--awb-margin-top-large:0px;--awb-spacing-right-large:1.92%;--awb-margin-bottom-large:0px;--awb-spacing-left-large:1.92%;--awb-width-medium:100%;--awb-order-medium:0;--awb-spacing-right-medium:1.92%;--awb-spacing-left-medium:1.92%;--awb-width-small:100%;--awb-order-small:0;--awb-spacing-right-small:1.92%;--awb-spacing-left-small:1.92%;\"><div class=\"fusion-column-wrapper fusion-column-has-shadow fusion-flex-justify-content-flex-start fusion-content-layout-column\"><div class=\"fusion-text fusion-text-1\" style=\"--awb-text-font-family:&quot;Nunito&quot;;--awb-text-font-style:normal;--awb-text-font-weight:400;\"><p><strong>ANV\u00c4NDARVILLKOR F\u00d6R CIRKL<\/strong><\/p>\n<p><strong>1. INLEDNING<\/strong><\/p>\n<p><strong>F\u00f6r att anv\u00e4nda CIRKL m\u00e5ste du f\u00f6rst godk\u00e4nna Anv\u00e4ndarvillkoren. <\/strong><\/p>\n<p>Vi \u00e4r The CIRKL AB, ett svenskt f\u00f6retag (h\u00e4danefter \u201cCIRKL\u201d, \u201cVi, \u201cOss\u201d, \u201cV\u00e5r\u201d, \u201cV\u00e5rt\u201d). CIRKL driver en Tj\u00e4nst, \u00e5tkomlig via en applikation (h\u00e4danefter \u201capplikationen\u201d, \u201dappen\u201d).<\/p>\n<p>De h\u00e4r anv\u00e4ndarvillkoren (Villkoren) g\u00e4ller mellan CIRKL och dig, och reglerar din \u00e5tkomst till och anv\u00e4ndning av Tj\u00e4nsten. Det \u00e4r viktigt att du l\u00e4ser igenom anv\u00e4ndarvillkoren noga innan du anv\u00e4nder appen eftersom villkoren beskriver skyldigheterna mellan dig och oss, CIRKL.<\/p>\n<p>Genom att registrera dig som anv\u00e4ndare av CIRKL och anv\u00e4nda tj\u00e4nsten godk\u00e4nner du att bli r\u00e4ttsligt bunden av Villkoren. Om du inte samtycker med Villkoren och inte \u00f6nskar att bli bunden av dem kan du inte anv\u00e4nda Tj\u00e4nsten.<\/p>\n<p>CIRKL erbjuder en global Tj\u00e4nst, d\u00e4rf\u00f6r kan specifika versioner av Villkor vara g\u00e4llande i olika delar av v\u00e4rlden. Denna version av Villkor ska vara till\u00e4mplig i Sverige. Andra villkor \u00e4r g\u00e4llande i andra l\u00e4nder.<\/p>\n<p><strong>2. OM TJ\u00c4NSTEN<\/strong><\/p>\n<p><strong>CIRKL \u00e4r ett digitalt verktyg d\u00e4r familjer och andra konstellationer kan planera sin vardag, \u00e4ven tillsammans med andra i samma situation. <\/strong><\/p>\n<p>CIRKL AB erbjuder en app, avsett att anv\u00e4ndas av f\u00f6r\u00e4ldrar, barn och andra vuxna f\u00f6r att hj\u00e4lpa familjen planera sin vardag (Tj\u00e4nsten).<\/p>\n<p>Tj\u00e4nsten tillg\u00e4ngligg\u00f6rs genom v\u00e5r Applikation f\u00f6r mobila enheter (\u201capplikationen\u201d, \u201dappen\u201d)<\/p>\n<p><strong>3. F\u00d6R\u00c4LDRARS OCH BARNS ANV\u00c4NDANDE AV TJ\u00c4NSTEN.<\/strong><\/p>\n<p><strong>Om du \u00e4r yngre \u00e4n 18 \u00e5r m\u00e5ste du ha din f\u00f6r\u00e4lders\/v\u00e5rdnadshavares godk\u00e4nnande f\u00f6r att anv\u00e4nda CIRKL. <\/strong><\/p>\n<p>F\u00f6r att anv\u00e4nda Tj\u00e4nsten m\u00e5ste du vara \u00f6ver 18 \u00e5r eller \u00e4ldre, alternativt ha din F\u00f6r\u00e4lders eller V\u00e5rdnadshavares samtycke.<\/p>\n<p>Om du, som f\u00f6r\u00e4lder eller v\u00e5rdnadshavare, till\u00e5ter ditt barn att anv\u00e4nda Tj\u00e4nsten ska du s\u00e4kerst\u00e4lla att ditt barn \u00e4r medvetet om hur barnet kan anv\u00e4nda Tj\u00e4nsten. Du som v\u00e5rdnadshavare \u00e4r ansvarig f\u00f6r barnets anv\u00e4ndning av Tj\u00e4nsten, under f\u00f6r\u00e4ldraansvar. Vi uppmanar dig att regelbundet prata med ditt barn om och hur det anv\u00e4nder Tj\u00e4nsten.<\/p>\n<p><strong>4. DINA SKYLDIGHETER N\u00c4R DU ANV\u00c4NDER TJ\u00c4NSTEN<\/strong><\/p>\n<ul>\n<li><strong>Du \u00e4r ansvarig f\u00f6r ditt anv\u00e4ndarkonto.<\/strong><\/li>\n<li><strong>Du m\u00e5ste uppge korrekt information.<\/strong><\/li>\n<li><strong>Om du inte kan komma in p\u00e5 ditt konto eller misst\u00e4nker att du har blivit hackad, ber\u00e4tta det f\u00f6r CIRKL direkt.<\/strong><\/li>\n<li><strong>Det \u00e4r f\u00f6rbjudet att anv\u00e4nda CIRKL f\u00f6r kommersiella \u00e4ndam\u00e5l.<\/strong><\/li>\n<li><strong>Det \u00e4r f\u00f6rbjudet att kopiera, modifiera, p\u00e5verka eller samla information fr\u00e5n CIRKL.<\/strong><\/li>\n<li><strong>Det \u00e4r f\u00f6rbjudet att anv\u00e4nda CIRKL f\u00f6r kr\u00e4nkningar, trakasserier, sexuella trakasserier samt att skapa os\u00e4mja.<\/strong><\/li>\n<li><strong>Det \u00e4r f\u00f6rbjudet att l\u00e4gga upp st\u00f6tande inneh\u00e5ll.<\/strong><\/li>\n<li><strong>Om du bryter mot reglerna kan du beh\u00f6va betala f\u00f6r kostnader som kan ha uppst\u00e5tt av regelbrytandet och st\u00e5 till svars f\u00f6r eventuella r\u00e4ttsliga p\u00e5f\u00f6ljder.<\/strong><\/li>\n<\/ul>\n<p>F\u00f6r att f\u00e5 \u00e5tkomst till Tj\u00e4nsten m\u00e5ste du acceptera och godk\u00e4nna Villkoren och skapa ett anv\u00e4ndarkonto genom att registrera vissa personliga uppgifter, inkluderat e-postadress eller Apple Sign In eller Googla Play ID (&#8220;Anv\u00e4ndarkonto&#8221;).<\/p>\n<p>Du \u00e4r ansvarig f\u00f6r att anv\u00e4nda Tj\u00e4nsten p\u00e5 ett lagligt och ansvarsfullt s\u00e4tt i enlighet med dessa Villkor. Ditt anv\u00e4ndande av Tj\u00e4nsten ska d\u00e4rf\u00f6r ske efter f\u00f6ljande skyldigheter:<\/p>\n<ul>\n<li>Du \u00e4r ansvarig f\u00f6r att ge komplett, sann och korrekt kontakt-, konto- och betalningsinformation och f\u00f6r att s\u00e4kerst\u00e4lla att s\u00e5dan information h\u00e5lls uppdaterad. Du \u00e4r ocks\u00e5 ansvarig att s\u00e4kerst\u00e4lla att annan information som du eventuellt \u00f6verf\u00f6r till CIRKL som en anv\u00e4ndare av Tj\u00e4nsten, enligt din vetskap, inte \u00e4r falsk, inte \u00e4r st\u00f6tande eller p\u00e5 annat s\u00e4tt kan korrumpera eller st\u00f6ra Tj\u00e4nsten.<\/li>\n<li>Du \u00e4r ansvarig f\u00f6r att allt anv\u00e4ndande av Tj\u00e4nsten som sker under ditt anv\u00e4ndarnamn. Om din e-postadress eller den enhet du anv\u00e4nder f\u00f6r att f\u00e5 \u00e5tkomst till tj\u00e4nsten har f\u00f6rlorats eller stulits eller om du har sk\u00e4l att misst\u00e4nka att det har f\u00f6rekommit en obeh\u00f6rig tillg\u00e5ng till ditt anv\u00e4ndarkonto, var v\u00e4nlig kontakta CIRKL omedelbart.<\/li>\n<li>Du f\u00e5r inte anv\u00e4nda tj\u00e4nsten i n\u00e5gra kommersiella syften eller andra syften som inte \u00e4r relaterade till Tj\u00e4nstens syfte (att anv\u00e4ndas av barn, f\u00f6r\u00e4ldrar\/v\u00e5rdnadshavare och andra vuxna godk\u00e4nda av f\u00f6r\u00e4ldern\/v\u00e5rdnadshavaren.)<\/li>\n<li>Du f\u00e5r inte kopiera (om inte uttryckligt till\u00e5tet i dessa Villkor), avkoda, f\u00f6r\u00e4ndra, arrangera, f\u00f6rs\u00f6ka att f\u00e5 \u00e5tkomst till k\u00e4llkoden, modifiera eller skapa egna varianter eller versioner av tj\u00e4nsten. Kopiering av information publicerad av Cirkl eller av Cirkls samarbetspartners i Applikationen, inkluderat tredjepartinformation tillg\u00e4nglig via Tj\u00e4nsten, \u00e4r strikt f\u00f6rbjuden.<\/li>\n<li>Tj\u00e4nsten f\u00e5r inte anv\u00e4ndas p\u00e5 n\u00e5got s\u00e4tt som \u00e4r olagligt, skadligt eller kan anses st\u00f6tande av CIRKL, andra anv\u00e4ndare eller tredje parter. S\u00e4rskilt f\u00e5r du inte anv\u00e4nda Tj\u00e4nsten p\u00e5 n\u00e5got s\u00e4tt f\u00f6r att trakassera, utnyttja, hota, f\u00f6rtala eller p\u00e5 annat s\u00e4tt kr\u00e4nka annans r\u00e4ttigheter. CIRKL \u00e4r inte ansvariga f\u00f6r s\u00e5dan anv\u00e4ndning av annan anv\u00e4ndare eller part men CIRKL uppmuntrar dig att rapportera alla incidenter till CIRKL (s\u00e5som trakasserier, hot, f\u00f6rtal, st\u00f6tande eller olagliga meddelanden).<\/li>\n<\/ul>\n<p>Om du bryter mot n\u00e5got av dessa Villkor, eller om r\u00e4ttsligt ansvar resulterar fr\u00e5n ditt anv\u00e4ndande av Tj\u00e4nsten, kommer du att bli ansvarig f\u00f6r kostnader och utgifter, inkluderat r\u00e4ttsliga avgifter och kostnader, som vi eller v\u00e5ra anst\u00e4llda, uppdragstagare eller medarbetare \u00e5samkas som ett resultat. Detta inkluderar alla kostnader som resulterar fr\u00e5n att n\u00e5gon annan anv\u00e4nder din information, eller CIRKL-konto, s\u00e5vida du inte kan bevisa att det har anv\u00e4nts bedr\u00e4gligt.<\/p>\n<p>CIRKL inneh\u00e5ller funktioner s\u00e5 att anv\u00e4ndarna kan rapportera uppfattat st\u00f6tande inneh\u00e5ll och uppfattat missbruk av tj\u00e4nsten. Dessa rapporter behandlas av CIRKL inom 24 timmar och kan i f\u00f6rekommande fall resultera i att anv\u00e4ndare som missbrukar tj\u00e4nsten blockeras och avtalet avslutas (se mer under<em> 6. Avslutande eller avst\u00e4ngning av tj\u00e4nsten<\/em>).<\/p>\n<p><strong>5. PERSONLIGA UPPGIFTER OCH INTEGRITET<\/strong><\/p>\n<p><strong>L\u00e4s v\u00e5r integritetspolicy om hur vi behandlar dina personuppgifter.<\/strong><\/p>\n<p>Vi tar din integritet p\u00e5 st\u00f6rsta allvar. D\u00e4rf\u00f6r skyddar vi din personliga information och kommer endast att behandla dina personuppgifter i enlighet med v\u00e5r Integritetspolicy.<\/p>\n<p><strong>6. AVSLUTANDE ELLER AVST\u00c4NGNING AV TJ\u00c4NSTEN<\/strong><\/p>\n<ul>\n<li><strong>Om du raderar ditt konto avslutar du avtalet. <\/strong><\/li>\n<\/ul>\n<p><strong>Om du bryter mot reglerna och dina skyldigheter kommer vi avsluta avtalet. Se mer under punkt <em>4. Dina skyldigheter n\u00e4r du anv\u00e4nder tj\u00e4nsten.<\/em><\/strong><\/p>\n<p>Du kan s\u00e4ga upp ditt avtal med Cirkl n\u00e4r som helst genom att radera ditt konto i Cirkl-applikationerna och avsluta ditt anv\u00e4ndande av Tj\u00e4nsten.<\/p>\n<p>CIRKL kan s\u00e4ga upp avtalet med dig, enligt dessa Villkor, och st\u00e4nga av eller avsluta ditt anv\u00e4ndande av och tillg\u00e5ng till Tj\u00e4nsten om n\u00e5got av det f\u00f6ljande intr\u00e4ffar:<\/p>\n<ul>\n<li>Du bryter mot v\u00e5ra Villkor.<\/li>\n<li>Du \u00e4r f\u00f6rsenad med betalning.<\/li>\n<li>Du ger inte, n\u00e4r du blir tillfr\u00e5gad, den information vi beh\u00f6ver f\u00f6r att kontrollera din identitet eller giltigheten i n\u00e5gon information du givit oss.<\/li>\n<li>Om du l\u00e4gger upp st\u00f6tande inneh\u00e5ll eller missbrukar Tj\u00e4nsten.<\/li>\n<li>Vi misst\u00e4nker att du \u00e4r, eller har varit, inblandad i bedr\u00e4glig eller olaglig verksamhet n\u00e4r du anv\u00e4nder Tj\u00e4nsten.<\/li>\n<\/ul>\n<p>Vid upps\u00e4gning av ditt avtal med oss m\u00e5ste du sluta anv\u00e4nda Tj\u00e4nsten.<\/p>\n<p>Cirkl har ocks\u00e5 r\u00e4tt att s\u00e4ga upp avtalet med dig utan att uppge anledning.<\/p>\n<p><strong>7. \u00c4GANDER\u00c4TTER<\/strong><\/p>\n<p><strong>Vi beh\u00e5ller alla r\u00e4ttigheter till upphovsr\u00e4tt, varum\u00e4rken och andra immateriella r\u00e4ttigheter.<\/strong><\/p>\n<p>Tj\u00e4nsten \u00e4r skyddad av Upphovsr\u00e4ttsliga lagar och internationella upphovsr\u00e4ttsliga instrument och \u00e4ven andra lagar och regelverk som r\u00f6r \u00e4gander\u00e4tter och immateriella r\u00e4ttigheter. CIRKL och dess licensgivare ska beh\u00e5lla \u00e4gander\u00e4tt i och till Tj\u00e4nsten och alla relaterade immateriella r\u00e4ttigheter, inkluderat utan begr\u00e4nsning varum\u00e4rken, firmanamn, databas-r\u00e4ttigheter och patent. Du \u00e5tnjuter en licens med endast en begr\u00e4nsad r\u00e4tt att anv\u00e4nda Tj\u00e4nsten som beskrivet i och f\u00f6rem\u00e5l f\u00f6r dessa Villkor.<\/p>\n<p>Licensen till\u00e5ter dig inte att anv\u00e4nda CIRKL:s namn, varum\u00e4rken eller andra kommersiella symboler. Alla r\u00e4ttigheter och licenser som inte uttryckligt tilldelas dig i dessa Villkor beh\u00e5lls av CIRKL.<\/p>\n<p><strong>8. ANSVARSBEGR\u00c4NSNING<\/strong><\/p>\n<ul>\n<li><strong>Vi kan inte garantera att CIRKL alltid kommer att fungera perfekt.<\/strong><\/li>\n<li><strong>Vi \u00e4r inte ansvariga f\u00f6r saker utanf\u00f6r v\u00e5r kontroll och skador som resulterar fr\u00e5n s\u00e5dana saker.<\/strong><\/li>\n<li><strong>Du beh\u00f6ver sj\u00e4lv ta l\u00e4mpliga s\u00e4kerhets\u00e5tg\u00e4rder.<\/strong><\/li>\n<\/ul>\n<p>Vi kan inte garantera att din tillg\u00e5ng till v\u00e5r hemsida, eller dess inneh\u00e5ll, kommer att levereras oavbrutet och felfritt, eller att hemsidan kommer att vara fri fr\u00e5n virus eller andra skadliga egenskaper. Det \u00e4r ditt ansvar att ha tillfredsst\u00e4llande skydd och rutiner p\u00e5 plats f\u00f6r att s\u00e4kerst\u00e4lla att material som du erh\u00e5ller fr\u00e5n v\u00e5r hemsida \u00e4r fri fr\u00e5n skadliga egenskaper.<\/p>\n<p>Cirkl kontrollerar och \u00f6vervakar inneh\u00e5ll som tillg\u00e4ngligg\u00f6rs av Anv\u00e4ndarna eller andra tredje parter via Tj\u00e4nsten, men kan oavsett inte garantera dess ursprung eller korrekthet. Cirkl \u00e4r inte ansvarigt och kan inte h\u00e5llas ansvariga f\u00f6r giltigheten och korrektheten av inneh\u00e5llet som erh\u00e5lls i samband med anv\u00e4ndandet av Tj\u00e4nsten. All anv\u00e4ndning av information som erh\u00e5llits genom anv\u00e4ndandet av tj\u00e4nsten ska g\u00f6ras efter ditt eget omd\u00f6me och p\u00e5 din egen risk.<\/p>\n<p>Vi har vidtagit alla \u00e5tg\u00e4rder i syfte att motverka internetbedr\u00e4geri och att s\u00e4kerst\u00e4lla att all data som inh\u00e4mtas fr\u00e5n dig h\u00e5lls s\u00e4ker. I det extremt osannolika fallet av ett intr\u00e5ng i v\u00e5ra s\u00e4kra dataservers kan vi inte h\u00e5llas ansvariga.<\/p>\n<p>Inte under n\u00e5gra omst\u00e4ndigheter kan vi h\u00e5llas ansvariga f\u00f6r direkt, indirekt, ideell eller annan form av f\u00f6rlust eller skada som resulterar fr\u00e5n ditt anv\u00e4ndande av tj\u00e4nsten.<\/p>\n<p>Cirkl \u00e4r inte ansvariga f\u00f6r f\u00f6rseningar eller f\u00f6rluster orsakade av omst\u00e4ndigheter utanf\u00f6r v\u00e5r kontroll.<\/p>\n<p><strong>9. \u00d6VERF\u00d6RING OCH TILLDELNING<\/strong><\/p>\n<p><strong>Vi kan \u00f6verf\u00f6ra r\u00e4ttigheterna eller skyldigheterna i dessa villkor till ett annat f\u00f6retag.<\/strong><\/p>\n<p>Cirkl kan komma att tilldela och \u00f6verf\u00f6ra r\u00e4ttigheter och skyldigheter under dessa Villkor till tredje part som Cirkl samarbetar med. Cirkl kommer meddela dig om s\u00e5dan \u00f6verf\u00f6ring eller tilldelning om det p\u00e5verkar dina r\u00e4ttigheter under dessa villkor.<\/p>\n<p><strong>10. SUPPORT OCH FEEDBACK<\/strong><\/p>\n<p><strong>Vi har ingen skyldighet att alltid ge dig kundservice eller erbjuda uppdateringar.<\/strong><\/p>\n<p>Cirkl str\u00e4var efter att ge korrekt och effektiv teknisk support, uppgraderingar och uppdateringar av Tj\u00e4nsten. Cirkl ska dock inte ha en skyldighet att ge support eller underh\u00e5ll av Tj\u00e4nsten under dessa Villkor och beh\u00e5ller r\u00e4tten att kunna begr\u00e4nsa supporten, uppgraderingar och uppdateringar.<\/p>\n<p>Om du publicerar fr\u00e5gor eller omd\u00f6men p\u00e5 v\u00e5r hemsida, app store, v\u00e5ra sociala medier \u00e4ger du upphovsr\u00e4tt till texten. Dock ger du oss r\u00e4tten att \u00e5terpublicera texten p\u00e5 v\u00e5r hemsida och att distribuera, tillg\u00e4ngligg\u00f6ra eller s\u00e4lja texten i print eller elektronisk form vart som helst i v\u00e4rlden som en del av en redigerad sammanst\u00e4llning eller p\u00e5 annat s\u00e4tt.<\/p>\n<p><strong>11. \u00c4NDRINGAR I TJ\u00c4NSTEN OCH VILLKOREN<\/strong><\/p>\n<ul>\n<li><strong>Vi kan \u00e4ndra dessa villkor genom att l\u00e4gga upp nya versioner p\u00e5 hemsidan.<\/strong><\/li>\n<li><strong>Om det handlar om stora \u00e4ndringar kommer vi att kontakta dig direkt i appen eller via e-post.<\/strong><\/li>\n<\/ul>\n<p>Cirkl kan n\u00e4rsomhelst, med eller utan f\u00f6rvarning \u00e4ndra Villkoren genom att l\u00e4gga nya versioner av Villkoren p\u00e5 v\u00e5r hemsida. Du hittar alltid den senaste versionen av villkoren p\u00e5 hemsidan. Om inget annat datum \u00e4r sagt, blir de nya versionerna av Villkoren g\u00e4llande 30 dagar efter publicering p\u00e5 hemsidan.<\/p>\n<p>I fall av v\u00e4sentliga f\u00f6r\u00e4ndringar kommer du bli meddelad genom meddelande i appen eller genom notis p\u00e5 hemsidan.<\/p>\n<p><strong>12. KONTAKTINFORMATION<\/strong><\/p>\n<p><strong>Om du har n\u00e5gra fr\u00e5gor, kontakta oss.<\/strong><\/p>\n<p>Om du har ytterligare fr\u00e5gor om CIRKL:s villkor eller vill g\u00f6ra en beg\u00e4ran om viss information uppmuntras du att kontakta CIRKL.<\/p>\n<p>Kontaktinformationen \u00e4r:<\/p>\n<p>The Cirkl AB, 559262-1378.<\/p>\n<p>Du kan ocks\u00e5 skicka fr\u00e5gor till <a href=\"mailto:info@thecirkl.app\">info@thecirkl.app<\/a><\/p>\n<p><em>Dessa villkor uppdaterades den 9 september 2022. <\/em><\/p>\n<\/div><\/div><\/div><\/div><\/div>\n","protected":false},"excerpt":{"rendered":"","protected":false},"author":1,"featured_media":0,"parent":0,"menu_order":0,"comment_status":"closed","ping_status":"closed","template":"","meta":{"footnotes":""},"class_list":["post-1038","page","type-page","status-publish","hentry"],"aioseo_notices":[],"_links":{"self":[{"href":"https:\/\/thecirkl.app\/sv\/wp-json\/wp\/v2\/pages\/1038","targetHints":{"allow":["GET"]}}],"collection":[{"href":"https:\/\/thecirkl.app\/sv\/wp-json\/wp\/v2\/pages"}],"about":[{"href":"https:\/\/thecirkl.app\/sv\/wp-json\/wp\/v2\/types\/page"}],"author":[{"embeddable":true,"href":"https:\/\/thecirkl.app\/sv\/wp-json\/wp\/v2\/users\/1"}],"replies":[{"embeddable":true,"href":"https:\/\/thecirkl.app\/sv\/wp-json\/wp\/v2\/comments?post=1038"}],"version-history":[{"count":8,"href":"https:\/\/thecirkl.app\/sv\/wp-json\/wp\/v2\/pages\/1038\/revisions"}],"predecessor-version":[{"id":2398,"href":"https:\/\/thecirkl.app\/sv\/wp-json\/wp\/v2\/pages\/1038\/revisions\/2398"}],"wp:attachment":[{"href":"https:\/\/thecirkl.app\/sv\/wp-json\/wp\/v2\/media?parent=1038"}],"curies":[{"name":"wp","href":"https:\/\/api.w.org\/{rel}","templated":true}]}}